{"id":487,"date":"2022-09-02T10:29:34","date_gmt":"2022-09-02T10:29:34","guid":{"rendered":"http:\/\/becomewomancoder.eu\/?page_id=487"},"modified":"2022-10-14T14:35:10","modified_gmt":"2022-10-14T14:35:10","slug":"training-professionals","status":"publish","type":"page","link":"https:\/\/becomewomancoder.eu\/fi\/training-professionals\/","title":{"rendered":"Koulutuksen ammattilaiset"},"content":{"rendered":"<p><\/p>\n<style>\n@media only screen and (max-width:600px){\n.test-logo{\nmax-width: 45% !important;\n}\n.hexagons{\nmax-width: 30% !important;\n}\n}\n.question-category {\n    background-color: #633b9f;\n    color: #ff7879;\n    padding: 2px;\n}\nfooter.entry-footer {\n    display: none;\n}\n.radio {\n    color: black;\n}\n.page.boxed #content.site-content article, .page.contentbox #content.site-content article {\n    padding: 0;\n}\n.caldera-grid .col-sm-12 {\n    padding: 30px;\n}\n.imgs-header {\n    display: flex;\n    justify-content: space-between;\n}\n.test-logo{\n    max-width: 20%;\n    height: 20%;\n}\nh1.entry-title {\n    display: none;\n}\n.checkbox {\n    color: black;\n}\ni {\n    font-size: 15px !important;\n    line-height: 50px !important;\n    color: #f4b05a;\n}\n.control-label {\n    color: #633b9f;\n    line-height: 40px !important;\n    font-size: 19px !important;\n    font-style: italic;\n}\n.site-content #primary {\n    width: 100%;\n}\nb{\n    color: #4F1A6A\n}\nh2 {\n    color: #ff5052;\n}\n.interacty_padding {\n    padding: 80.5% 0 0 0px !important;\n}\nh3.total-line {\n    display: none;\n}\ndiv > h1 > b {\n    color: #ff5052;\n}\n.control-label {\n    color: black;\n}\n.caldera-grid label {\n    font-weight: 700;\n    font-size: 16px;\n    line-height: 30px;\n}\n.entry-content p {\n    margin-bottom: 10px;\n    line-height: 2.0;\n    color: black;\n}\n<\/style>\n<div class=\"imgs-header\">\n<img loading=\"lazy\" src=\"http:\/\/becomewomancoder.eu\/wp-content\/uploads\/2020\/11\/logo.png\" alt=\"\" style=\"padding: 1%;\" width=\"4717\" height=\"1999\" class=\"test-logo\"\/><br \/>\n<img loading=\"lazy\" src=\"http:\/\/becomewomancoder.eu\/wp-content\/uploads\/2021\/08\/Immagine-2022-08-29-103903.jpg\" alt=\"\" style=\"max-width: 13%;\" width=\"4717\" height=\"1999\" class=\"hexagons\"\/>\n<\/div>\n<div class=\"caldera-grid\" id=\"caldera_form_3\" data-cf-ver=\"1.9.7\" data-cf-form-id=\"CF63490558f3640\"><div id=\"caldera_notices_3\" data-spinner=\"https:\/\/becomewomancoder.eu\/wp-admin\/images\/spinner.gif\"><\/div><form data-instance=\"3\" class=\"CF63490558f3640 caldera_forms_form cfajax-trigger\" method=\"POST\" enctype=\"multipart\/form-data\" id=\"CF63490558f3640_3\" data-form-id=\"CF63490558f3640\" aria-label=\"Training Professionals FI\" data-target=\"#caldera_notices_3\" data-template=\"#cfajax_CF63490558f3640-tmpl\" data-cfajax=\"CF63490558f3640\" data-load-element=\"_parent\" data-load-class=\"cf_processing\" data-post-disable=\"0\" data-action=\"cf_process_ajax_submit\" data-request=\"https:\/\/becomewomancoder.eu\/fi\/cf-api\/CF63490558f3640\" data-hiderows=\"true\">\r\n<input type=\"hidden\" id=\"_cf_verify_CF63490558f3640\" name=\"_cf_verify\" value=\"91b852b43b\"  data-nonce-time=\"1777540876\" \/><input type=\"hidden\" name=\"_wp_http_referer\" value=\"\/fi\/wp-json\/wp\/v2\/pages\/487\" \/><div id=\"cf2-CF63490558f3640_3\"><\/div><input type=\"hidden\" name=\"_cf_frm_id\" value=\"CF63490558f3640\">\r\n<input type=\"hidden\" name=\"_cf_frm_ct\" value=\"3\">\r\n<input type=\"hidden\" name=\"cfajax\" value=\"CF63490558f3640\">\r\n<input type=\"hidden\" name=\"_cf_cr_pst\" value=\"487\">\r\n<div class=\"hide\" style=\"display:none; overflow:hidden;height:0;width:0;\">\r\n<label>S\u00e4hk\u00f6postiosoite<\/label><input type=\"text\" name=\"email\" value=\"\" autocomplete=\"off\">\r\n<\/div><div id=\"form_page_3_pg_1\" data-formpage=\"1\" class=\"caldera-form-page\" style=\"display:block;\" role=\"region\" aria-labelledby=\"breadcrumb_3_pg_1\" aria-hidden=\"false\"><div id=\"CF63490558f3640_3-row-1\"  class=\"row  first_row\"><div  class=\"col-sm-12  first_col\"><div class=\"\"><h1 class=\"category-test-title\">Verkkokoulutuskurssi, k\u00e4ytt\u00f6valmis!<\/h1>\n<p>Hei ja tervetuloa \"\"Becoming a women coder\"\" -koulutusalustalle!<\/p>\n<p>T\u00e4m\u00e4n koulutuksen tavoitteena on mahdollistaa entist\u00e4 useammat ty\u00f6tt\u00f6m\u00e4t tai v\u00e4h\u00e4n koulutetut naiset harkitsemaan ohjelmistoalant\u00f6it\u00e4 tarjoamalla koulutusv\u00e4lineit\u00e4 ty\u00f6llistymisen ammattilaisille. <b>Miksi ohjelmistoalanty\u00f6t?<\/b> Koska he maksavat enemm\u00e4n, tarjoavat enemm\u00e4n joustavuutta ja rekrytoijat etsiv\u00e4t jatkuvasti uusia profiileja.<\/p>\n<p>Olemme <b>laatineet oppaan, jossa esittelemme sinulle kaikki kehitt\u00e4m\u00e4mme ty\u00f6kalut<\/b>, joihin p\u00e4\u00e4set \"Becoming a woman coder\" -koulutusalustalta, ja selit\u00e4mme kuinka niit\u00e4 voidaan k\u00e4ytt\u00e4\u00e4 koulutustarkoituksiin.<\/p>\n<p><b>Kaikki esitellyt koulutusty\u00f6kalut ovat ilmaisia<\/b>, niit\u00e4 voidaan k\u00e4ytt\u00e4\u00e4 uudelleen olemassa olevilla koulutuskursseilla ja muokata koulutustarpeiden mukaan.\"<\/p>\n<p><div class=\"ead-preview\"><div class=\"ead-document\" style=\"position: relative;\"><div class=\"ead-iframe-wrapper\"><iframe src=\"\/\/docs.google.com\/viewer?url=http%3A%2F%2Fbecomewomancoder.eu%2Fwp-content%2Fuploads%2F2022%2F10%2FIO7-Guide-FIN-1.pdf&amp;embedded=true&amp;hl=en\" title=\"Embedded Document\" class=\"ead-iframe\" style=\"width: 100%;height: 80%;border: none;min-height: 500px;visibility: hidden;\"><\/iframe><\/div>\t\t\t<div class=\"ead-document-loading\" style=\"width:100%;height:100%;position:absolute;left:0;top:0;z-index:10;\">\n\t\t\t\t<div class=\"ead-loading-wrap\">\n\t\t\t\t\t<div class=\"ead-loading-main\">\n\t\t\t\t\t\t<div class=\"ead-loading\">\n\t\t\t\t\t\t\t<img src=\"https:\/\/becomewomancoder.eu\/wp-content\/plugins\/embed-any-document\/images\/loading.svg\" width=\"55\" height=\"55\" alt=\"Loader\">\n\t\t\t\t\t\t\t<span>Loading...<\/span>\n\t\t\t\t\t\t<\/div>\n\t\t\t\t\t<\/div>\n\t\t\t\t\t<div class=\"ead-loading-foot\">\n\t\t\t\t\t\t<div class=\"ead-loading-foot-title\">\n\t\t\t\t\t\t\t<img src=\"https:\/\/becomewomancoder.eu\/wp-content\/plugins\/embed-any-document\/images\/EAD-logo.svg\" alt=\"EAD Logo\" width=\"36\" height=\"23\"\/>\n\t\t\t\t\t\t\t<span>Taking too long?<\/span>\n\t\t\t\t\t\t<\/div>\n\t\t\t\t\t\t<p>\n\t\t\t\t\t\t\t<div class=\"ead-document-btn ead-reload-btn\" role=\"button\">\n\t\t\t\t\t\t\t\t<img src=\"https:\/\/becomewomancoder.eu\/wp-content\/plugins\/embed-any-document\/images\/reload.svg\" alt=\"Reload\" width=\"12\" height=\"12\"\/> Reload document\t\t\t\t\t\t\t<\/div>\n\t\t\t\t\t\t\t<span>|<\/span>\n\t\t\t\t\t\t\t<a href=\"http:\/\/becomewomancoder.eu\/wp-content\/uploads\/2022\/10\/IO7-Guide-FIN-1.pdf\" class=\"ead-document-btn\" target=\"_blank\">\n\t\t\t\t\t\t\t\t<img src=\"https:\/\/becomewomancoder.eu\/wp-content\/plugins\/embed-any-document\/images\/open.svg\" alt=\"Open\" width=\"12\" height=\"12\"\/> Open in new tab\t\t\t\t\t\t\t<\/a>\n\t\t\t\t\t<\/div>\n\t\t\t\t<\/div>\n\t\t\t<\/div>\n\t\t<\/div><\/div><\/p>\n<p><center><br \/>\n<a class=\"badge-button\" href=\"\/wp-content\/uploads\/2022\/10\/IO7-Guide-FIN-1.pdf\" download='Training Platform Guide'>Download in PDF<\/a><\/center><\/p>\n<\/div><div data-field-wrapper=\"fld_6958477\" class=\"form-group\" id=\"fld_6958477_3-wrap\">\r\n<div class=\"\">\r\n\t<input  class=\"btn btn-default cf-page-btn cf-page-btn-next\" type=\"button\" name=\"fld_6958477\" id=\"fld_6958477_3\" value=\"Seuraava\" data-field=\"fld_6958477\" data-page=\"next\"  >\n<\/div>\r\n<\/div>\r\n\t<input class=\"button_trigger_3\" type=\"hidden\" name=\"fld_6958477\" id=\"fld_6958477_3_btn\" value=\"\" data-field=\"fld_6958477\"  \/>\n<\/div><\/div><\/div><div id=\"form_page_3_pg_2\" data-formpage=\"2\" role=\"region\" aria-labelledby=\"breadcrumb_3_pg_2\" aria-hidden=\"true\" class=\"caldera-form-page\" style=\"display:none;\"><div id=\"CF63490558f3640_3-row-2\"  class=\"row \"><div  class=\"col-sm-12  first_col\"><div class=\"\"><h1 class=\"category-test-title\">L\u00f6ydet\u00e4\u00e4n se!<br \/>\n<\/h1>\n<p>Nyt kun koulutusalustamme ei en\u00e4\u00e4 sis\u00e4ll\u00e4 mit\u00e4\u00e4n salaisuuksia sinulle, suosittelemme, ett\u00e4 suoritat koulutuskurssin <b>tutustuaksesi koulutusty\u00f6kaluihin syv\u00e4llisemmin.<\/b><br \/>\n<\/b>.<\/p>\n<p>Nauti kurssista!<br \/>\n<center><br \/>\n<a class=\"badge-button\" target=\"_blank\" href=\"https:\/\/becomewomancoder.eu\/training\/\">Harjoituskurssi<\/a><\/center><\/p>\n<\/div><div data-field-wrapper=\"fld_1567447\" class=\"form-group\" id=\"fld_1567447_3-wrap\">\r\n<div class=\"\">\r\n\t<input  class=\"btn btn-default cf-page-btn cf-page-btn-next\" type=\"button\" name=\"fld_1567447\" id=\"fld_1567447_3\" value=\"Seuraava\" data-field=\"fld_1567447\" data-page=\"next\"  >\n<\/div>\r\n<\/div>\r\n\t<input class=\"button_trigger_3\" type=\"hidden\" name=\"fld_1567447\" id=\"fld_1567447_3_btn\" value=\"\" data-field=\"fld_1567447\"  \/>\n<\/div><\/div><\/div><div id=\"form_page_3_pg_3\" data-formpage=\"3\" role=\"region\" aria-labelledby=\"breadcrumb_3_pg_3\" aria-hidden=\"true\" class=\"caldera-form-page\" style=\"display:none;\"><div id=\"CF63490558f3640_3-row-3\"  class=\"row  last_row\"><div  class=\"col-sm-12  first_col\"><div class=\"\"><h1 class=\"category-test-title\">Kiitos!<\/h1>\n<p>Sinulla on nyt kaikki avaimet jakaa n\u00e4m\u00e4 oppitunnit oppijoidesi kanssa.<\/p>\n<p>\u00c4l\u00e4 unohda, ett\u00e4 <b>kaikki alustalla olevat koulutusty\u00f6kalut ovat oikeuksittomia<\/b>, niit\u00e4 voidaan k\u00e4ytt\u00e4\u00e4 uudelleen olemassa olevilla koulutuskursseillasi ja niit\u00e4 <b>voidaan muokata tarpeidesi mukaan.<\/b><\/p>\n<p>Luotamme siihen, ett\u00e4 osoitat ty\u00f6tt\u00f6mien tai v\u00e4h\u00e4n koulutettujen naisten uudelleenkoulutuksen arvon kehityssektorilla. Nyt se on sinusta kiinni!<\/p>\n<\/div><\/div><\/div><\/div><\/form>\r\n<\/div>\r\n\n<div class=\"imgs-footer\" style=\"display: flex\">\n<img loading=\"lazy\" style=\"max-width: 13%;\" src=\"http:\/\/becomewomancoder.eu\/wp-content\/uploads\/2021\/08\/Immagine-2022-08-29-103903-1.jpg\" alt=\"\" width=\"4717\" height=\"1999\" \/><\/p>\n<div class=\"entry-content\" style=\"text-align: center; padding: 25px !important; margin-top: 46px; width: 70%; font-size: 15px;\">\n<p>Kaikki t\u00e4ss\u00e4 ehdotetut tuotannot ovat oikeuksittomia, uudelleenk\u00e4ytett\u00e4vi\u00e4 ja muokattavissa<\/p>\n<\/div>\n<\/div>\n<p><\/p>","protected":false},"excerpt":{"rendered":"<p>Kaikki t\u00e4ss\u00e4 ehdotetut tuotannot ovat oikeuksittomia, uudelleenk\u00e4ytett\u00e4vi\u00e4 ja muokattavissa<\/p>\n","protected":false},"author":1,"featured_media":0,"parent":0,"menu_order":0,"comment_status":"closed","ping_status":"closed","template":"","meta":{"_mi_skip_tracking":false},"_links":{"self":[{"href":"https:\/\/becomewomancoder.eu\/fi\/wp-json\/wp\/v2\/pages\/487"}],"collection":[{"href":"https:\/\/becomewomancoder.eu\/fi\/wp-json\/wp\/v2\/pages"}],"about":[{"href":"https:\/\/becomewomancoder.eu\/fi\/wp-json\/wp\/v2\/types\/page"}],"author":[{"embeddable":true,"href":"https:\/\/becomewomancoder.eu\/fi\/wp-json\/wp\/v2\/users\/1"}],"replies":[{"embeddable":true,"href":"https:\/\/becomewomancoder.eu\/fi\/wp-json\/wp\/v2\/comments?post=487"}],"version-history":[{"count":10,"href":"https:\/\/becomewomancoder.eu\/fi\/wp-json\/wp\/v2\/pages\/487\/revisions"}],"predecessor-version":[{"id":829,"href":"https:\/\/becomewomancoder.eu\/fi\/wp-json\/wp\/v2\/pages\/487\/revisions\/829"}],"wp:attachment":[{"href":"https:\/\/becomewomancoder.eu\/fi\/wp-json\/wp\/v2\/media?parent=487"}],"curies":[{"name":"wp","href":"https:\/\/api.w.org\/{rel}","templated":true}]}}