{"id":494,"date":"2022-09-12T10:03:01","date_gmt":"2022-09-12T10:03:01","guid":{"rendered":"http:\/\/becomewomancoder.eu\/?page_id=494"},"modified":"2022-10-25T14:17:01","modified_gmt":"2022-10-25T14:17:01","slug":"resources","status":"publish","type":"page","link":"https:\/\/becomewomancoder.eu\/fi\/resources\/","title":{"rendered":"Resurssit"},"content":{"rendered":"<p><\/p>\n<style>\n@media only screen and (max-width: 600px)\n{\niframe.ead-iframe {\n    min-height: 245px !important;\n}\niframe{\n   height: 100% !important;\n   width: 100% !important;\n}\n}\n.site-content #primary {\n    width: 100%;\n}\n<\/style>\n<p><center><br \/>\n<div class=\"ead-preview\"><div class=\"ead-document\" style=\"position: relative;\"><div class=\"ead-iframe-wrapper\"><iframe src=\"\/\/docs.google.com\/viewer?url=http%3A%2F%2Fbecomewomancoder.eu%2Fwp-content%2Fuploads%2F2022%2F10%2FBWC-IO5-Convincing-part-FI.pdf&amp;embedded=true&amp;hl=en\" title=\"Embedded Document\" class=\"ead-iframe\" style=\"width: 100%;height: 80%;border: none;min-height: 500px;visibility: hidden;\"><\/iframe><\/div>\t\t\t<div class=\"ead-document-loading\" style=\"width:100%;height:100%;position:absolute;left:0;top:0;z-index:10;\">\n\t\t\t\t<div class=\"ead-loading-wrap\">\n\t\t\t\t\t<div class=\"ead-loading-main\">\n\t\t\t\t\t\t<div class=\"ead-loading\">\n\t\t\t\t\t\t\t<img src=\"https:\/\/becomewomancoder.eu\/wp-content\/plugins\/embed-any-document\/images\/loading.svg\" width=\"55\" height=\"55\" alt=\"Loader\">\n\t\t\t\t\t\t\t<span>Loading...<\/span>\n\t\t\t\t\t\t<\/div>\n\t\t\t\t\t<\/div>\n\t\t\t\t\t<div class=\"ead-loading-foot\">\n\t\t\t\t\t\t<div class=\"ead-loading-foot-title\">\n\t\t\t\t\t\t\t<img src=\"https:\/\/becomewomancoder.eu\/wp-content\/plugins\/embed-any-document\/images\/EAD-logo.svg\" alt=\"EAD Logo\" width=\"36\" height=\"23\"\/>\n\t\t\t\t\t\t\t<span>Taking too long?<\/span>\n\t\t\t\t\t\t<\/div>\n\t\t\t\t\t\t<p>\n\t\t\t\t\t\t\t<div class=\"ead-document-btn ead-reload-btn\" role=\"button\">\n\t\t\t\t\t\t\t\t<img src=\"https:\/\/becomewomancoder.eu\/wp-content\/plugins\/embed-any-document\/images\/reload.svg\" alt=\"Reload\" width=\"12\" height=\"12\"\/> Reload document\t\t\t\t\t\t\t<\/div>\n\t\t\t\t\t\t\t<span>|<\/span>\n\t\t\t\t\t\t\t<a href=\"http:\/\/becomewomancoder.eu\/wp-content\/uploads\/2022\/10\/BWC-IO5-Convincing-part-FI.pdf\" class=\"ead-document-btn\" target=\"_blank\">\n\t\t\t\t\t\t\t\t<img src=\"https:\/\/becomewomancoder.eu\/wp-content\/plugins\/embed-any-document\/images\/open.svg\" alt=\"Open\" width=\"12\" height=\"12\"\/> Open in new tab\t\t\t\t\t\t\t<\/a>\n\t\t\t\t\t<\/div>\n\t\t\t\t<\/div>\n\t\t\t<\/div>\n\t\t<\/div><\/div><br \/>\n<a class=\"badge-button\" href=\"\/wp-content\/uploads\/2022\/10\/BWC-IO5-Convincing-part-FI.pdf\" download='Coding-jobs'>Download in PDF<\/a><br \/>\n<\/center><br \/>\n<center><\/p>\n<h1><a target=\"_blank\" href=\"https:\/\/becomewomancoder.eu\/mini\/fi\/FINNISH-digital-world\/story.html\" rel=\"noopener noreferrer\">Digitaalinen maailma<\/a><\/h1>\n<p><iframe loading=\"lazy\" src=\"https:\/\/becomewomancoder.eu\/mini\/fi\/FINNISH-digital-world\/story.html\" width=\"100%\" height=\"664px\" ><\/iframe><\/p>\n<h1><a target=\"_blank\" href=\"https:\/\/becomewomancoder.eu\/mini\/fi\/FINNISH-web-jobs\/story.html\" rel=\"noopener noreferrer\">Web-ty\u00f6t<\/a><\/h1>\n<p><iframe loading=\"lazy\" src=\"https:\/\/becomewomancoder.eu\/mini\/fi\/FINNISH-web-jobs\/story.html\"  width=\"100%\" height=\"664px\" ><\/iframe><\/p>\n<h1><a target=\"_blank\" href=\"https:\/\/becomewomancoder.eu\/mini\/fi\/FINNISH-coding-job-game\/story.html\" rel=\"noopener noreferrer\">Mik\u00e4 heid\u00e4n koodausty\u00f6ns\u00e4 on?<\/a><\/h1>\n<p><iframe loading=\"lazy\" src=\"https:\/\/becomewomancoder.eu\/mini\/fi\/FINNISH-coding-job-game\/story.html\" width=\"100%\" height=\"664px\" ><\/iframe><\/p>\n<div class=\"spot-games\">\n<h1><a target=\"_blank\" href=\"https:\/\/p.interacty.me\/346b963d8503042a\/iframe.html\" rel=\"noopener noreferrer\">Huomaa yksityiskohdat!<\/a><\/h1>\n<div class=\"interacty_padding\" style=\"position: relative; padding: 28% !important\">\n<div class=\"interacty_wrapper\" style=\"position: absolute; top: 0; left: 0; width: 100%; height: 100%;\">\n        <iframe style=\"border: none; width: 100%; height: 100%;\" src=\"https:\/\/p.interacty.me\/346b963d8503042a\/iframe.html\"><\/iframe>\n    <\/div>\n<\/div>\n<h1><a target=\"_blank\" href=\"https:\/\/p.interacty.me\/103cc352ea7ee715\/iframe.html\" rel=\"noopener noreferrer\">L\u00f6yd\u00e4 HTML!<\/a><\/h1>\n<div class=\"interacty_padding\" style=\"position: relative; padding: 77% 0 0 0px !important;\">\n<div class=\"interacty_wrapper\" style=\"position: absolute; top: 0; left: 0; width: 100%; height: 100%;\">\n        <iframe style=\"border: none; width: 100%; height: 100%;\" src=\"https:\/\/p.interacty.me\/103cc352ea7ee715\/iframe.html\"><\/iframe>\n    <\/div>\n<\/div>\n<h1><a target=\"_blank\" href=\"https:\/\/p.interacty.me\/2c854e6f8fee3f69\/iframe.html\" rel=\"noopener noreferrer\">L\u00f6yd\u00e4 CSS!<\/a><\/h1>\n<div class=\"interacty_padding\" style=\"position: relative; padding: 85% 0 0 0px !important;\">\n<div class=\"interacty_wrapper\" style=\"position: absolute; top: 0; left: 0; width: 100%; height: 100%;\">\n        <iframe style=\"border: none; width: 100%; height: 100%;\" src=\"https:\/\/p.interacty.me\/2c854e6f8fee3f69\/iframe.html\"><\/iframe>\n    <\/div>\n<\/div>\n<\/div>\n<h1><a target=\"_blank\" href=\"https:\/\/becomewomancoder.eu\/mini\/fi\/FINNISH-brain-game\/story.html\" rel=\"noopener noreferrer\">V\u00e4\u00e4nn\u00e4 aivosi!<\/a><\/h1>\n<p><iframe loading=\"lazy\" src=\"https:\/\/becomewomancoder.eu\/mini\/fi\/FINNISH-brain-game\/story.html\" width=\"100%\" height=\"664px\" ><\/iframe><\/p>\n<h1><a target=\"_blank\" href=\"https:\/\/becomewomancoder.eu\/mini\/fi\/FINNISH-cross-game\/story.html\" rel=\"noopener noreferrer\">Picross<\/a><\/h1>\n<p><iframe loading=\"lazy\" src=\"https:\/\/becomewomancoder.eu\/mini\/fi\/FINNISH-cross-game\/story.html\"  width=\"100%\" height=\"664px\" ><\/iframe><\/p>\n<h1><a target=\"_blank\" href=\"https:\/\/docs.google.com\/forms\/d\/17pA4HGbDQwAQSVXXvDBAXZrOZdzeOA4GYSFjPJ5w3as\/prefill\" rel=\"noopener noreferrer\">Sovellunko koodaukseen<\/a><\/h1>\n<p><iframe loading=\"lazy\" src=\"https:\/\/docs.google.com\/forms\/d\/17pA4HGbDQwAQSVXXvDBAXZrOZdzeOA4GYSFjPJ5w3as\/viewform?pli=1\" width=\"100%\" height=\"664px\" ><\/iframe><br \/>\n<\/center><br \/>\n<\/p>\n<h2>Kira, tietoinsin\u00f6\u00f6ri, entinen lakimies (Ranska)<\/h2>\n<div onclick=\"this.nextElementSibling.style.display='block'; this.style.display='none'\">\n   <img src=\"http:\/\/becomewomancoder.eu\/wp-content\/uploads\/2021\/08\/Kira.png\" style=\"cursor:pointer\" \/>\n<\/div>\n<div style=\"display:none\">\n    <iframe loading=\"lazy\" src=\"https:\/\/drive.google.com\/file\/d\/1zqAzloXrApFol5P3yeCZAgTPKXhbJU9g\/preview\" width=\"768px\" height=\"480\" name=\"iframe_video1\"><\/iframe>\n<\/div>\n<p><center><br \/>\n<a target=\"_blank\" class=\"badge-button\" href=\"https:\/\/drive.google.com\/file\/d\/1zqAzloXrApFol5P3yeCZAgTPKXhbJU9g\/view\" rel=\"noopener noreferrer\">Linkki videoon<\/a><br \/>\n<\/center><\/p>\n<h2>Maeva, UX-suunnittelija, entinen kukkakauppias (Ranska)<\/h2>\n<div onclick=\"this.nextElementSibling.style.display='block'; this.style.display='none'\">\n   <img src=\"http:\/\/becomewomancoder.eu\/wp-content\/uploads\/2021\/08\/Maeve-1.png\" style=\"cursor:pointer\" \/>\n<\/div>\n<div style=\"display:none\">\n    <iframe loading=\"lazy\" src=\"https:\/\/drive.google.com\/file\/d\/1RpLsH-hvUjCLpMgB5sZBeIscrM5i7Zl-\/preview?\" width=\"768px\" height=\"480\" name=\"iframe_video1\"><\/iframe>\n<\/div>\n<p><center><br \/>\n<a target=\"_blank\" class=\"badge-button\" href=\"https:\/\/drive.google.com\/file\/d\/1RpLsH-hvUjCLpMgB5sZBeIscrM5i7Zl-\/view\" rel=\"noopener noreferrer\">Linkki videoon<\/a><br \/>\n<\/center><\/p>\n<h2>Vlada, verkkokehitt\u00e4j\u00e4, entinen lastenvahti (Suomi)<\/h2>\n<div onclick=\"this.nextElementSibling.style.display='block'; this.style.display='none'\">\n   <img src=\"http:\/\/becomewomancoder.eu\/wp-content\/uploads\/2021\/08\/Vlada.png\" style=\"cursor:pointer\" \/>\n<\/div>\n<div style=\"display:none\">\n    <iframe loading=\"lazy\" src=\"https:\/\/drive.google.com\/file\/d\/1Fk0IRof2brhy07_2ZmIno20NheiWmtio\/preview\" width=\"768px\" height=\"480\" name=\"iframe_video1\"><\/iframe>\n<\/div>\n<p><center><br \/>\n<a target=\"_blank\" class=\"badge-button\" href=\"https:\/\/drive.google.com\/file\/d\/1Fk0IRof2brhy07_2ZmIno20NheiWmtio\/view\" rel=\"noopener noreferrer\">Linkki videoon<\/a><br \/>\n<\/center><\/p>\n<h2>Louisa, CRM-, s\u00e4hk\u00f6posti- ja verkkokehitt\u00e4j\u00e4, ex-ty\u00f6voimasuunnittelija (Malta)<\/h2>\n<div onclick=\"this.nextElementSibling.style.display='block'; this.style.display='none'\">\n   <img src=\"http:\/\/becomewomancoder.eu\/wp-content\/uploads\/2021\/08\/Louisa.png\" style=\"cursor:pointer\" \/>\n<\/div>\n<div style=\"display:none\">\n    <iframe loading=\"lazy\" src=\"https:\/\/drive.google.com\/file\/d\/1nkyGugqm_wq0-LvzKVgwPoymuBNeieOV\/preview\" width=\"768px\" height=\"480\" name=\"iframe_video1\"><\/iframe>\n<\/div>\n<p><center><br \/>\n<a target=\"_blank\" class=\"badge-button\" href=\"https:\/\/drive.google.com\/file\/d\/1nkyGugqm_wq0-LvzKVgwPoymuBNeieOV\/view\" rel=\"noopener noreferrer\">Linkki videoon<\/a><br \/>\n<\/center><\/p>\n<h2>Aleksandra, laadunvarmistusinsin\u00f6\u00f6ri, entinen k\u00e4\u00e4nt\u00e4j\u00e4 (Puola)<\/h2>\n<div onclick=\"this.nextElementSibling.style.display='block'; this.style.display='none'\">\n   <img src=\"http:\/\/becomewomancoder.eu\/wp-content\/uploads\/2021\/08\/Aleksandra.png\" style=\"cursor:pointer\" \/>\n<\/div>\n<div style=\"display:none\">\n    <iframe loading=\"lazy\" src=\"https:\/\/drive.google.com\/file\/d\/10B2LWvZhsW52Qv5A9IuyJI-fMpFc3Vea\/preview\" width=\"768px\" height=\"480\" name=\"iframe_video1\"><\/iframe>\n<\/div>\n<p><center><br \/>\n<a target=\"_blank\" class=\"badge-button\" href=\"https:\/\/drive.google.com\/file\/d\/10B2LWvZhsW52Qv5A9IuyJI-fMpFc3Vea\/view\" rel=\"noopener noreferrer\">Linkki videoon<\/a><br \/>\n<\/center><\/p>\n<h2>Myyttien kumoaminen<\/h2>\n<p><iframe loading=\"lazy\" src=\"https:\/\/drive.google.com\/file\/d\/1RylibZJW1dziXM_eM9c3gOE2wZszr06g\/preview\" width=\"768px\" height=\"480\" name=\"iframe_video1\"><\/iframe><br \/>\n<center><br \/>\n<a target=\"_blank\" class=\"badge-button\" href=\"https:\/\/drive.google.com\/file\/d\/1RylibZJW1dziXM_eM9c3gOE2wZszr06g\/view\" rel=\"noopener noreferrer\">Linkki videoon<\/a><br \/>\n<\/center><br \/>\n<div class=\"ead-preview\"><div class=\"ead-document\" style=\"position: relative;\"><div class=\"ead-iframe-wrapper\"><iframe src=\"\/\/docs.google.com\/viewer?url=http%3A%2F%2Fbecomewomancoder.eu%2Fwp-content%2Fuploads%2F2022%2F10%2Fressources-networks-finnish.pdf&amp;embedded=true&amp;hl=en\" title=\"Embedded Document\" class=\"ead-iframe\" style=\"width: 100%;height: 80%;border: none;min-height: 500px;visibility: hidden;\"><\/iframe><\/div>\t\t\t<div class=\"ead-document-loading\" style=\"width:100%;height:100%;position:absolute;left:0;top:0;z-index:10;\">\n\t\t\t\t<div class=\"ead-loading-wrap\">\n\t\t\t\t\t<div class=\"ead-loading-main\">\n\t\t\t\t\t\t<div class=\"ead-loading\">\n\t\t\t\t\t\t\t<img src=\"https:\/\/becomewomancoder.eu\/wp-content\/plugins\/embed-any-document\/images\/loading.svg\" width=\"55\" height=\"55\" alt=\"Loader\">\n\t\t\t\t\t\t\t<span>Loading...<\/span>\n\t\t\t\t\t\t<\/div>\n\t\t\t\t\t<\/div>\n\t\t\t\t\t<div class=\"ead-loading-foot\">\n\t\t\t\t\t\t<div class=\"ead-loading-foot-title\">\n\t\t\t\t\t\t\t<img src=\"https:\/\/becomewomancoder.eu\/wp-content\/plugins\/embed-any-document\/images\/EAD-logo.svg\" alt=\"EAD Logo\" width=\"36\" height=\"23\"\/>\n\t\t\t\t\t\t\t<span>Taking too long?<\/span>\n\t\t\t\t\t\t<\/div>\n\t\t\t\t\t\t<p>\n\t\t\t\t\t\t\t<div class=\"ead-document-btn ead-reload-btn\" role=\"button\">\n\t\t\t\t\t\t\t\t<img src=\"https:\/\/becomewomancoder.eu\/wp-content\/plugins\/embed-any-document\/images\/reload.svg\" alt=\"Reload\" width=\"12\" height=\"12\"\/> Reload document\t\t\t\t\t\t\t<\/div>\n\t\t\t\t\t\t\t<span>|<\/span>\n\t\t\t\t\t\t\t<a href=\"http:\/\/becomewomancoder.eu\/wp-content\/uploads\/2022\/10\/ressources-networks-finnish.pdf\" class=\"ead-document-btn\" target=\"_blank\">\n\t\t\t\t\t\t\t\t<img src=\"https:\/\/becomewomancoder.eu\/wp-content\/plugins\/embed-any-document\/images\/open.svg\" alt=\"Open\" width=\"12\" height=\"12\"\/> Open in new tab\t\t\t\t\t\t\t<\/a>\n\t\t\t\t\t<\/div>\n\t\t\t\t<\/div>\n\t\t\t<\/div>\n\t\t<\/div><\/div><br \/>\n<center><br \/>\n<a class=\"badge-button\" href=\"\/wp-content\/uploads\/2022\/10\/ressources-networks-finnish.pdf\" download='Network'>Download in PDF<\/a><br \/>\n<\/center><br \/>\n<br \/>\n<div class=\"ead-preview\"><div class=\"ead-document\" style=\"position: relative;\"><div class=\"ead-iframe-wrapper\"><iframe src=\"\/\/docs.google.com\/viewer?url=http%3A%2F%2Fbecomewomancoder.eu%2Fwp-content%2Fuploads%2F2022%2F10%2Fressources-mentors-finnish.pdf&amp;embedded=true&amp;hl=en\" title=\"Embedded Document\" class=\"ead-iframe\" style=\"width: 100%;height: 80%;border: none;min-height: 500px;visibility: hidden;\"><\/iframe><\/div>\t\t\t<div class=\"ead-document-loading\" style=\"width:100%;height:100%;position:absolute;left:0;top:0;z-index:10;\">\n\t\t\t\t<div class=\"ead-loading-wrap\">\n\t\t\t\t\t<div class=\"ead-loading-main\">\n\t\t\t\t\t\t<div class=\"ead-loading\">\n\t\t\t\t\t\t\t<img src=\"https:\/\/becomewomancoder.eu\/wp-content\/plugins\/embed-any-document\/images\/loading.svg\" width=\"55\" height=\"55\" alt=\"Loader\">\n\t\t\t\t\t\t\t<span>Loading...<\/span>\n\t\t\t\t\t\t<\/div>\n\t\t\t\t\t<\/div>\n\t\t\t\t\t<div class=\"ead-loading-foot\">\n\t\t\t\t\t\t<div class=\"ead-loading-foot-title\">\n\t\t\t\t\t\t\t<img src=\"https:\/\/becomewomancoder.eu\/wp-content\/plugins\/embed-any-document\/images\/EAD-logo.svg\" alt=\"EAD Logo\" width=\"36\" height=\"23\"\/>\n\t\t\t\t\t\t\t<span>Taking too long?<\/span>\n\t\t\t\t\t\t<\/div>\n\t\t\t\t\t\t<p>\n\t\t\t\t\t\t\t<div class=\"ead-document-btn ead-reload-btn\" role=\"button\">\n\t\t\t\t\t\t\t\t<img src=\"https:\/\/becomewomancoder.eu\/wp-content\/plugins\/embed-any-document\/images\/reload.svg\" alt=\"Reload\" width=\"12\" height=\"12\"\/> Reload document\t\t\t\t\t\t\t<\/div>\n\t\t\t\t\t\t\t<span>|<\/span>\n\t\t\t\t\t\t\t<a href=\"http:\/\/becomewomancoder.eu\/wp-content\/uploads\/2022\/10\/ressources-mentors-finnish.pdf\" class=\"ead-document-btn\" target=\"_blank\">\n\t\t\t\t\t\t\t\t<img src=\"https:\/\/becomewomancoder.eu\/wp-content\/plugins\/embed-any-document\/images\/open.svg\" alt=\"Open\" width=\"12\" height=\"12\"\/> Open in new tab\t\t\t\t\t\t\t<\/a>\n\t\t\t\t\t<\/div>\n\t\t\t\t<\/div>\n\t\t\t<\/div>\n\t\t<\/div><\/div><br \/>\n<center><br \/>\n<a class=\"badge-button\" href=\"\/wp-content\/uploads\/2022\/10\/ressources-mentors-finnish.pdf\" download='Mentors'>Download in PDF<\/a><br \/>\n<\/center><br \/>\n<br \/>\n<div class=\"ead-preview\"><div class=\"ead-document\" style=\"position: relative;\"><div class=\"ead-iframe-wrapper\"><iframe src=\"\/\/docs.google.com\/viewer?url=http%3A%2F%2Fbecomewomancoder.eu%2Fwp-content%2Fuploads%2F2022%2F10%2Fressources-courses-finnish.pdf&amp;embedded=true&amp;hl=en\" title=\"Embedded Document\" class=\"ead-iframe\" style=\"width: 100%;height: 80%;border: none;min-height: 500px;visibility: hidden;\"><\/iframe><\/div>\t\t\t<div class=\"ead-document-loading\" style=\"width:100%;height:100%;position:absolute;left:0;top:0;z-index:10;\">\n\t\t\t\t<div class=\"ead-loading-wrap\">\n\t\t\t\t\t<div class=\"ead-loading-main\">\n\t\t\t\t\t\t<div class=\"ead-loading\">\n\t\t\t\t\t\t\t<img src=\"https:\/\/becomewomancoder.eu\/wp-content\/plugins\/embed-any-document\/images\/loading.svg\" width=\"55\" height=\"55\" alt=\"Loader\">\n\t\t\t\t\t\t\t<span>Loading...<\/span>\n\t\t\t\t\t\t<\/div>\n\t\t\t\t\t<\/div>\n\t\t\t\t\t<div class=\"ead-loading-foot\">\n\t\t\t\t\t\t<div class=\"ead-loading-foot-title\">\n\t\t\t\t\t\t\t<img src=\"https:\/\/becomewomancoder.eu\/wp-content\/plugins\/embed-any-document\/images\/EAD-logo.svg\" alt=\"EAD Logo\" width=\"36\" height=\"23\"\/>\n\t\t\t\t\t\t\t<span>Taking too long?<\/span>\n\t\t\t\t\t\t<\/div>\n\t\t\t\t\t\t<p>\n\t\t\t\t\t\t\t<div class=\"ead-document-btn ead-reload-btn\" role=\"button\">\n\t\t\t\t\t\t\t\t<img src=\"https:\/\/becomewomancoder.eu\/wp-content\/plugins\/embed-any-document\/images\/reload.svg\" alt=\"Reload\" width=\"12\" height=\"12\"\/> Reload document\t\t\t\t\t\t\t<\/div>\n\t\t\t\t\t\t\t<span>|<\/span>\n\t\t\t\t\t\t\t<a href=\"http:\/\/becomewomancoder.eu\/wp-content\/uploads\/2022\/10\/ressources-courses-finnish.pdf\" class=\"ead-document-btn\" target=\"_blank\">\n\t\t\t\t\t\t\t\t<img src=\"https:\/\/becomewomancoder.eu\/wp-content\/plugins\/embed-any-document\/images\/open.svg\" alt=\"Open\" width=\"12\" height=\"12\"\/> Open in new tab\t\t\t\t\t\t\t<\/a>\n\t\t\t\t\t<\/div>\n\t\t\t\t<\/div>\n\t\t\t<\/div>\n\t\t<\/div><\/div><br \/>\n<center><br \/>\n<a class=\"badge-button\" href=\"\/wp-content\/uploads\/2022\/10\/ressources-courses-finnish.pdf\" download='Courses'>Download in PDF<\/a><br \/>\n<\/center><br \/>\n<br \/>\n<div class=\"ead-preview\"><div class=\"ead-document\" style=\"position: relative;\"><div class=\"ead-iframe-wrapper\"><iframe src=\"\/\/docs.google.com\/viewer?url=http%3A%2F%2Fbecomewomancoder.eu%2Fwp-content%2Fuploads%2F2022%2F10%2Fressources-coding-jobs-finnish.pdf&amp;embedded=true&amp;hl=en\" title=\"Embedded Document\" class=\"ead-iframe\" style=\"width: 100%;height: 80%;border: none;min-height: 500px;visibility: hidden;\"><\/iframe><\/div>\t\t\t<div class=\"ead-document-loading\" style=\"width:100%;height:100%;position:absolute;left:0;top:0;z-index:10;\">\n\t\t\t\t<div class=\"ead-loading-wrap\">\n\t\t\t\t\t<div class=\"ead-loading-main\">\n\t\t\t\t\t\t<div class=\"ead-loading\">\n\t\t\t\t\t\t\t<img src=\"https:\/\/becomewomancoder.eu\/wp-content\/plugins\/embed-any-document\/images\/loading.svg\" width=\"55\" height=\"55\" alt=\"Loader\">\n\t\t\t\t\t\t\t<span>Loading...<\/span>\n\t\t\t\t\t\t<\/div>\n\t\t\t\t\t<\/div>\n\t\t\t\t\t<div class=\"ead-loading-foot\">\n\t\t\t\t\t\t<div class=\"ead-loading-foot-title\">\n\t\t\t\t\t\t\t<img src=\"https:\/\/becomewomancoder.eu\/wp-content\/plugins\/embed-any-document\/images\/EAD-logo.svg\" alt=\"EAD Logo\" width=\"36\" height=\"23\"\/>\n\t\t\t\t\t\t\t<span>Taking too long?<\/span>\n\t\t\t\t\t\t<\/div>\n\t\t\t\t\t\t<p>\n\t\t\t\t\t\t\t<div class=\"ead-document-btn ead-reload-btn\" role=\"button\">\n\t\t\t\t\t\t\t\t<img src=\"https:\/\/becomewomancoder.eu\/wp-content\/plugins\/embed-any-document\/images\/reload.svg\" alt=\"Reload\" width=\"12\" height=\"12\"\/> Reload document\t\t\t\t\t\t\t<\/div>\n\t\t\t\t\t\t\t<span>|<\/span>\n\t\t\t\t\t\t\t<a href=\"http:\/\/becomewomancoder.eu\/wp-content\/uploads\/2022\/10\/ressources-coding-jobs-finnish.pdf\" class=\"ead-document-btn\" target=\"_blank\">\n\t\t\t\t\t\t\t\t<img src=\"https:\/\/becomewomancoder.eu\/wp-content\/plugins\/embed-any-document\/images\/open.svg\" alt=\"Open\" width=\"12\" height=\"12\"\/> Open in new tab\t\t\t\t\t\t\t<\/a>\n\t\t\t\t\t<\/div>\n\t\t\t\t<\/div>\n\t\t\t<\/div>\n\t\t<\/div><\/div><br \/>\n<center><br \/>\n<a class=\"badge-button\" href=\"\/wp-content\/uploads\/2022\/10\/ressources-coding-jobs-finnish.pdf\" download='Coding-jobs'>Download in PDF<\/a><br \/>\n<\/center><br \/>\n<div class=\"ead-preview\"><div class=\"ead-document\" style=\"position: relative;\"><div class=\"ead-iframe-wrapper\"><iframe src=\"\/\/docs.google.com\/viewer?url=http%3A%2F%2Fbecomewomancoder.eu%2Fwp-content%2Fuploads%2F2022%2F10%2FEQF-LAYOUT-FI.pdf&amp;embedded=true&amp;hl=en\" title=\"Embedded Document\" class=\"ead-iframe\" style=\"width: 100%;height: 80%;border: none;min-height: 500px;visibility: hidden;\"><\/iframe><\/div>\t\t\t<div class=\"ead-document-loading\" style=\"width:100%;height:100%;position:absolute;left:0;top:0;z-index:10;\">\n\t\t\t\t<div class=\"ead-loading-wrap\">\n\t\t\t\t\t<div class=\"ead-loading-main\">\n\t\t\t\t\t\t<div class=\"ead-loading\">\n\t\t\t\t\t\t\t<img src=\"https:\/\/becomewomancoder.eu\/wp-content\/plugins\/embed-any-document\/images\/loading.svg\" width=\"55\" height=\"55\" alt=\"Loader\">\n\t\t\t\t\t\t\t<span>Loading...<\/span>\n\t\t\t\t\t\t<\/div>\n\t\t\t\t\t<\/div>\n\t\t\t\t\t<div class=\"ead-loading-foot\">\n\t\t\t\t\t\t<div class=\"ead-loading-foot-title\">\n\t\t\t\t\t\t\t<img src=\"https:\/\/becomewomancoder.eu\/wp-content\/plugins\/embed-any-document\/images\/EAD-logo.svg\" alt=\"EAD Logo\" width=\"36\" height=\"23\"\/>\n\t\t\t\t\t\t\t<span>Taking too long?<\/span>\n\t\t\t\t\t\t<\/div>\n\t\t\t\t\t\t<p>\n\t\t\t\t\t\t\t<div class=\"ead-document-btn ead-reload-btn\" role=\"button\">\n\t\t\t\t\t\t\t\t<img src=\"https:\/\/becomewomancoder.eu\/wp-content\/plugins\/embed-any-document\/images\/reload.svg\" alt=\"Reload\" width=\"12\" height=\"12\"\/> Reload document\t\t\t\t\t\t\t<\/div>\n\t\t\t\t\t\t\t<span>|<\/span>\n\t\t\t\t\t\t\t<a href=\"http:\/\/becomewomancoder.eu\/wp-content\/uploads\/2022\/10\/EQF-LAYOUT-FI.pdf\" class=\"ead-document-btn\" target=\"_blank\">\n\t\t\t\t\t\t\t\t<img src=\"https:\/\/becomewomancoder.eu\/wp-content\/plugins\/embed-any-document\/images\/open.svg\" alt=\"Open\" width=\"12\" height=\"12\"\/> Open in new tab\t\t\t\t\t\t\t<\/a>\n\t\t\t\t\t<\/div>\n\t\t\t\t<\/div>\n\t\t\t<\/div>\n\t\t<\/div><\/div><br \/>\n<center><br \/>\n<a class=\"badge-button\" href=\"\/wp-content\/uploads\/2022\/10\/EQF-LAYOUT-FI.pdf\" download='Courses'>Download in PDF<\/a><br \/>\n<\/center><br \/>\n<div class=\"ead-preview\"><div class=\"ead-document\" style=\"position: relative;\"><div class=\"ead-iframe-wrapper\"><iframe src=\"\/\/docs.google.com\/viewer?url=http%3A%2F%2Fbecomewomancoder.eu%2Fwp-content%2Fuploads%2F2022%2F10%2FLetter-of-Intent-FI-FV.docx&amp;embedded=true&amp;hl=en\" title=\"Embedded Document\" class=\"ead-iframe\" style=\"width: 100%;height: 80%;border: none;min-height: 500px;visibility: hidden;\"><\/iframe><\/div>\t\t\t<div class=\"ead-document-loading\" style=\"width:100%;height:100%;position:absolute;left:0;top:0;z-index:10;\">\n\t\t\t\t<div class=\"ead-loading-wrap\">\n\t\t\t\t\t<div class=\"ead-loading-main\">\n\t\t\t\t\t\t<div class=\"ead-loading\">\n\t\t\t\t\t\t\t<img src=\"https:\/\/becomewomancoder.eu\/wp-content\/plugins\/embed-any-document\/images\/loading.svg\" width=\"55\" height=\"55\" alt=\"Loader\">\n\t\t\t\t\t\t\t<span>Loading...<\/span>\n\t\t\t\t\t\t<\/div>\n\t\t\t\t\t<\/div>\n\t\t\t\t\t<div class=\"ead-loading-foot\">\n\t\t\t\t\t\t<div class=\"ead-loading-foot-title\">\n\t\t\t\t\t\t\t<img src=\"https:\/\/becomewomancoder.eu\/wp-content\/plugins\/embed-any-document\/images\/EAD-logo.svg\" alt=\"EAD Logo\" width=\"36\" height=\"23\"\/>\n\t\t\t\t\t\t\t<span>Taking too long?<\/span>\n\t\t\t\t\t\t<\/div>\n\t\t\t\t\t\t<p>\n\t\t\t\t\t\t\t<div class=\"ead-document-btn ead-reload-btn\" role=\"button\">\n\t\t\t\t\t\t\t\t<img src=\"https:\/\/becomewomancoder.eu\/wp-content\/plugins\/embed-any-document\/images\/reload.svg\" alt=\"Reload\" width=\"12\" height=\"12\"\/> Reload document\t\t\t\t\t\t\t<\/div>\n\t\t\t\t\t\t\t<span>|<\/span>\n\t\t\t\t\t\t\t<a href=\"https:\/\/docs.google.com\/viewer?url=http%3A%2F%2Fbecomewomancoder.eu%2Fwp-content%2Fuploads%2F2022%2F10%2FLetter-of-Intent-FI-FV.docx&#038;hl=en\" class=\"ead-document-btn\" target=\"_blank\">\n\t\t\t\t\t\t\t\t<img src=\"https:\/\/becomewomancoder.eu\/wp-content\/plugins\/embed-any-document\/images\/open.svg\" alt=\"Open\" width=\"12\" height=\"12\"\/> Open in new tab\t\t\t\t\t\t\t<\/a>\n\t\t\t\t\t<\/div>\n\t\t\t\t<\/div>\n\t\t\t<\/div>\n\t\t<\/div><\/div><br \/>\n<center><br \/>\n<a class=\"badge-button\" href=\"\/wp-content\/uploads\/2022\/10\/Letter-of-Intent-FI-FV.docx\">Download in DOCX<\/a><br \/>\n<\/center><\/p>\n<p style=\"margin-bottom: 25px;\"><a href=\"https:\/\/becomewomancoder.eu\/wp-content\/uploads\/2021\/07\/BWC-IO1-Finnish.pdf\" class=\"pdfemb-viewer\" style=\"\" data-width=\"max\" data-height=\"max\"  data-toolbar=\"bottom\" data-toolbar-fixed=\"off\">BWC-IO1-Finnish<br\/><\/a><\/p>\n<p><a class=\"badge-button\" href=\"\/wp-content\/uploads\/2021\/07\/BWC-IO1-Finnish.pdf\" download='TUTKIMUSRAPORTTI'>Download in PDF<\/a><br \/>\n<\/center><\/p>","protected":false},"excerpt":{"rendered":"<p>Download in PDF Digitaalinen maailma Web-ty\u00f6t Mik\u00e4 heid\u00e4n koodausty\u00f6ns\u00e4 on? Huomaa yksityiskohdat! L\u00f6yd\u00e4 HTML! L\u00f6yd\u00e4 CSS! V\u00e4\u00e4nn\u00e4 aivosi! Picross Sovellunko koodaukseen Kira, tietoinsin\u00f6\u00f6ri, entinen lakimies (Ranska) Linkki videoon Maeva, UX-suunnittelija, entinen kukkakauppias (Ranska) Linkki videoon Vlada, verkkokehitt\u00e4j\u00e4, entinen lastenvahti (Suomi) Linkki videoon Louisa, CRM-, s\u00e4hk\u00f6posti- ja verkkokehitt\u00e4j\u00e4, ex-ty\u00f6voimasuunnittelija (Malta) Linkki videoon Aleksandra, laadunvarmistusinsin\u00f6\u00f6ri, entinen k\u00e4\u00e4nt\u00e4j\u00e4 &hellip;<\/p>\n<p class=\"read-more\"> <a class=\"\" href=\"https:\/\/becomewomancoder.eu\/fi\/resources\/\"> <span class=\"screen-reader-text\">Resurssit<\/span>Read More &raquo;<\/a><\/p>\n","protected":false},"author":1,"featured_media":0,"parent":0,"menu_order":0,"comment_status":"closed","ping_status":"closed","template":"","meta":{"_mi_skip_tracking":false},"_links":{"self":[{"href":"https:\/\/becomewomancoder.eu\/fi\/wp-json\/wp\/v2\/pages\/494"}],"collection":[{"href":"https:\/\/becomewomancoder.eu\/fi\/wp-json\/wp\/v2\/pages"}],"about":[{"href":"https:\/\/becomewomancoder.eu\/fi\/wp-json\/wp\/v2\/types\/page"}],"author":[{"embeddable":true,"href":"https:\/\/becomewomancoder.eu\/fi\/wp-json\/wp\/v2\/users\/1"}],"replies":[{"embeddable":true,"href":"https:\/\/becomewomancoder.eu\/fi\/wp-json\/wp\/v2\/comments?post=494"}],"version-history":[{"count":99,"href":"https:\/\/becomewomancoder.eu\/fi\/wp-json\/wp\/v2\/pages\/494\/revisions"}],"predecessor-version":[{"id":854,"href":"https:\/\/becomewomancoder.eu\/fi\/wp-json\/wp\/v2\/pages\/494\/revisions\/854"}],"wp:attachment":[{"href":"https:\/\/becomewomancoder.eu\/fi\/wp-json\/wp\/v2\/media?parent=494"}],"curies":[{"name":"wp","href":"https:\/\/api.w.org\/{rel}","templated":true}]}}