{"id":539,"date":"2022-09-13T07:16:48","date_gmt":"2022-09-13T07:16:48","guid":{"rendered":"http:\/\/becomewomancoder.eu\/?page_id=539"},"modified":"2022-10-25T13:20:15","modified_gmt":"2022-10-25T13:20:15","slug":"start-your-training","status":"publish","type":"page","link":"https:\/\/becomewomancoder.eu\/fi\/start-your-training\/","title":{"rendered":"Aloita koulutus"},"content":{"rendered":"<p><\/p>\n<style>\nh2{\ncolor: #9151b1;\n}\n@media only screen and (max-width:600px){\n.test-logo{\nmax-width: 45% !important;\n}\n.hexagons{\nmax-width: 30% !important;\n}\n.buttons {\n    display: block !important;\n}\n}\n.text-container {\n    text-align: center;\n    font-weight: 500;\n    font-size: 21px;\n}\n.button-container {\n    text-align: center;\n    border: 8px solid #ff5052;\n    margin: 15px;\n}\nb{\n    color: #4F1A6A;\n    font-weight: 700;\n}\n.entry-content p{\n    font-family: system-ui !important;\n    font-size: 100%;\n    font-style: inherit;\n    font-weight: inherit;\n    padding: 0px !important;\n    vertical-align: baseline;\n    box-sizing: border-box;\n    margin-bottom: 10px;\n    line-height: 2.0;\n    color: black;\n}\nh1.entry-title {\n    display: none;\n}\nfooter.entry-footer {\n    display: none;\n}\n.page.boxed #content.site-content article, .page.contentbox #content.site-content article {\n    padding: 0;\n}\n.caldera-grid .col-sm-12 {\n    padding: 30px;\n}\n.imgs-header {\n    display: flex;\n    justify-content: space-between;\n}\n.test-logo{\n    max-width: 20%;\n    height: 20%;\n}\n.site-content #primary {\n    width: 100%;\n}\n.question-category {\n    background-color: #633b9f;\n    color: #ff7879;\n    padding: 2px;\n}\nfooter.entry-footer {\n    display: none;\n}\n.radio {\n    color: #f4b05a;\n}\n.page.boxed #content.site-content article, .page.contentbox #content.site-content article {\n    padding: 0;\n}\n.caldera-grid .col-sm-12 {\n    padding: 30px;\n}\n.imgs-header {\n    display: flex;\n    justify-content: space-between;\n}\n.test-logo{\n    max-width: 20%;\n    height: 20%;\n}\nh1.entry-title {\n    display: none;\n}\n.checkbox {\n    color: #f6b05a;\n}\ni {\n    font-size: 15px !important;\n    line-height: 50px !important;\n    color: #f4b05a;\n}\n.control-label {\n    color: #633b9f;\n    line-height: 40px !important;\n    font-size: 19px !important;\n    font-style: italic;\n}\n.site-content #primary {\n    width: 100%;\n}\nb{\n    color: #4F1A6A\n}\n.interacty_padding {\n    padding: 80.5% 0 0 0px !important;\n}\nh3.total-line {\n    display: none;\n}\ndiv > h1 > b {\n    color: #ff5052;\n}\n.control-label {\n    color: #633b9f;\n}\n.caldera-grid label {\n    font-weight: 700;\n    font-size: 16px;\n    line-height: 30px;\n}\n.entry-content p {\n    margin-bottom: 10px;\n    line-height: 2.0;\n    color: black;\n}\n.buttons{\n    display: flex;\n    justify-content: space-evenly;\n}\n<\/style>\n<div class=\"imgs-header\">\n<img loading=\"lazy\" src=\"http:\/\/becomewomancoder.eu\/wp-content\/uploads\/2020\/11\/logo.png\" alt=\"\" style=\"padding: 1%;\" width=\"4717\" height=\"1999\" class=\"test-logo\"\/><br \/>\n<img loading=\"lazy\" src=\"http:\/\/becomewomancoder.eu\/wp-content\/uploads\/2021\/08\/Immagine-2022-08-29-103903.jpg\" alt=\"\" style=\"max-width: 13%;\" width=\"4717\" height=\"1999\" class=\"hexagons\"\/>\n<\/div>\n<div class=\"entry-content\" style=\"padding: 25px !important;\" >\n<h2>Aloita sinulle luotu koulutus valitsemalla profiilisi alta<\/h2>\n<div class=\"buttons\">\n<a href=\"https:\/\/becomewomancoder.eu\/training\/\"><\/p>\n<div class=\"text-container\">\nty\u00f6voimaneuvoja<\/p>\n<div class=\"button-container\">\n<img loading=\"lazy\" src=\"http:\/\/becomewomancoder.eu\/wp-content\/uploads\/2022\/09\/kobu-agency-7okkFhxrxNw-unsplash.jpg\" alt=\"\" width=\"2500\" height=\"1666\" class=\"alignnone size-full wp-image-615\" srcset=\"https:\/\/becomewomancoder.eu\/wp-content\/uploads\/2022\/09\/kobu-agency-7okkFhxrxNw-unsplash.jpg 2500w, https:\/\/becomewomancoder.eu\/wp-content\/uploads\/2022\/09\/kobu-agency-7okkFhxrxNw-unsplash-300x200.jpg 300w, https:\/\/becomewomancoder.eu\/wp-content\/uploads\/2022\/09\/kobu-agency-7okkFhxrxNw-unsplash-1024x682.jpg 1024w, https:\/\/becomewomancoder.eu\/wp-content\/uploads\/2022\/09\/kobu-agency-7okkFhxrxNw-unsplash-768x512.jpg 768w, https:\/\/becomewomancoder.eu\/wp-content\/uploads\/2022\/09\/kobu-agency-7okkFhxrxNw-unsplash-1536x1024.jpg 1536w, https:\/\/becomewomancoder.eu\/wp-content\/uploads\/2022\/09\/kobu-agency-7okkFhxrxNw-unsplash-2048x1365.jpg 2048w\" sizes=\"(max-width: 2500px) 100vw, 2500px\" \/>\n<\/div>\n<p><\/a>\n<\/div>\n<p><a href=\"https:\/\/becomewomancoder.eu\/women-test\/\"><\/p>\n<div class=\"text-container\">\nnainen<\/p>\n<div class=\"button-container\">\n<img loading=\"lazy\" width=\"2500\" height=\"1666\" src=\"http:\/\/becomewomancoder.eu\/wp-content\/uploads\/2022\/09\/linkedin-sales-solutions-IjkIOe-2fF4-unsplash.jpg\" class=\"alignnone size-full wp-image-565\" srcset=\"https:\/\/becomewomancoder.eu\/wp-content\/uploads\/2022\/09\/linkedin-sales-solutions-IjkIOe-2fF4-unsplash.jpg 2500w, https:\/\/becomewomancoder.eu\/wp-content\/uploads\/2022\/09\/linkedin-sales-solutions-IjkIOe-2fF4-unsplash-300x200.jpg 300w, https:\/\/becomewomancoder.eu\/wp-content\/uploads\/2022\/09\/linkedin-sales-solutions-IjkIOe-2fF4-unsplash-1024x682.jpg 1024w, https:\/\/becomewomancoder.eu\/wp-content\/uploads\/2022\/09\/linkedin-sales-solutions-IjkIOe-2fF4-unsplash-768x512.jpg 768w, https:\/\/becomewomancoder.eu\/wp-content\/uploads\/2022\/09\/linkedin-sales-solutions-IjkIOe-2fF4-unsplash-1536x1024.jpg 1536w, https:\/\/becomewomancoder.eu\/wp-content\/uploads\/2022\/09\/linkedin-sales-solutions-IjkIOe-2fF4-unsplash-2048x1365.jpg 2048w\" sizes=\"(max-width: 2500px) 100vw, 2500px\" \/>\n<\/div>\n<p><\/a>\n<\/div>\n<p><a href=\"https:\/\/becomewomancoder.eu\/training-professionals\/\"><\/p>\n<div class=\"text-container\">\nKoulutusammattilainen<\/p>\n<div class=\"button-container\">\n<img src=\"http:\/\/becomewomancoder.eu\/wp-content\/uploads\/2022\/09\/christina-wocintechchat-com-Q80LYxv_Tbs-unsplash-1.jpg\" class=\"alignnone size-full wp-image-579\" \/><\/div>\n<p><\/a><\/div>\n<\/div>\n<h1> <\/h1>\n<h2>Miksi t\u00e4llainen uudelleenkoulutus ?<\/h2>\n<h3>Yksitt\u00e4isen naisen edut: <\/h3>\n<ul>\n<li>Parempi palkka (se tarkoittaa parempia el\u00e4kkeit\u00e4), <\/li>\n<li>Hyv\u00e4t ty\u00f6olot,<\/li>\n<li>j\u00e4rkev\u00e4t ty\u00f6paikat,<\/li>\n<li>Aina tiimity\u00f6skentely,<\/li>\n<li>Nopea ja helposti saatavilla oleva uudelleenkoulutus kaikille,<\/li>\n<li>Rekrytoijat etsiv\u00e4t naishakijoita,<\/li>\n<li>Paremmat mahdollisuudet uralla etenemiseen.<\/li>\n<\/ul>\n<h3>Yhteiskunnalliset edut: <\/h3>\n<ul>\n<li>Naisten n\u00e4kyv\u00e4mmin IT-alalla, <\/li>\n<li>my\u00f6s naisten kehitt\u00e4m\u00e4t digitaaliset v\u00e4lineet,<\/li>\n<li>parempi sosiaalinen oikeudenmukaisuus, <\/li>\n<li>paremmat yht\u00e4l\u00e4iset mahdollisuudet kaikille<\/li>\n<\/ul>\n<\/div>\n<div class=\"imgs-footer\">\n<img loading=\"lazy\" src=\"http:\/\/becomewomancoder.eu\/wp-content\/uploads\/2021\/08\/Immagine-2022-08-29-103903-1.jpg\" alt=\"\" style=\"max-width: 13%;\" width=\"4717\" height=\"1999\" class=\"hexagons\"\/>\n<\/div>\n<p><\/p>","protected":false},"excerpt":{"rendered":"<p>Aloita sinulle luotu koulutus valitsemalla profiilisi alta ty\u00f6voimaneuvoja nainen Koulutusammattilainen Miksi t\u00e4llainen uudelleenkoulutus ? Yksitt\u00e4isen naisen edut: Parempi palkka (se tarkoittaa parempia el\u00e4kkeit\u00e4), Hyv\u00e4t ty\u00f6olot, j\u00e4rkev\u00e4t ty\u00f6paikat, Aina tiimity\u00f6skentely, Nopea ja helposti saatavilla oleva uudelleenkoulutus kaikille, Rekrytoijat etsiv\u00e4t naishakijoita, Paremmat mahdollisuudet uralla etenemiseen. Yhteiskunnalliset edut: Naisten n\u00e4kyv\u00e4mmin IT-alalla, my\u00f6s naisten kehitt\u00e4m\u00e4t digitaaliset v\u00e4lineet, parempi sosiaalinen &hellip;<\/p>\n<p class=\"read-more\"> <a class=\"\" href=\"https:\/\/becomewomancoder.eu\/fi\/start-your-training\/\"> <span class=\"screen-reader-text\">Aloita koulutus<\/span>Read More &raquo;<\/a><\/p>\n","protected":false},"author":1,"featured_media":0,"parent":0,"menu_order":0,"comment_status":"closed","ping_status":"closed","template":"","meta":{"_mi_skip_tracking":false},"_links":{"self":[{"href":"https:\/\/becomewomancoder.eu\/fi\/wp-json\/wp\/v2\/pages\/539"}],"collection":[{"href":"https:\/\/becomewomancoder.eu\/fi\/wp-json\/wp\/v2\/pages"}],"about":[{"href":"https:\/\/becomewomancoder.eu\/fi\/wp-json\/wp\/v2\/types\/page"}],"author":[{"embeddable":true,"href":"https:\/\/becomewomancoder.eu\/fi\/wp-json\/wp\/v2\/users\/1"}],"replies":[{"embeddable":true,"href":"https:\/\/becomewomancoder.eu\/fi\/wp-json\/wp\/v2\/comments?post=539"}],"version-history":[{"count":75,"href":"https:\/\/becomewomancoder.eu\/fi\/wp-json\/wp\/v2\/pages\/539\/revisions"}],"predecessor-version":[{"id":833,"href":"https:\/\/becomewomancoder.eu\/fi\/wp-json\/wp\/v2\/pages\/539\/revisions\/833"}],"wp:attachment":[{"href":"https:\/\/becomewomancoder.eu\/fi\/wp-json\/wp\/v2\/media?parent=539"}],"curies":[{"name":"wp","href":"https:\/\/api.w.org\/{rel}","templated":true}]}}