{"id":101,"date":"2020-12-04T15:18:13","date_gmt":"2020-12-04T15:18:13","guid":{"rendered":"http:\/\/becomewomancoder.eu\/?page_id=101"},"modified":"2022-01-21T13:13:55","modified_gmt":"2022-01-21T13:13:55","slug":"partners","status":"publish","type":"page","link":"https:\/\/becomewomancoder.eu\/fr\/partners\/","title":{"rendered":"Les Partenaires"},"content":{"rendered":"\r\n<ul id=\"amoteam-sc-team-769964345\" class=\"amoteam-sc-team amoteam-tiles amoteam-tile-style-2_1 amoteam-round-style amoteam-tile-style-2 \">\r\n\t<li class=\"amoteam-tiles__item \">\r\n\r\n\t\t<a class=\"amoteam-popup-link\" href=\"javascript:void(0)\" data-mfp-src=\"#amoteam-panel-769964345-116\">\r\n\t\r\n\t\t<div class=\"amoteam-member\">\r\n\t\t\t\t\t\t\t<div class=\"amoteam-member-hover-icon \">\r\n\r\n\t\t\t\t\t\t\t\t\t<i class=\"amoteam-icon-hover-info\"><\/i>\r\n\t\t\t\t\t\t\t\t<\/div>\r\n\t\t\t\r\n\t\t\t<div class=\"amoteam-member-info amoteam-member-info--al-right amoteam-member-info--ns\">\r\n\t\t\t\t<div class=\"amoteam-member-name amoteam-member-info__item \">Mimmit koodaa<\/div>\r\n\t\t\t\t\t\t\t<\/div><!-- .member-info -->\r\n\r\n\t\t\t<div class=\"amoteam-member-img-wrap\">\r\n\t\t\t\t<img class=\"amoteam-member-img\" src=\"https:\/\/becomewomancoder.eu\/wp-content\/uploads\/2020\/12\/mimmit_koodaa_pallo_turkoosi.png\" alt=\"Mimmit koodaa\">\r\n\t\t\t<\/div>\r\n\t\t<\/div><!-- .member -->\r\n\r\n\t\t\t<\/a>\r\n\t\t<\/li><!-- .tiles__item -->\r\n\r\n\r\n\t<li class=\"amoteam-tiles__item \">\r\n\r\n\t\t<a class=\"amoteam-popup-link\" href=\"javascript:void(0)\" data-mfp-src=\"#amoteam-panel-769964345-113\">\r\n\t\r\n\t\t<div class=\"amoteam-member\">\r\n\t\t\t\t\t\t\t<div class=\"amoteam-member-hover-icon \">\r\n\r\n\t\t\t\t\t\t\t\t\t<i class=\"amoteam-icon-hover-info\"><\/i>\r\n\t\t\t\t\t\t\t\t<\/div>\r\n\t\t\t\r\n\t\t\t<div class=\"amoteam-member-info amoteam-member-info--al-right amoteam-member-info--ns\">\r\n\t\t\t\t<div class=\"amoteam-member-name amoteam-member-info__item \">AcrossLimits Ltd.<\/div>\r\n\t\t\t\t\t\t\t<\/div><!-- .member-info -->\r\n\r\n\t\t\t<div class=\"amoteam-member-img-wrap\">\r\n\t\t\t\t<img class=\"amoteam-member-img\" src=\"https:\/\/becomewomancoder.eu\/wp-content\/uploads\/2020\/12\/AcrossLimits-04.png\" alt=\"AcrossLimits Ltd.\">\r\n\t\t\t<\/div>\r\n\t\t<\/div><!-- .member -->\r\n\r\n\t\t\t<\/a>\r\n\t\t<\/li><!-- .tiles__item -->\r\n\r\n\r\n\t<li class=\"amoteam-tiles__item \">\r\n\r\n\t\t<a class=\"amoteam-popup-link\" href=\"javascript:void(0)\" data-mfp-src=\"#amoteam-panel-769964345-110\">\r\n\t\r\n\t\t<div class=\"amoteam-member\">\r\n\t\t\t\t\t\t\t<div class=\"amoteam-member-hover-icon \">\r\n\r\n\t\t\t\t\t\t\t\t\t<i class=\"amoteam-icon-hover-info\"><\/i>\r\n\t\t\t\t\t\t\t\t<\/div>\r\n\t\t\t\r\n\t\t\t<div class=\"amoteam-member-info amoteam-member-info--al-right amoteam-member-info--ns\">\r\n\t\t\t\t<div class=\"amoteam-member-name amoteam-member-info__item \">CJ CONSEIL<\/div>\r\n\t\t\t\t\t\t\t<\/div><!-- .member-info -->\r\n\r\n\t\t\t<div class=\"amoteam-member-img-wrap\">\r\n\t\t\t\t<img class=\"amoteam-member-img\" src=\"https:\/\/becomewomancoder.eu\/wp-content\/uploads\/2020\/12\/Logo-CJCONSEIL-01.png\" alt=\"CJ CONSEIL\">\r\n\t\t\t<\/div>\r\n\t\t<\/div><!-- .member -->\r\n\r\n\t\t\t<\/a>\r\n\t\t<\/li><!-- .tiles__item -->\r\n\r\n\r\n\t<li class=\"amoteam-tiles__item \">\r\n\r\n\t\t<a class=\"amoteam-popup-link\" href=\"javascript:void(0)\" data-mfp-src=\"#amoteam-panel-769964345-107\">\r\n\t\r\n\t\t<div class=\"amoteam-member\">\r\n\t\t\t\t\t\t\t<div class=\"amoteam-member-hover-icon \">\r\n\r\n\t\t\t\t\t\t\t\t\t<i class=\"amoteam-icon-hover-info\"><\/i>\r\n\t\t\t\t\t\t\t\t<\/div>\r\n\t\t\t\r\n\t\t\t<div class=\"amoteam-member-info amoteam-member-info--al-right amoteam-member-info--ns\">\r\n\t\t\t\t<div class=\"amoteam-member-name amoteam-member-info__item \">Hauts de Garonne D\u00e9veloppement<\/div>\r\n\t\t\t\t\t\t\t<\/div><!-- .member-info -->\r\n\r\n\t\t\t<div class=\"amoteam-member-img-wrap\">\r\n\t\t\t\t<img class=\"amoteam-member-img\" src=\"https:\/\/becomewomancoder.eu\/wp-content\/uploads\/2020\/12\/Logo-HDGD-CMJN.png\" alt=\"Hauts de Garonne D\u00e9veloppement\">\r\n\t\t\t<\/div>\r\n\t\t<\/div><!-- .member -->\r\n\r\n\t\t\t<\/a>\r\n\t\t<\/li><!-- .tiles__item -->\r\n\r\n\r\n\t<li class=\"amoteam-tiles__item \">\r\n\r\n\t\t<a class=\"amoteam-popup-link\" href=\"javascript:void(0)\" data-mfp-src=\"#amoteam-panel-769964345-169\">\r\n\t\r\n\t\t<div class=\"amoteam-member\">\r\n\t\t\t\t\t\t\t<div class=\"amoteam-member-hover-icon \">\r\n\r\n\t\t\t\t\t\t\t\t\t<i class=\"amoteam-icon-hover-info\"><\/i>\r\n\t\t\t\t\t\t\t\t<\/div>\r\n\t\t\t\r\n\t\t\t<div class=\"amoteam-member-info amoteam-member-info--al-right amoteam-member-info--ns\">\r\n\t\t\t\t<div class=\"amoteam-member-name amoteam-member-info__item \">Geek Girls Carrots<\/div>\r\n\t\t\t\t\t\t\t<\/div><!-- .member-info -->\r\n\r\n\t\t\t<div class=\"amoteam-member-img-wrap\">\r\n\t\t\t\t<img class=\"amoteam-member-img\" src=\"https:\/\/becomewomancoder.eu\/wp-content\/uploads\/2021\/01\/GGC_logo_white_lightgrey_background-640x640.png\" alt=\"Geek Girls Carrots\">\r\n\t\t\t<\/div>\r\n\t\t<\/div><!-- .member -->\r\n\r\n\t\t\t<\/a>\r\n\t\t<\/li><!-- .tiles__item -->\r\n\r\n<\/ul><!-- .sc-team -->\r\n<script>amoTeamVars.teamSC.push({\"type\":\"team\",\"scID\":\"#amoteam-sc-team-769964345\",\"itemWidth\":250,\"itemMargin\":20,\"align\":\"left\",\"fullWidth\":\"yes\",\"panel\":\"right\"})<\/script><div class=\"amoteam-panels\">\r\n<div id=\"amoteam-panel-769964345-116\" class=\"amoteam-panel mfp-hide amoteam-panel-align-right amoteam-panel-pf-image \"\r\n     data-align=\"right\" data-format=\"image\">\r\n\r\n\t<div class=\"amoteam-panel__header\">\r\n\r\n\t\t\r\n\r\n\t\t<button type=\"button\" class=\"amoteam-btn amoteam-btn-rc-square amoteam-btn-panel-close\" data-dismiss=\"modal\" aria-label=\"Close Panel\"><i aria-hidden=\"true\" class=\"amoteam-icon-close\"><\/i><\/button>\r\n\r\n\t\t\t\t\t\t<div class=\"amoteam-panel__img-wrap\">\r\n\t\t\t\t\t\t<img class=\"amoteam-panel__img\" src=\"https:\/\/becomewomancoder.eu\/wp-content\/plugins\/amo-team-showcase\/public\/img\/image-placeholder.png\" data-src=\"https:\/\/becomewomancoder.eu\/wp-content\/uploads\/2020\/12\/mimmit_koodaa_pallo_turkoosi.png\" alt=\"Mimmit koodaa\">\r\n\t\t\t\t\t<\/div><!-- .panel__img-wrap -->\r\n\r\n\t\t\r\n\t\t<div class=\"amoteam-panel__heading\">\r\n\t\t\t<h3 class=\"amoteam-panel__title amoteam-panel__heading-item\">Mimmit koodaa<\/h3>\r\n\t\t\t\t\t<\/div>\r\n\r\n\t<\/div><!-- .panel__header -->\r\n\r\n\t<div class=\"amoteam-panel__content\">\r\n\t\t<p>Le but du programme Mimmit koodaa (programme de codage des femmes) est d&#8217;accro\u00eetre l&#8217;\u00e9galit\u00e9 dans l&#8217;industrie finlandaise du logiciel en brisant le st\u00e9r\u00e9otype selon lequel le codage est r\u00e9serv\u00e9 aux hommes.<\/p>\n<p>&nbsp;<\/p>\n<p>Le c\u0153ur du programme est de fournir des ateliers de codage facilement accessibles et gratuits pour les femmes qui sont int\u00e9ress\u00e9es par le codage mais qui n&#8217;ont aucune exp\u00e9rience pr\u00e9alable dans ce domaine. Le programme est mis en \u0153uvre par l&#8217;Association finlandaise des logiciels et du commerce \u00e9lectronique et ses entreprises membres.<\/p>\n<p>&nbsp;<\/p>\n<p>L&#8217;objectif \u00e0 long terme de #mimmitkoodaa est de contribuer \u00e0 donner aux g\u00e9n\u00e9rations futures une chance \u00e9gale d&#8217;\u00e9tudier et de s&#8217;\u00e9panouir dans le domaine des technologies de l&#8217;information, en particulier dans l&#8217;industrie du logiciel. \u00c0 l&#8217;avenir, chaque entreprise sera une entreprise de logiciels et il y aura un besoin croissant d&#8217;utiliser, de personnaliser, d&#8217;acheter et de d\u00e9velopper des logiciels.<\/p>\n<p>&nbsp;<\/p>\n<p>En d\u00e9cembre 2019, le CESE a partag\u00e9 le prix de la soci\u00e9t\u00e9 civile, qui r\u00e9compense les initiatives visant \u00e0 sensibiliser et \u00e0 lutter pour l&#8217;\u00e9galit\u00e9 entre les femmes et les hommes dans l&#8217;UE. Le programme Mimmit koodaa a \u00e9t\u00e9 r\u00e9compens\u00e9 pour avoir combattu le st\u00e9r\u00e9otype selon lequel le d\u00e9veloppement de logiciels est r\u00e9serv\u00e9 aux hommes. La responsable du programme, Milja K\u00f6psi, a \u00e9t\u00e9 nomin\u00e9e pour le &#8220;2020 Nordic Women in Tech Award&#8221; pour le prix &#8220;Diversity Leader&#8221;.<\/p>\n<p>&nbsp;<\/p>\n<p>Mimmit koodaa compte plus de 6000 femmes, plus de 50 entreprises, plus de 2000 places d&#8217;atelier propos\u00e9es, de nombreux ateliers, d\u00e9fis, exercices, etc.<\/p>\n<p>&nbsp;<\/p>\n<p><a href=\"https:\/\/mimmitkoodaa.ohjelmistoebusiness.fi\" target=\"_blank\" rel=\"noopener noreferrer\"><span style=\"font-weight: 400;\">https:\/\/mimmitkoodaa.ohjelmistoebusiness.fi<\/span><\/a><\/p>\n\t<\/div><!-- .panel__content -->\r\n\r\n<\/div><!-- .panel -->\r\n<div id=\"amoteam-panel-769964345-113\" class=\"amoteam-panel mfp-hide amoteam-panel-align-right amoteam-panel-pf-image \"\r\n     data-align=\"right\" data-format=\"image\">\r\n\r\n\t<div class=\"amoteam-panel__header\">\r\n\r\n\t\t\r\n\r\n\t\t<button type=\"button\" class=\"amoteam-btn amoteam-btn-rc-square amoteam-btn-panel-close\" data-dismiss=\"modal\" aria-label=\"Close Panel\"><i aria-hidden=\"true\" class=\"amoteam-icon-close\"><\/i><\/button>\r\n\r\n\t\t\t\t\t\t<div class=\"amoteam-panel__img-wrap\">\r\n\t\t\t\t\t\t<img class=\"amoteam-panel__img\" src=\"https:\/\/becomewomancoder.eu\/wp-content\/plugins\/amo-team-showcase\/public\/img\/image-placeholder.png\" data-src=\"https:\/\/becomewomancoder.eu\/wp-content\/uploads\/2020\/12\/AcrossLimits-04.png\" alt=\"AcrossLimits Ltd.\">\r\n\t\t\t\t\t<\/div><!-- .panel__img-wrap -->\r\n\r\n\t\t\r\n\t\t<div class=\"amoteam-panel__heading\">\r\n\t\t\t<h3 class=\"amoteam-panel__title amoteam-panel__heading-item\">AcrossLimits Ltd.<\/h3>\r\n\t\t\t\t\t<\/div>\r\n\r\n\t<\/div><!-- .panel__header -->\r\n\r\n\t<div class=\"amoteam-panel__content\">\r\n\t\t<p>&#8220;AcrossLimits&#8221; est une PME maltaise qui a une longue histoire de succ\u00e8s tant sur la sc\u00e8ne nationale qu&#8217;europ\u00e9enne avec la participation \u00e0 plus de 60 projets financ\u00e9s par l&#8217;UE au cours de ses 19 ann\u00e9es d&#8217;existence. Au fil des ans, nous avons d\u00e9velopp\u00e9 un vaste ensemble de comp\u00e9tences dans les domaines de l&#8217;\u00e9ducation, de la sant\u00e9, de l&#8217;entreprenariat, des plateformes num\u00e9riques et de la diffusion.<\/p>\n<p>En tant qu&#8217;entreprise de TIC, nous portons un grand int\u00e9r\u00eat \u00e0 l&#8217;apprentissage en ligne et avons particip\u00e9 \u00e0 divers projets et cours de formation de l&#8217;UE qui incorporaient ou \u00e9taient bas\u00e9s sur l&#8217;apprentissage en ligne. Nous avons d\u00e9velopp\u00e9 plusieurs plates-formes de ce type pour diff\u00e9rents publics cibles allant des \u00e9ducateur.rice.s aux \u00e9tudiant.e.s, en passant par les professionnel.le.s, les artistes, les personnes d\u00e9favoris\u00e9es et bien d&#8217;autres encore.<\/p>\n<p>En s&#8217;appuyant sur nos solides r\u00e9seaux, tant au niveau national qu&#8217;international, nous avons jou\u00e9 le r\u00f4le de responsables de la diffusion dans divers projets financ\u00e9s par l&#8217;UE, nos t\u00e2ches allant de la simple cr\u00e9ation de sites web \u00e0 l&#8217;organisation de conf\u00e9rences et de symposiums internationaux. https:\/\/www.acrosslimits.com\/&#8221;<\/p>\n<p><a href=\"https:\/\/www.acrosslimits.com\/\" target=\"_blank\" rel=\"noopener noreferrer\"><b>https:\/\/www.acrosslimits.com\/<\/b><\/a><\/p>\n\t<\/div><!-- .panel__content -->\r\n\r\n<\/div><!-- .panel -->\r\n<div id=\"amoteam-panel-769964345-110\" class=\"amoteam-panel mfp-hide amoteam-panel-align-right amoteam-panel-pf-image \"\r\n     data-align=\"right\" data-format=\"image\">\r\n\r\n\t<div class=\"amoteam-panel__header\">\r\n\r\n\t\t\r\n\r\n\t\t<button type=\"button\" class=\"amoteam-btn amoteam-btn-rc-square amoteam-btn-panel-close\" data-dismiss=\"modal\" aria-label=\"Close Panel\"><i aria-hidden=\"true\" class=\"amoteam-icon-close\"><\/i><\/button>\r\n\r\n\t\t\t\t\t\t<div class=\"amoteam-panel__img-wrap\">\r\n\t\t\t\t\t\t<img class=\"amoteam-panel__img\" src=\"https:\/\/becomewomancoder.eu\/wp-content\/plugins\/amo-team-showcase\/public\/img\/image-placeholder.png\" data-src=\"https:\/\/becomewomancoder.eu\/wp-content\/uploads\/2020\/12\/Logo-CJCONSEIL-01.png\" alt=\"CJ CONSEIL\">\r\n\t\t\t\t\t<\/div><!-- .panel__img-wrap -->\r\n\r\n\t\t\r\n\t\t<div class=\"amoteam-panel__heading\">\r\n\t\t\t<h3 class=\"amoteam-panel__title amoteam-panel__heading-item\">CJ CONSEIL<\/h3>\r\n\t\t\t\t\t<\/div>\r\n\r\n\t<\/div><!-- .panel__header -->\r\n\r\n\t<div class=\"amoteam-panel__content\">\r\n\t\t<p>&#8220;CJ Conseil&#8221; est une agence fran\u00e7aise fond\u00e9e par Charline Jambert, sp\u00e9cialiste de la gestion du changement et des questions d&#8217;\u00e9galit\u00e9 des sexes.<\/p>\n<p>&nbsp;<\/p>\n<p>Nous initions et d\u00e9veloppons des projets europ\u00e9ens de grande envergure ax\u00e9s sur de grands sujets de soci\u00e9t\u00e9 : \u00e9quilibre entre les sexes dans les professions, emploi des jeunes, d\u00e9veloppement des qualifications et des postes f\u00e9minins, promotion de l&#8217;entrepreneuriat des jeunes, etc.<\/p>\n<p>&nbsp;<\/p>\n<p>Nos principaux objectifs sont de trouver de nouvelles approches et des moyens num\u00e9riques innovants pour sensibiliser et former (serious games, vid\u00e9os \u00e9ducatives, ateliers dynamiques, etc.)&#8221;.<\/p>\n\t<\/div><!-- .panel__content -->\r\n\r\n<\/div><!-- .panel -->\r\n<div id=\"amoteam-panel-769964345-107\" class=\"amoteam-panel mfp-hide amoteam-panel-align-right amoteam-panel-pf-image \"\r\n     data-align=\"right\" data-format=\"image\">\r\n\r\n\t<div class=\"amoteam-panel__header\">\r\n\r\n\t\t\r\n\r\n\t\t<button type=\"button\" class=\"amoteam-btn amoteam-btn-rc-square amoteam-btn-panel-close\" data-dismiss=\"modal\" aria-label=\"Close Panel\"><i aria-hidden=\"true\" class=\"amoteam-icon-close\"><\/i><\/button>\r\n\r\n\t\t\t\t\t\t<div class=\"amoteam-panel__img-wrap\">\r\n\t\t\t\t\t\t<img class=\"amoteam-panel__img\" src=\"https:\/\/becomewomancoder.eu\/wp-content\/plugins\/amo-team-showcase\/public\/img\/image-placeholder.png\" data-src=\"https:\/\/becomewomancoder.eu\/wp-content\/uploads\/2020\/12\/Logo-HDGD-CMJN.png\" alt=\"Hauts de Garonne D\u00e9veloppement\">\r\n\t\t\t\t\t<\/div><!-- .panel__img-wrap -->\r\n\r\n\t\t\r\n\t\t<div class=\"amoteam-panel__heading\">\r\n\t\t\t<h3 class=\"amoteam-panel__title amoteam-panel__heading-item\">Hauts de Garonne D\u00e9veloppement<\/h3>\r\n\t\t\t\t\t<\/div>\r\n\r\n\t<\/div><!-- .panel__header -->\r\n\r\n\t<div class=\"amoteam-panel__content\">\r\n\t\t<p>&#8220;Depuis 2003, dans le cadre de sa mission d&#8217;accompagnement des entreprises dans le d\u00e9veloppement de leurs activit\u00e9s, l&#8217;agence informe et mobilise \u00e9galement les entreprises contre les discriminations \u00e0 l&#8217;embauche et \u00e0 la formation, ainsi que pour la promotion de l&#8217;\u00e9galit\u00e9 professionnelle entre les hommes et les femmes. L&#8217;agence m\u00e8ne, depuis 2013, une action annuelle de &#8220;d\u00e9couverte des m\u00e9tiers et par la promotion de la mixit\u00e9 en entreprise&#8221; financ\u00e9e par le FSE, qui soutient les entreprises d\u00e9veloppant la mixit\u00e9.<\/p>\n<p>Par ailleurs, en 2017, l&#8217;agence a finalis\u00e9, en tant que co-initiateur, un projet du programme Erasmus+ intitul\u00e9 &#8220;Mixit\u00e9 des m\u00e9tiers, Emploi \u00e0 la cl\u00e9&#8221; (<a href=\"https:\/\/mixitedesmetiers.wixsite.com\/accueil\/\" target=\"_blank\" rel=\"noopener noreferrer\">mixitedesmetiers.wixsite.com<\/a>) en produisant des outils pour aider \u00e0 convaincre les femmes sans emploi de se reconvertir dans des m\u00e9tiers prometteurs principalement exerc\u00e9s par des hommes. Depuis 3 ans, en se concentrant sur l&#8217;un de ces m\u00e9tiers prometteurs qu&#8217;est le d\u00e9veloppement informatique, l&#8217;agence organise des sessions d&#8217;initiation au codage informatique, ouvertes uniquement aux femmes sans emploi, sans exp\u00e9rience pr\u00e9alable.&#8221;<\/p>\n<p><a href=\"http:\/\/www.hdgdev.com\">www.hdgdev.com<\/a><\/p>\n\t<\/div><!-- .panel__content -->\r\n\r\n<\/div><!-- .panel -->\r\n<div id=\"amoteam-panel-769964345-169\" class=\"amoteam-panel mfp-hide amoteam-panel-align-right amoteam-panel-pf-image \"\r\n     data-align=\"right\" data-format=\"image\">\r\n\r\n\t<div class=\"amoteam-panel__header\">\r\n\r\n\t\t\r\n\r\n\t\t<button type=\"button\" class=\"amoteam-btn amoteam-btn-rc-square amoteam-btn-panel-close\" data-dismiss=\"modal\" aria-label=\"Close Panel\"><i aria-hidden=\"true\" class=\"amoteam-icon-close\"><\/i><\/button>\r\n\r\n\t\t\t\t\t\t<div class=\"amoteam-panel__img-wrap\">\r\n\t\t\t\t\t\t<img class=\"amoteam-panel__img\" src=\"https:\/\/becomewomancoder.eu\/wp-content\/plugins\/amo-team-showcase\/public\/img\/image-placeholder.png\" data-src=\"https:\/\/becomewomancoder.eu\/wp-content\/uploads\/2021\/01\/GGC_logo_white_lightgrey_background-640x640.png\" alt=\"Geek Girls Carrots\">\r\n\t\t\t\t\t<\/div><!-- .panel__img-wrap -->\r\n\r\n\t\t\r\n\t\t<div class=\"amoteam-panel__heading\">\r\n\t\t\t<h3 class=\"amoteam-panel__title amoteam-panel__heading-item\">Geek Girls Carrots<\/h3>\r\n\t\t\t\t\t<\/div>\r\n\r\n\t<\/div><!-- .panel__header -->\r\n\r\n\t<div class=\"amoteam-panel__content\">\r\n\t\t<p>&#8220;Geek Girls Carrots&#8221; est une organisation mondiale de base ax\u00e9e sur les femmes dans le domaine de la technologie et les femmes entrepreneures. Nous nous r\u00e9unissons pour nous inspirer, apprendre les unes des autres et partager nos connaissances.<\/p>\n<p>Nous pensons que les filles dans les nouvelles technologies sont \u00e0 l&#8217;avant-garde de l&#8217;innovation. Nous voulons surmonter les st\u00e9r\u00e9otypes en apportant plus de diversit\u00e9 dans le monde des technologies. Nous rassemblons des administratrices, des analystes, des architectes d&#8217;application, des d\u00e9veloppeuses, des graphistes, des responsables informatiques, des programmeuses, des sp\u00e9cialistes des m\u00e9dias sociaux, des architectes de syst\u00e8me, des cheffes de projet, des femmes ayant des id\u00e9es de start-up, des \u00e9tudiantes en informatique et bien d&#8217;autres encore.<\/p>\n<p>Geek Girls Carrots est n\u00e9 en Pologne en 2011, et s&#8217;est d\u00e9velopp\u00e9 pour devenir l&#8217;un des principaux partenaires de diversit\u00e9 des organisations priv\u00e9es et publiques en Pologne dans les secteurs de la technologie et de l&#8217;innovation. www.gocarrots.org&#8221;<\/p>\n<p><a href=\"http:\/\/www.gocarrots.org\" target=\"_blank\" rel=\"noopener noreferrer\"><span style=\"font-weight: 400;\">www.gocarrots.org<\/span><\/a><\/p>\n\t<\/div><!-- .panel__content -->\r\n\r\n<\/div><!-- .panel --><\/div><!-- .panels -->\n","protected":false},"excerpt":{"rendered":"","protected":false},"author":1,"featured_media":0,"parent":0,"menu_order":0,"comment_status":"closed","ping_status":"closed","template":"","meta":{"_mi_skip_tracking":false},"_links":{"self":[{"href":"https:\/\/becomewomancoder.eu\/fr\/wp-json\/wp\/v2\/pages\/101"}],"collection":[{"href":"https:\/\/becomewomancoder.eu\/fr\/wp-json\/wp\/v2\/pages"}],"about":[{"href":"https:\/\/becomewomancoder.eu\/fr\/wp-json\/wp\/v2\/types\/page"}],"author":[{"embeddable":true,"href":"https:\/\/becomewomancoder.eu\/fr\/wp-json\/wp\/v2\/users\/1"}],"replies":[{"embeddable":true,"href":"https:\/\/becomewomancoder.eu\/fr\/wp-json\/wp\/v2\/comments?post=101"}],"version-history":[{"count":8,"href":"https:\/\/becomewomancoder.eu\/fr\/wp-json\/wp\/v2\/pages\/101\/revisions"}],"predecessor-version":[{"id":330,"href":"https:\/\/becomewomancoder.eu\/fr\/wp-json\/wp\/v2\/pages\/101\/revisions\/330"}],"wp:attachment":[{"href":"https:\/\/becomewomancoder.eu\/fr\/wp-json\/wp\/v2\/media?parent=101"}],"curies":[{"name":"wp","href":"https:\/\/api.w.org\/{rel}","templated":true}]}}