{"id":494,"date":"2022-09-12T10:03:01","date_gmt":"2022-09-12T10:03:01","guid":{"rendered":"http:\/\/becomewomancoder.eu\/?page_id=494"},"modified":"2022-10-25T14:17:01","modified_gmt":"2022-10-25T14:17:01","slug":"resources","status":"publish","type":"page","link":"https:\/\/becomewomancoder.eu\/fr\/resources\/","title":{"rendered":"Ressources"},"content":{"rendered":"<p><\/p>\n<style>\n@media only screen and (max-width: 600px)\n{\niframe.ead-iframe {\n    min-height: 245px !important;\n}\niframe{\n   height: 100% !important;\n   width: 100% !important;\n}\n}\n.site-content #primary {\n    width: 100%;\n}\n<\/style>\n<p><center><br \/>\n<div class=\"ead-preview\"><div class=\"ead-document\" style=\"position: relative;\"><div class=\"ead-iframe-wrapper\"><iframe src=\"\/\/docs.google.com\/viewer?url=http%3A%2F%2Fbecomewomancoder.eu%2Fwp-content%2Fuploads%2F2021%2F08%2FBWC-IO5-Convincing-part-FR.pdf&amp;embedded=true&amp;hl=en\" title=\"Document embarqu\u00e9\" class=\"ead-iframe\" style=\"width: 100%;height: 80%;border: none;min-height: 500px;visibility: hidden;\"><\/iframe><\/div>\t\t\t<div class=\"ead-document-loading\" style=\"width:100%;height:100%;position:absolute;left:0;top:0;z-index:10;\">\n\t\t\t\t<div class=\"ead-loading-wrap\">\n\t\t\t\t\t<div class=\"ead-loading-main\">\n\t\t\t\t\t\t<div class=\"ead-loading\">\n\t\t\t\t\t\t\t<img src=\"https:\/\/becomewomancoder.eu\/wp-content\/plugins\/embed-any-document\/images\/loading.svg\" width=\"55\" height=\"55\" alt=\"Chargeur\">\n\t\t\t\t\t\t\t<span>En cours de chargement&hellip;<\/span>\n\t\t\t\t\t\t<\/div>\n\t\t\t\t\t<\/div>\n\t\t\t\t\t<div class=\"ead-loading-foot\">\n\t\t\t\t\t\t<div class=\"ead-loading-foot-title\">\n\t\t\t\t\t\t\t<img src=\"https:\/\/becomewomancoder.eu\/wp-content\/plugins\/embed-any-document\/images\/EAD-logo.svg\" alt=\"Logo EAD\" width=\"36\" height=\"23\"\/>\n\t\t\t\t\t\t\t<span>Cela prend trop de temps\u00a0?<\/span>\n\t\t\t\t\t\t<\/div>\n\t\t\t\t\t\t<p>\n\t\t\t\t\t\t\t<div class=\"ead-document-btn ead-reload-btn\" role=\"button\">\n\t\t\t\t\t\t\t\t<img src=\"https:\/\/becomewomancoder.eu\/wp-content\/plugins\/embed-any-document\/images\/reload.svg\" alt=\"Recharger\" width=\"12\" height=\"12\"\/> Recharger le document\t\t\t\t\t\t\t<\/div>\n\t\t\t\t\t\t\t<span>|<\/span>\n\t\t\t\t\t\t\t<a href=\"http:\/\/becomewomancoder.eu\/wp-content\/uploads\/2021\/08\/BWC-IO5-Convincing-part-FR.pdf\" class=\"ead-document-btn\" target=\"_blank\">\n\t\t\t\t\t\t\t\t<img src=\"https:\/\/becomewomancoder.eu\/wp-content\/plugins\/embed-any-document\/images\/open.svg\" alt=\"Ouvert\" width=\"12\" height=\"12\"\/> Ouvrir dans un nouvel onglet\t\t\t\t\t\t\t<\/a>\n\t\t\t\t\t<\/div>\n\t\t\t\t<\/div>\n\t\t\t<\/div>\n\t\t<\/div><\/div><br \/>\n<a class=\"badge-button\" href=\"\/wp-content\/uploads\/2021\/08\/BWC-IO5-Convincing-part-FR.pdf\" download='Coding-jobs'>Download in PDF<\/a><br \/>\n<\/center><br \/>\n<center><\/p>\n<h1><a target=\"_blank\" href=\"https:\/\/becomewomancoder.eu\/mini\/fr\/FRENCH-digital-world\/story.html\" rel=\"noopener noreferrer\">Le monde num\u00e9rique<\/a><\/h1>\n<p><iframe loading=\"lazy\" src=\"https:\/\/becomewomancoder.eu\/mini\/fr\/FRENCH-digital-world\/story.html\" width=\"100%\" height=\"664px\" ><\/iframe><\/p>\n<h1><a target=\"_blank\" href=\"https:\/\/becomewomancoder.eu\/mini\/fr\/FRENCH-web-jobs\/story.html\" rel=\"noopener noreferrer\">Les m\u00e9tiers du Web<\/a><\/h1>\n<p><iframe loading=\"lazy\" src=\"https:\/\/becomewomancoder.eu\/mini\/fr\/FRENCH-web-jobs\/story.html\"  width=\"100%\" height=\"664px\" ><\/iframe><\/p>\n<h1><a target=\"_blank\" href=\"https:\/\/becomewomancoder.eu\/mini\/fr\/FRENCH-job-description-game\/story.html\" rel=\"noopener noreferrer\">En quoi consiste leur job ?<\/a><\/h1>\n<p><iframe loading=\"lazy\" src=\"https:\/\/becomewomancoder.eu\/mini\/fr\/FRENCH-job-description-game\/story.html\" width=\"100%\" height=\"664px\" ><\/iframe><\/p>\n<div class=\"spot-games\">\n<h1><a target=\"_blank\" href=\"https:\/\/p.interacty.me\/346b963d8503042a\/iframe.html\" rel=\"noopener noreferrer\">Rep\u00e9rez les d\u00e9tails\u00a0!<\/a><\/h1>\n<div class=\"interacty_padding\" style=\"position: relative; padding: 28% !important\">\n<div class=\"interacty_wrapper\" style=\"position: absolute; top: 0; left: 0; width: 100%; height: 100%;\">\n        <iframe style=\"border: none; width: 100%; height: 100%;\" src=\"https:\/\/p.interacty.me\/346b963d8503042a\/iframe.html\"><\/iframe>\n    <\/div>\n<\/div>\n<h1><a target=\"_blank\" href=\"https:\/\/p.interacty.me\/103cc352ea7ee715\/iframe.html\" rel=\"noopener noreferrer\">Rep\u00e9rez le HTML\u00a0!<\/a><\/h1>\n<div class=\"interacty_padding\" style=\"position: relative; padding: 77% 0 0 0px !important;\">\n<div class=\"interacty_wrapper\" style=\"position: absolute; top: 0; left: 0; width: 100%; height: 100%;\">\n        <iframe style=\"border: none; width: 100%; height: 100%;\" src=\"https:\/\/p.interacty.me\/103cc352ea7ee715\/iframe.html\"><\/iframe>\n    <\/div>\n<\/div>\n<h1><a target=\"_blank\" href=\"https:\/\/p.interacty.me\/2c854e6f8fee3f69\/iframe.html\" rel=\"noopener noreferrer\">Rep\u00e9rez le CSS\u00a0!<\/a><\/h1>\n<div class=\"interacty_padding\" style=\"position: relative; padding: 85% 0 0 0px !important;\">\n<div class=\"interacty_wrapper\" style=\"position: absolute; top: 0; left: 0; width: 100%; height: 100%;\">\n        <iframe style=\"border: none; width: 100%; height: 100%;\" src=\"https:\/\/p.interacty.me\/2c854e6f8fee3f69\/iframe.html\"><\/iframe>\n    <\/div>\n<\/div>\n<\/div>\n<h1><a target=\"_blank\" href=\"https:\/\/becomewomancoder.eu\/mini\/fr\/FRENCH-brain-game\/story.html\" rel=\"noopener noreferrer\">Twist your brain !<\/a><\/h1>\n<p><iframe loading=\"lazy\" src=\"https:\/\/becomewomancoder.eu\/mini\/fr\/FRENCH-brain-game\/story.html\" width=\"100%\" height=\"664px\" ><\/iframe><\/p>\n<h1><a target=\"_blank\" href=\"https:\/\/becomewomancoder.eu\/mini\/fr\/FRENCH-cross-game\/story.html\" rel=\"noopener noreferrer\">Picross<\/a><\/h1>\n<p><iframe loading=\"lazy\" src=\"https:\/\/becomewomancoder.eu\/mini\/fr\/FRENCH-cross-game\/story.html\"  width=\"100%\" height=\"664px\" ><\/iframe><\/p>\n<h1><a target=\"_blank\" href=\"https:\/\/docs.google.com\/forms\/d\/e\/1FAIpQLSfMBqCHGHhbhjbv2iZ_0z3P8zUKRMnQs_SPr9Ln1BTLDZcCcg\/viewform?pli=1\" rel=\"noopener noreferrer\">Suis-je faite pour \u00eatre d\u00e9veloppeuse ?<\/a><\/h1>\n<p><iframe loading=\"lazy\" src=\"https:\/\/docs.google.com\/forms\/d\/e\/1FAIpQLSfMBqCHGHhbhjbv2iZ_0z3P8zUKRMnQs_SPr9Ln1BTLDZcCcg\/viewform?pli=1\" width=\"100%\" height=\"664px\" ><\/iframe><br \/>\n<\/center><br \/>\n<\/p>\n<h2>Kira, ing\u00e9nieure data, ex-juriste (France)<\/h2>\n<div onclick=\"this.nextElementSibling.style.display='block'; this.style.display='none'\">\n   <img src=\"http:\/\/becomewomancoder.eu\/wp-content\/uploads\/2021\/08\/Kira.png\" style=\"cursor:pointer\" \/>\n<\/div>\n<div style=\"display:none\">\n    <iframe loading=\"lazy\" src=\"https:\/\/drive.google.com\/file\/d\/1YijkMFzFmn5cnJbexdDcn0D71IUA3eLk\/preview?\" width=\"768px\" height=\"480\" name=\"iframe_video1\"><\/iframe>\n<\/div>\n<p><center><br \/>\n<a target=\"_blank\" class=\"badge-button\" href=\"https:\/\/drive.google.com\/file\/d\/1YijkMFzFmn5cnJbexdDcn0D71IUA3eLk\/view\" rel=\"noopener noreferrer\">Lien vers la vid\u00e9o<\/a><br \/>\n<\/center><\/p>\n<h2>Maeva, UX Designer, ex fleuriste \u00e9v\u00e9nementielle (France)<\/h2>\n<div onclick=\"this.nextElementSibling.style.display='block'; this.style.display='none'\">\n   <img src=\"http:\/\/becomewomancoder.eu\/wp-content\/uploads\/2021\/08\/Maeve-1.png\" style=\"cursor:pointer\" \/>\n<\/div>\n<div style=\"display:none\">\n    <iframe loading=\"lazy\" src=\"https:\/\/drive.google.com\/file\/d\/1oEwSgjJcFvb4VtHHHupkC8Ng2EM0oVU2\/preview?\" width=\"768px\" height=\"480\" name=\"iframe_video1\"><\/iframe>\n<\/div>\n<p><center><br \/>\n<a target=\"_blank\" class=\"badge-button\" href=\"https:\/\/drive.google.com\/file\/d\/1oEwSgjJcFvb4VtHHHupkC8Ng2EM0oVU2\/view\" rel=\"noopener noreferrer\">Lien vers la vid\u00e9o<\/a><br \/>\n<\/center><\/p>\n<h2>Vlada, D\u00e9veloppeuse Web, ex-babbysitter (Finlande)<\/h2>\n<div onclick=\"this.nextElementSibling.style.display='block'; this.style.display='none'\">\n   <img src=\"http:\/\/becomewomancoder.eu\/wp-content\/uploads\/2021\/08\/Vlada.png\" style=\"cursor:pointer\" \/>\n<\/div>\n<div style=\"display:none\">\n    <iframe loading=\"lazy\" src=\"https:\/\/drive.google.com\/file\/d\/1pZG3W74o_ioObLwQ0JeCb9OQ7S_qKvbw\/preview?\" width=\"768px\" height=\"480\" name=\"iframe_video1\"><\/iframe>\n<\/div>\n<p><center><br \/>\n<a target=\"_blank\" class=\"badge-button\" href=\"https:\/\/drive.google.com\/file\/d\/1pZG3W74o_ioObLwQ0JeCb9OQ7S_qKvbw\/view\" rel=\"noopener noreferrer\">Lien vers la vid\u00e9o<\/a><br \/>\n<\/center><\/p>\n<h2>Luisa D\u00e9veloppeuse CRM, Email et Web, ex-gestionnaire de personnel (Malte)<\/h2>\n<div onclick=\"this.nextElementSibling.style.display='block'; this.style.display='none'\">\n   <img src=\"http:\/\/becomewomancoder.eu\/wp-content\/uploads\/2021\/08\/Louisa.png\" style=\"cursor:pointer\" \/>\n<\/div>\n<div style=\"display:none\">\n    <iframe loading=\"lazy\" src=\"https:\/\/drive.google.com\/file\/d\/1UbpISLP1_wdJ7wTaAkYVBX6oLf29PuU2\/preview?\" width=\"768px\" height=\"480\" name=\"iframe_video1\"><\/iframe>\n<\/div>\n<p><center><br \/>\n<a target=\"_blank\" class=\"badge-button\" href=\"https:\/\/drive.google.com\/file\/d\/1UbpISLP1_wdJ7wTaAkYVBX6oLf29PuU2\/view\" rel=\"noopener noreferrer\">Lien vers la vid\u00e9o<\/a><br \/>\n<\/center><\/p>\n<h2>Aleksandra, Ing\u00e9nieure QA, ex-traductrice (Pologne)<\/h2>\n<div onclick=\"this.nextElementSibling.style.display='block'; this.style.display='none'\">\n   <img src=\"http:\/\/becomewomancoder.eu\/wp-content\/uploads\/2021\/08\/Aleksandra.png\" style=\"cursor:pointer\" \/>\n<\/div>\n<div style=\"display:none\">\n    <iframe loading=\"lazy\" src=\"https:\/\/drive.google.com\/file\/d\/1uszOvDy1JrxjgikmBTlGW2g0fTPUrzSF\/preview?\" width=\"768px\" height=\"480\" name=\"iframe_video1\"><\/iframe>\n<\/div>\n<p><center><br \/>\n<a target=\"_blank\" class=\"badge-button\" href=\"https:\/\/drive.google.com\/file\/d\/1T4h1c6gwaPqoEatIJO2VkA1wDXw1sPPM\/view\" rel=\"noopener noreferrer\">Lien vers la vid\u00e9o<\/a><br \/>\n<\/center><\/p>\n<h2>Brisons les clich\u00e9s !<\/h2>\n<p><iframe loading=\"lazy\" src=\"https:\/\/drive.google.com\/file\/d\/1T4h1c6gwaPqoEatIJO2VkA1wDXw1sPPM\/preview\" width=\"768px\" height=\"480\" name=\"iframe_video1\"><\/iframe><br \/>\n<center><br \/>\n<a target=\"_blank\" class=\"badge-button\" href=\"https:\/\/drive.google.com\/file\/d\/1T4h1c6gwaPqoEatIJO2VkA1wDXw1sPPM\/view\" rel=\"noopener noreferrer\">Lien vers la vid\u00e9o<\/a><br \/>\n<\/center><br \/>\n<div class=\"ead-preview\"><div class=\"ead-document\" style=\"position: relative;\"><div class=\"ead-iframe-wrapper\"><iframe src=\"\/\/docs.google.com\/viewer?url=http%3A%2F%2Fbecomewomancoder.eu%2Fwp-content%2Fuploads%2F2021%2F08%2FIO6-BWC-reseaux.pdf&amp;embedded=true&amp;hl=en\" title=\"Document embarqu\u00e9\" class=\"ead-iframe\" style=\"width: 100%;height: 80%;border: none;min-height: 500px;visibility: hidden;\"><\/iframe><\/div>\t\t\t<div class=\"ead-document-loading\" style=\"width:100%;height:100%;position:absolute;left:0;top:0;z-index:10;\">\n\t\t\t\t<div class=\"ead-loading-wrap\">\n\t\t\t\t\t<div class=\"ead-loading-main\">\n\t\t\t\t\t\t<div class=\"ead-loading\">\n\t\t\t\t\t\t\t<img src=\"https:\/\/becomewomancoder.eu\/wp-content\/plugins\/embed-any-document\/images\/loading.svg\" width=\"55\" height=\"55\" alt=\"Chargeur\">\n\t\t\t\t\t\t\t<span>En cours de chargement&hellip;<\/span>\n\t\t\t\t\t\t<\/div>\n\t\t\t\t\t<\/div>\n\t\t\t\t\t<div class=\"ead-loading-foot\">\n\t\t\t\t\t\t<div class=\"ead-loading-foot-title\">\n\t\t\t\t\t\t\t<img src=\"https:\/\/becomewomancoder.eu\/wp-content\/plugins\/embed-any-document\/images\/EAD-logo.svg\" alt=\"Logo EAD\" width=\"36\" height=\"23\"\/>\n\t\t\t\t\t\t\t<span>Cela prend trop de temps\u00a0?<\/span>\n\t\t\t\t\t\t<\/div>\n\t\t\t\t\t\t<p>\n\t\t\t\t\t\t\t<div class=\"ead-document-btn ead-reload-btn\" role=\"button\">\n\t\t\t\t\t\t\t\t<img src=\"https:\/\/becomewomancoder.eu\/wp-content\/plugins\/embed-any-document\/images\/reload.svg\" alt=\"Recharger\" width=\"12\" height=\"12\"\/> Recharger le document\t\t\t\t\t\t\t<\/div>\n\t\t\t\t\t\t\t<span>|<\/span>\n\t\t\t\t\t\t\t<a href=\"http:\/\/becomewomancoder.eu\/wp-content\/uploads\/2021\/08\/IO6-BWC-reseaux.pdf\" class=\"ead-document-btn\" target=\"_blank\">\n\t\t\t\t\t\t\t\t<img src=\"https:\/\/becomewomancoder.eu\/wp-content\/plugins\/embed-any-document\/images\/open.svg\" alt=\"Ouvert\" width=\"12\" height=\"12\"\/> Ouvrir dans un nouvel onglet\t\t\t\t\t\t\t<\/a>\n\t\t\t\t\t<\/div>\n\t\t\t\t<\/div>\n\t\t\t<\/div>\n\t\t<\/div><\/div><br \/>\n<center><br \/>\n<a class=\"badge-button\" href=\"\/wp-content\/uploads\/2021\/08\/IO6-BWC-reseaux.pdf\" download='Network'>Download in PDF<\/a><br \/>\n<\/center><br \/>\n<br \/>\n<div class=\"ead-preview\"><div class=\"ead-document\" style=\"position: relative;\"><div class=\"ead-iframe-wrapper\"><iframe src=\"\/\/docs.google.com\/viewer?url=http%3A%2F%2Fbecomewomancoder.eu%2Fwp-content%2Fuploads%2F2021%2F08%2FIO6-BWC-mentor.pdf&amp;embedded=true&amp;hl=en\" title=\"Document embarqu\u00e9\" class=\"ead-iframe\" style=\"width: 100%;height: 80%;border: none;min-height: 500px;visibility: hidden;\"><\/iframe><\/div>\t\t\t<div class=\"ead-document-loading\" style=\"width:100%;height:100%;position:absolute;left:0;top:0;z-index:10;\">\n\t\t\t\t<div class=\"ead-loading-wrap\">\n\t\t\t\t\t<div class=\"ead-loading-main\">\n\t\t\t\t\t\t<div class=\"ead-loading\">\n\t\t\t\t\t\t\t<img src=\"https:\/\/becomewomancoder.eu\/wp-content\/plugins\/embed-any-document\/images\/loading.svg\" width=\"55\" height=\"55\" alt=\"Chargeur\">\n\t\t\t\t\t\t\t<span>En cours de chargement&hellip;<\/span>\n\t\t\t\t\t\t<\/div>\n\t\t\t\t\t<\/div>\n\t\t\t\t\t<div class=\"ead-loading-foot\">\n\t\t\t\t\t\t<div class=\"ead-loading-foot-title\">\n\t\t\t\t\t\t\t<img src=\"https:\/\/becomewomancoder.eu\/wp-content\/plugins\/embed-any-document\/images\/EAD-logo.svg\" alt=\"Logo EAD\" width=\"36\" height=\"23\"\/>\n\t\t\t\t\t\t\t<span>Cela prend trop de temps\u00a0?<\/span>\n\t\t\t\t\t\t<\/div>\n\t\t\t\t\t\t<p>\n\t\t\t\t\t\t\t<div class=\"ead-document-btn ead-reload-btn\" role=\"button\">\n\t\t\t\t\t\t\t\t<img src=\"https:\/\/becomewomancoder.eu\/wp-content\/plugins\/embed-any-document\/images\/reload.svg\" alt=\"Recharger\" width=\"12\" height=\"12\"\/> Recharger le document\t\t\t\t\t\t\t<\/div>\n\t\t\t\t\t\t\t<span>|<\/span>\n\t\t\t\t\t\t\t<a href=\"http:\/\/becomewomancoder.eu\/wp-content\/uploads\/2021\/08\/IO6-BWC-mentor.pdf\" class=\"ead-document-btn\" target=\"_blank\">\n\t\t\t\t\t\t\t\t<img src=\"https:\/\/becomewomancoder.eu\/wp-content\/plugins\/embed-any-document\/images\/open.svg\" alt=\"Ouvert\" width=\"12\" height=\"12\"\/> Ouvrir dans un nouvel onglet\t\t\t\t\t\t\t<\/a>\n\t\t\t\t\t<\/div>\n\t\t\t\t<\/div>\n\t\t\t<\/div>\n\t\t<\/div><\/div><br \/>\n<center><br \/>\n<a class=\"badge-button\" href=\"\/wp-content\/uploads\/2021\/08\/IO6-BWC-mentor.pdf\" download='Mentors'>Download in PDF<\/a><br \/>\n<\/center><br \/>\n<br \/>\n<div class=\"ead-preview\"><div class=\"ead-document\" style=\"position: relative;\"><div class=\"ead-iframe-wrapper\"><iframe src=\"\/\/docs.google.com\/viewer?url=http%3A%2F%2Fbecomewomancoder.eu%2Fwp-content%2Fuploads%2F2021%2F08%2FIO6-BWC-tester-le-code.pdf&amp;embedded=true&amp;hl=en\" title=\"Document embarqu\u00e9\" class=\"ead-iframe\" style=\"width: 100%;height: 80%;border: none;min-height: 500px;visibility: hidden;\"><\/iframe><\/div>\t\t\t<div class=\"ead-document-loading\" style=\"width:100%;height:100%;position:absolute;left:0;top:0;z-index:10;\">\n\t\t\t\t<div class=\"ead-loading-wrap\">\n\t\t\t\t\t<div class=\"ead-loading-main\">\n\t\t\t\t\t\t<div class=\"ead-loading\">\n\t\t\t\t\t\t\t<img src=\"https:\/\/becomewomancoder.eu\/wp-content\/plugins\/embed-any-document\/images\/loading.svg\" width=\"55\" height=\"55\" alt=\"Chargeur\">\n\t\t\t\t\t\t\t<span>En cours de chargement&hellip;<\/span>\n\t\t\t\t\t\t<\/div>\n\t\t\t\t\t<\/div>\n\t\t\t\t\t<div class=\"ead-loading-foot\">\n\t\t\t\t\t\t<div class=\"ead-loading-foot-title\">\n\t\t\t\t\t\t\t<img src=\"https:\/\/becomewomancoder.eu\/wp-content\/plugins\/embed-any-document\/images\/EAD-logo.svg\" alt=\"Logo EAD\" width=\"36\" height=\"23\"\/>\n\t\t\t\t\t\t\t<span>Cela prend trop de temps\u00a0?<\/span>\n\t\t\t\t\t\t<\/div>\n\t\t\t\t\t\t<p>\n\t\t\t\t\t\t\t<div class=\"ead-document-btn ead-reload-btn\" role=\"button\">\n\t\t\t\t\t\t\t\t<img src=\"https:\/\/becomewomancoder.eu\/wp-content\/plugins\/embed-any-document\/images\/reload.svg\" alt=\"Recharger\" width=\"12\" height=\"12\"\/> Recharger le document\t\t\t\t\t\t\t<\/div>\n\t\t\t\t\t\t\t<span>|<\/span>\n\t\t\t\t\t\t\t<a href=\"http:\/\/becomewomancoder.eu\/wp-content\/uploads\/2021\/08\/IO6-BWC-tester-le-code.pdf\" class=\"ead-document-btn\" target=\"_blank\">\n\t\t\t\t\t\t\t\t<img src=\"https:\/\/becomewomancoder.eu\/wp-content\/plugins\/embed-any-document\/images\/open.svg\" alt=\"Ouvert\" width=\"12\" height=\"12\"\/> Ouvrir dans un nouvel onglet\t\t\t\t\t\t\t<\/a>\n\t\t\t\t\t<\/div>\n\t\t\t\t<\/div>\n\t\t\t<\/div>\n\t\t<\/div><\/div><br \/>\n<center><br \/>\n<a class=\"badge-button\" href=\"\/wp-content\/uploads\/2021\/08\/IO6-BWC-tester-le-code.pdf\" download='Courses'>Download in PDF<\/a><br \/>\n<\/center><br \/>\n<br \/>\n<div class=\"ead-preview\"><div class=\"ead-document\" style=\"position: relative;\"><div class=\"ead-iframe-wrapper\"><iframe src=\"\/\/docs.google.com\/viewer?url=http%3A%2F%2Fbecomewomancoder.eu%2Fwp-content%2Fuploads%2F2022%2F10%2FIO6-BWC-metier-du-code-1.pdf&amp;embedded=true&amp;hl=en\" title=\"Document embarqu\u00e9\" class=\"ead-iframe\" style=\"width: 100%;height: 80%;border: none;min-height: 500px;visibility: hidden;\"><\/iframe><\/div>\t\t\t<div class=\"ead-document-loading\" style=\"width:100%;height:100%;position:absolute;left:0;top:0;z-index:10;\">\n\t\t\t\t<div class=\"ead-loading-wrap\">\n\t\t\t\t\t<div class=\"ead-loading-main\">\n\t\t\t\t\t\t<div class=\"ead-loading\">\n\t\t\t\t\t\t\t<img src=\"https:\/\/becomewomancoder.eu\/wp-content\/plugins\/embed-any-document\/images\/loading.svg\" width=\"55\" height=\"55\" alt=\"Chargeur\">\n\t\t\t\t\t\t\t<span>En cours de chargement&hellip;<\/span>\n\t\t\t\t\t\t<\/div>\n\t\t\t\t\t<\/div>\n\t\t\t\t\t<div class=\"ead-loading-foot\">\n\t\t\t\t\t\t<div class=\"ead-loading-foot-title\">\n\t\t\t\t\t\t\t<img src=\"https:\/\/becomewomancoder.eu\/wp-content\/plugins\/embed-any-document\/images\/EAD-logo.svg\" alt=\"Logo EAD\" width=\"36\" height=\"23\"\/>\n\t\t\t\t\t\t\t<span>Cela prend trop de temps\u00a0?<\/span>\n\t\t\t\t\t\t<\/div>\n\t\t\t\t\t\t<p>\n\t\t\t\t\t\t\t<div class=\"ead-document-btn ead-reload-btn\" role=\"button\">\n\t\t\t\t\t\t\t\t<img src=\"https:\/\/becomewomancoder.eu\/wp-content\/plugins\/embed-any-document\/images\/reload.svg\" alt=\"Recharger\" width=\"12\" height=\"12\"\/> Recharger le document\t\t\t\t\t\t\t<\/div>\n\t\t\t\t\t\t\t<span>|<\/span>\n\t\t\t\t\t\t\t<a href=\"http:\/\/becomewomancoder.eu\/wp-content\/uploads\/2022\/10\/IO6-BWC-metier-du-code-1.pdf\" class=\"ead-document-btn\" target=\"_blank\">\n\t\t\t\t\t\t\t\t<img src=\"https:\/\/becomewomancoder.eu\/wp-content\/plugins\/embed-any-document\/images\/open.svg\" alt=\"Ouvert\" width=\"12\" height=\"12\"\/> Ouvrir dans un nouvel onglet\t\t\t\t\t\t\t<\/a>\n\t\t\t\t\t<\/div>\n\t\t\t\t<\/div>\n\t\t\t<\/div>\n\t\t<\/div><\/div><br \/>\n<center><br \/>\n<a class=\"badge-button\" href=\"\/wp-content\/uploads\/2021\/08\/IO6-BWC-metier-du-code.pdf\" download='Coding-jobs'>Download in PDF<\/a><br \/>\n<\/center><br \/>\n<center><br \/>\n<a class=\"badge-button\" href=\"\/wp-content\/uploads\/2021\/08\/ressources-french.pptx\" download='Resources'>Download toutes les ressources dans PPTX<\/a><br \/>\n<\/center><br \/>\n<div class=\"ead-preview\"><div class=\"ead-document\" style=\"position: relative;\"><div class=\"ead-iframe-wrapper\"><iframe src=\"\/\/docs.google.com\/viewer?url=http%3A%2F%2Fbecomewomancoder.eu%2Fwp-content%2Fuploads%2F2021%2F08%2FEQF-LAYOUT-FR.pdf&amp;embedded=true&amp;hl=en\" title=\"Document embarqu\u00e9\" class=\"ead-iframe\" style=\"width: 100%;height: 80%;border: none;min-height: 500px;visibility: hidden;\"><\/iframe><\/div>\t\t\t<div class=\"ead-document-loading\" style=\"width:100%;height:100%;position:absolute;left:0;top:0;z-index:10;\">\n\t\t\t\t<div class=\"ead-loading-wrap\">\n\t\t\t\t\t<div class=\"ead-loading-main\">\n\t\t\t\t\t\t<div class=\"ead-loading\">\n\t\t\t\t\t\t\t<img src=\"https:\/\/becomewomancoder.eu\/wp-content\/plugins\/embed-any-document\/images\/loading.svg\" width=\"55\" height=\"55\" alt=\"Chargeur\">\n\t\t\t\t\t\t\t<span>En cours de chargement&hellip;<\/span>\n\t\t\t\t\t\t<\/div>\n\t\t\t\t\t<\/div>\n\t\t\t\t\t<div class=\"ead-loading-foot\">\n\t\t\t\t\t\t<div class=\"ead-loading-foot-title\">\n\t\t\t\t\t\t\t<img src=\"https:\/\/becomewomancoder.eu\/wp-content\/plugins\/embed-any-document\/images\/EAD-logo.svg\" alt=\"Logo EAD\" width=\"36\" height=\"23\"\/>\n\t\t\t\t\t\t\t<span>Cela prend trop de temps\u00a0?<\/span>\n\t\t\t\t\t\t<\/div>\n\t\t\t\t\t\t<p>\n\t\t\t\t\t\t\t<div class=\"ead-document-btn ead-reload-btn\" role=\"button\">\n\t\t\t\t\t\t\t\t<img src=\"https:\/\/becomewomancoder.eu\/wp-content\/plugins\/embed-any-document\/images\/reload.svg\" alt=\"Recharger\" width=\"12\" height=\"12\"\/> Recharger le document\t\t\t\t\t\t\t<\/div>\n\t\t\t\t\t\t\t<span>|<\/span>\n\t\t\t\t\t\t\t<a href=\"http:\/\/becomewomancoder.eu\/wp-content\/uploads\/2021\/08\/EQF-LAYOUT-FR.pdf\" class=\"ead-document-btn\" target=\"_blank\">\n\t\t\t\t\t\t\t\t<img src=\"https:\/\/becomewomancoder.eu\/wp-content\/plugins\/embed-any-document\/images\/open.svg\" alt=\"Ouvert\" width=\"12\" height=\"12\"\/> Ouvrir dans un nouvel onglet\t\t\t\t\t\t\t<\/a>\n\t\t\t\t\t<\/div>\n\t\t\t\t<\/div>\n\t\t\t<\/div>\n\t\t<\/div><\/div><br \/>\n<center><br \/>\n<a class=\"badge-button\" href=\"\/wp-content\/uploads\/2021\/08\/EQF-LAYOUT-FR.pdf\" download='Courses'>Download in PDF<\/a><br \/>\n<\/center><br \/>\n<div class=\"ead-preview\"><div class=\"ead-document\" style=\"position: relative;\"><div class=\"ead-iframe-wrapper\"><iframe src=\"\/\/docs.google.com\/viewer?url=http%3A%2F%2Fbecomewomancoder.eu%2Fwp-content%2Fuploads%2F2021%2F08%2FLetter-of-Intent-FR-VF-1.docx&amp;embedded=true&amp;hl=en\" title=\"Document embarqu\u00e9\" class=\"ead-iframe\" style=\"width: 100%;height: 80%;border: none;min-height: 500px;visibility: hidden;\"><\/iframe><\/div>\t\t\t<div class=\"ead-document-loading\" style=\"width:100%;height:100%;position:absolute;left:0;top:0;z-index:10;\">\n\t\t\t\t<div class=\"ead-loading-wrap\">\n\t\t\t\t\t<div class=\"ead-loading-main\">\n\t\t\t\t\t\t<div class=\"ead-loading\">\n\t\t\t\t\t\t\t<img src=\"https:\/\/becomewomancoder.eu\/wp-content\/plugins\/embed-any-document\/images\/loading.svg\" width=\"55\" height=\"55\" alt=\"Chargeur\">\n\t\t\t\t\t\t\t<span>En cours de chargement&hellip;<\/span>\n\t\t\t\t\t\t<\/div>\n\t\t\t\t\t<\/div>\n\t\t\t\t\t<div class=\"ead-loading-foot\">\n\t\t\t\t\t\t<div class=\"ead-loading-foot-title\">\n\t\t\t\t\t\t\t<img src=\"https:\/\/becomewomancoder.eu\/wp-content\/plugins\/embed-any-document\/images\/EAD-logo.svg\" alt=\"Logo EAD\" width=\"36\" height=\"23\"\/>\n\t\t\t\t\t\t\t<span>Cela prend trop de temps\u00a0?<\/span>\n\t\t\t\t\t\t<\/div>\n\t\t\t\t\t\t<p>\n\t\t\t\t\t\t\t<div class=\"ead-document-btn ead-reload-btn\" role=\"button\">\n\t\t\t\t\t\t\t\t<img src=\"https:\/\/becomewomancoder.eu\/wp-content\/plugins\/embed-any-document\/images\/reload.svg\" alt=\"Recharger\" width=\"12\" height=\"12\"\/> Recharger le document\t\t\t\t\t\t\t<\/div>\n\t\t\t\t\t\t\t<span>|<\/span>\n\t\t\t\t\t\t\t<a href=\"https:\/\/docs.google.com\/viewer?url=http%3A%2F%2Fbecomewomancoder.eu%2Fwp-content%2Fuploads%2F2021%2F08%2FLetter-of-Intent-FR-VF-1.docx&#038;hl=en\" class=\"ead-document-btn\" target=\"_blank\">\n\t\t\t\t\t\t\t\t<img src=\"https:\/\/becomewomancoder.eu\/wp-content\/plugins\/embed-any-document\/images\/open.svg\" alt=\"Ouvert\" width=\"12\" height=\"12\"\/> Ouvrir dans un nouvel onglet\t\t\t\t\t\t\t<\/a>\n\t\t\t\t\t<\/div>\n\t\t\t\t<\/div>\n\t\t\t<\/div>\n\t\t<\/div><\/div><br \/>\n<center><br \/>\n<a class=\"badge-button\" href=\"\/wp-content\/uploads\/2021\/08\/Letter-of-Intent-FR-VF-1.docx\" download='Letter of Intent'>Download in DOCX<\/a><\/p>\n<p style=\"margin-bottom: 25px;\"><a href=\"https:\/\/becomewomancoder.eu\/wp-content\/uploads\/2021\/07\/BWC-IO1-French.pdf\" class=\"pdfemb-viewer\" style=\"\" data-width=\"max\" data-height=\"max\"  data-toolbar=\"bottom\" data-toolbar-fixed=\"off\">BWC-IO1-French<br\/><\/a><\/p>\n<p><a class=\"badge-button\" href=\"\/wp-content\/uploads\/2021\/07\/BWC-IO1-French.pdf\">Download in PDF<\/a><br \/>\n<\/center><\/p>","protected":false},"excerpt":{"rendered":"<p>Download in PDF Le monde num\u00e9rique Les m\u00e9tiers du Web En quoi consiste leur job ? Rep\u00e9rez les d\u00e9tails\u00a0! Rep\u00e9rez le HTML\u00a0! Rep\u00e9rez le CSS\u00a0! Twist your brain ! Picross Suis-je faite pour \u00eatre d\u00e9veloppeuse ? Kira, ing\u00e9nieure data, ex-juriste (France) Lien vers la vid\u00e9o Maeva, UX Designer, ex fleuriste \u00e9v\u00e9nementielle (France) Lien vers la &hellip;<\/p>\n<p class=\"read-more\"> <a class=\"\" href=\"https:\/\/becomewomancoder.eu\/fr\/resources\/\"> <span class=\"screen-reader-text\">Ressources<\/span>Read More &raquo;<\/a><\/p>\n","protected":false},"author":1,"featured_media":0,"parent":0,"menu_order":0,"comment_status":"closed","ping_status":"closed","template":"","meta":{"_mi_skip_tracking":false},"_links":{"self":[{"href":"https:\/\/becomewomancoder.eu\/fr\/wp-json\/wp\/v2\/pages\/494"}],"collection":[{"href":"https:\/\/becomewomancoder.eu\/fr\/wp-json\/wp\/v2\/pages"}],"about":[{"href":"https:\/\/becomewomancoder.eu\/fr\/wp-json\/wp\/v2\/types\/page"}],"author":[{"embeddable":true,"href":"https:\/\/becomewomancoder.eu\/fr\/wp-json\/wp\/v2\/users\/1"}],"replies":[{"embeddable":true,"href":"https:\/\/becomewomancoder.eu\/fr\/wp-json\/wp\/v2\/comments?post=494"}],"version-history":[{"count":99,"href":"https:\/\/becomewomancoder.eu\/fr\/wp-json\/wp\/v2\/pages\/494\/revisions"}],"predecessor-version":[{"id":854,"href":"https:\/\/becomewomancoder.eu\/fr\/wp-json\/wp\/v2\/pages\/494\/revisions\/854"}],"wp:attachment":[{"href":"https:\/\/becomewomancoder.eu\/fr\/wp-json\/wp\/v2\/media?parent=494"}],"curies":[{"name":"wp","href":"https:\/\/api.w.org\/{rel}","templated":true}]}}