{"id":892,"date":"2026-02-24T12:44:07","date_gmt":"2026-02-24T12:44:07","guid":{"rendered":"https:\/\/becomewomancoder.eu\/?page_id=892"},"modified":"2026-03-04T12:37:09","modified_gmt":"2026-03-04T12:37:09","slug":"cookie-policy","status":"publish","type":"page","link":"https:\/\/becomewomancoder.eu\/fr\/cookie-policy\/","title":{"rendered":"(English) Cookie Policy"},"content":{"rendered":"<p class=\"qtranxs-available-languages-message qtranxs-available-languages-message-fr\">D\u00e9sol\u00e9, cet article est seulement disponible en <a href=\"https:\/\/becomewomancoder.eu\/en\/wp-json\/wp\/v2\/pages\/892\" class=\"qtranxs-available-language-link qtranxs-available-language-link-en\" title=\"English\">anglais am\u00e9ricain<\/a>.<\/p>","protected":false},"excerpt":{"rendered":"<p>D\u00e9sol\u00e9, cet article est seulement disponible en anglais am\u00e9ricain.<\/p>\n","protected":false},"author":1,"featured_media":0,"parent":0,"menu_order":0,"comment_status":"closed","ping_status":"closed","template":"","meta":{"_mi_skip_tracking":false},"_links":{"self":[{"href":"https:\/\/becomewomancoder.eu\/fr\/wp-json\/wp\/v2\/pages\/892"}],"collection":[{"href":"https:\/\/becomewomancoder.eu\/fr\/wp-json\/wp\/v2\/pages"}],"about":[{"href":"https:\/\/becomewomancoder.eu\/fr\/wp-json\/wp\/v2\/types\/page"}],"author":[{"embeddable":true,"href":"https:\/\/becomewomancoder.eu\/fr\/wp-json\/wp\/v2\/users\/1"}],"replies":[{"embeddable":true,"href":"https:\/\/becomewomancoder.eu\/fr\/wp-json\/wp\/v2\/comments?post=892"}],"version-history":[{"count":2,"href":"https:\/\/becomewomancoder.eu\/fr\/wp-json\/wp\/v2\/pages\/892\/revisions"}],"predecessor-version":[{"id":894,"href":"https:\/\/becomewomancoder.eu\/fr\/wp-json\/wp\/v2\/pages\/892\/revisions\/894"}],"wp:attachment":[{"href":"https:\/\/becomewomancoder.eu\/fr\/wp-json\/wp\/v2\/media?parent=892"}],"curies":[{"name":"wp","href":"https:\/\/api.w.org\/{rel}","templated":true}]}}