{"id":101,"date":"2020-12-04T15:18:13","date_gmt":"2020-12-04T15:18:13","guid":{"rendered":"http:\/\/becomewomancoder.eu\/?page_id=101"},"modified":"2022-01-21T13:13:55","modified_gmt":"2022-01-21T13:13:55","slug":"partners","status":"publish","type":"page","link":"https:\/\/becomewomancoder.eu\/pl\/partners\/","title":{"rendered":"Partnerzy"},"content":{"rendered":"\r\n<ul id=\"amoteam-sc-team-1979350107\" class=\"amoteam-sc-team amoteam-tiles amoteam-tile-style-2_1 amoteam-round-style amoteam-tile-style-2 \">\r\n\t<li class=\"amoteam-tiles__item \">\r\n\r\n\t\t<a class=\"amoteam-popup-link\" href=\"javascript:void(0)\" data-mfp-src=\"#amoteam-panel-1979350107-116\">\r\n\t\r\n\t\t<div class=\"amoteam-member\">\r\n\t\t\t\t\t\t\t<div class=\"amoteam-member-hover-icon \">\r\n\r\n\t\t\t\t\t\t\t\t\t<i class=\"amoteam-icon-hover-info\"><\/i>\r\n\t\t\t\t\t\t\t\t<\/div>\r\n\t\t\t\r\n\t\t\t<div class=\"amoteam-member-info amoteam-member-info--al-right amoteam-member-info--ns\">\r\n\t\t\t\t<div class=\"amoteam-member-name amoteam-member-info__item \">Mimmit koodaa<\/div>\r\n\t\t\t\t\t\t\t<\/div><!-- .member-info -->\r\n\r\n\t\t\t<div class=\"amoteam-member-img-wrap\">\r\n\t\t\t\t<img class=\"amoteam-member-img\" src=\"https:\/\/becomewomancoder.eu\/wp-content\/uploads\/2020\/12\/mimmit_koodaa_pallo_turkoosi.png\" alt=\"Mimmit koodaa\">\r\n\t\t\t<\/div>\r\n\t\t<\/div><!-- .member -->\r\n\r\n\t\t\t<\/a>\r\n\t\t<\/li><!-- .tiles__item -->\r\n\r\n\r\n\t<li class=\"amoteam-tiles__item \">\r\n\r\n\t\t<a class=\"amoteam-popup-link\" href=\"javascript:void(0)\" data-mfp-src=\"#amoteam-panel-1979350107-113\">\r\n\t\r\n\t\t<div class=\"amoteam-member\">\r\n\t\t\t\t\t\t\t<div class=\"amoteam-member-hover-icon \">\r\n\r\n\t\t\t\t\t\t\t\t\t<i class=\"amoteam-icon-hover-info\"><\/i>\r\n\t\t\t\t\t\t\t\t<\/div>\r\n\t\t\t\r\n\t\t\t<div class=\"amoteam-member-info amoteam-member-info--al-right amoteam-member-info--ns\">\r\n\t\t\t\t<div class=\"amoteam-member-name amoteam-member-info__item \">AcrossLimits Ltd.<\/div>\r\n\t\t\t\t\t\t\t<\/div><!-- .member-info -->\r\n\r\n\t\t\t<div class=\"amoteam-member-img-wrap\">\r\n\t\t\t\t<img class=\"amoteam-member-img\" src=\"https:\/\/becomewomancoder.eu\/wp-content\/uploads\/2020\/12\/AcrossLimits-04.png\" alt=\"AcrossLimits Ltd.\">\r\n\t\t\t<\/div>\r\n\t\t<\/div><!-- .member -->\r\n\r\n\t\t\t<\/a>\r\n\t\t<\/li><!-- .tiles__item -->\r\n\r\n\r\n\t<li class=\"amoteam-tiles__item \">\r\n\r\n\t\t<a class=\"amoteam-popup-link\" href=\"javascript:void(0)\" data-mfp-src=\"#amoteam-panel-1979350107-110\">\r\n\t\r\n\t\t<div class=\"amoteam-member\">\r\n\t\t\t\t\t\t\t<div class=\"amoteam-member-hover-icon \">\r\n\r\n\t\t\t\t\t\t\t\t\t<i class=\"amoteam-icon-hover-info\"><\/i>\r\n\t\t\t\t\t\t\t\t<\/div>\r\n\t\t\t\r\n\t\t\t<div class=\"amoteam-member-info amoteam-member-info--al-right amoteam-member-info--ns\">\r\n\t\t\t\t<div class=\"amoteam-member-name amoteam-member-info__item \">CJ CONSEIL<\/div>\r\n\t\t\t\t\t\t\t<\/div><!-- .member-info -->\r\n\r\n\t\t\t<div class=\"amoteam-member-img-wrap\">\r\n\t\t\t\t<img class=\"amoteam-member-img\" src=\"https:\/\/becomewomancoder.eu\/wp-content\/uploads\/2020\/12\/Logo-CJCONSEIL-01.png\" alt=\"CJ CONSEIL\">\r\n\t\t\t<\/div>\r\n\t\t<\/div><!-- .member -->\r\n\r\n\t\t\t<\/a>\r\n\t\t<\/li><!-- .tiles__item -->\r\n\r\n\r\n\t<li class=\"amoteam-tiles__item \">\r\n\r\n\t\t<a class=\"amoteam-popup-link\" href=\"javascript:void(0)\" data-mfp-src=\"#amoteam-panel-1979350107-107\">\r\n\t\r\n\t\t<div class=\"amoteam-member\">\r\n\t\t\t\t\t\t\t<div class=\"amoteam-member-hover-icon \">\r\n\r\n\t\t\t\t\t\t\t\t\t<i class=\"amoteam-icon-hover-info\"><\/i>\r\n\t\t\t\t\t\t\t\t<\/div>\r\n\t\t\t\r\n\t\t\t<div class=\"amoteam-member-info amoteam-member-info--al-right amoteam-member-info--ns\">\r\n\t\t\t\t<div class=\"amoteam-member-name amoteam-member-info__item \">Hauts de Garonne D\u00e9veloppement<\/div>\r\n\t\t\t\t\t\t\t<\/div><!-- .member-info -->\r\n\r\n\t\t\t<div class=\"amoteam-member-img-wrap\">\r\n\t\t\t\t<img class=\"amoteam-member-img\" src=\"https:\/\/becomewomancoder.eu\/wp-content\/uploads\/2020\/12\/Logo-HDGD-CMJN.png\" alt=\"Hauts de Garonne D\u00e9veloppement\">\r\n\t\t\t<\/div>\r\n\t\t<\/div><!-- .member -->\r\n\r\n\t\t\t<\/a>\r\n\t\t<\/li><!-- .tiles__item -->\r\n\r\n\r\n\t<li class=\"amoteam-tiles__item \">\r\n\r\n\t\t<a class=\"amoteam-popup-link\" href=\"javascript:void(0)\" data-mfp-src=\"#amoteam-panel-1979350107-169\">\r\n\t\r\n\t\t<div class=\"amoteam-member\">\r\n\t\t\t\t\t\t\t<div class=\"amoteam-member-hover-icon \">\r\n\r\n\t\t\t\t\t\t\t\t\t<i class=\"amoteam-icon-hover-info\"><\/i>\r\n\t\t\t\t\t\t\t\t<\/div>\r\n\t\t\t\r\n\t\t\t<div class=\"amoteam-member-info amoteam-member-info--al-right amoteam-member-info--ns\">\r\n\t\t\t\t<div class=\"amoteam-member-name amoteam-member-info__item \">Geek Girls Carrots<\/div>\r\n\t\t\t\t\t\t\t<\/div><!-- .member-info -->\r\n\r\n\t\t\t<div class=\"amoteam-member-img-wrap\">\r\n\t\t\t\t<img class=\"amoteam-member-img\" src=\"https:\/\/becomewomancoder.eu\/wp-content\/uploads\/2021\/01\/GGC_logo_white_lightgrey_background-640x640.png\" alt=\"Geek Girls Carrots\">\r\n\t\t\t<\/div>\r\n\t\t<\/div><!-- .member -->\r\n\r\n\t\t\t<\/a>\r\n\t\t<\/li><!-- .tiles__item -->\r\n\r\n<\/ul><!-- .sc-team -->\r\n<script>amoTeamVars.teamSC.push({\"type\":\"team\",\"scID\":\"#amoteam-sc-team-1979350107\",\"itemWidth\":250,\"itemMargin\":20,\"align\":\"left\",\"fullWidth\":\"yes\",\"panel\":\"right\"})<\/script><div class=\"amoteam-panels\">\r\n<div id=\"amoteam-panel-1979350107-116\" class=\"amoteam-panel mfp-hide amoteam-panel-align-right amoteam-panel-pf-image \"\r\n     data-align=\"right\" data-format=\"image\">\r\n\r\n\t<div class=\"amoteam-panel__header\">\r\n\r\n\t\t\r\n\r\n\t\t<button type=\"button\" class=\"amoteam-btn amoteam-btn-rc-square amoteam-btn-panel-close\" data-dismiss=\"modal\" aria-label=\"Close Panel\"><i aria-hidden=\"true\" class=\"amoteam-icon-close\"><\/i><\/button>\r\n\r\n\t\t\t\t\t\t<div class=\"amoteam-panel__img-wrap\">\r\n\t\t\t\t\t\t<img class=\"amoteam-panel__img\" src=\"https:\/\/becomewomancoder.eu\/wp-content\/plugins\/amo-team-showcase\/public\/img\/image-placeholder.png\" data-src=\"https:\/\/becomewomancoder.eu\/wp-content\/uploads\/2020\/12\/mimmit_koodaa_pallo_turkoosi.png\" alt=\"Mimmit koodaa\">\r\n\t\t\t\t\t<\/div><!-- .panel__img-wrap -->\r\n\r\n\t\t\r\n\t\t<div class=\"amoteam-panel__heading\">\r\n\t\t\t<h3 class=\"amoteam-panel__title amoteam-panel__heading-item\">Mimmit koodaa<\/h3>\r\n\t\t\t\t\t<\/div>\r\n\r\n\t<\/div><!-- .panel__header -->\r\n\r\n\t<div class=\"amoteam-panel__content\">\r\n\t\t<p>Celem programu Mimmit koodaa (program kodowania kobiet) jest zwi\u0119kszenie r\u00f3wno\u015bci w fi\u0144skim przemy\u015ble oprogramowania poprzez prze\u0142amanie stereotypu, \u017ce kodowanie jest tylko dla m\u0119\u017cczyzn. Istot\u0105 programu jest zapewnienie \u0142atwo dost\u0119pnych i bezp\u0142atnych warsztat\u00f3w kodowania dla kobiet, kt\u00f3re s\u0105 zainteresowane kodowaniem, ale nie maj\u0105 w tym wcze\u015bniejszego do\u015bwiadczenia.<\/p>\n<p>&nbsp;<\/p>\n<p>Program jest obs\u0142ugiwany przez Fi\u0144skie Stowarzyszenie Oprogramowania i E-biznesu oraz jego firmy cz\u0142onkowskie.<\/p>\n<p>&nbsp;<\/p>\n<p>D\u0142ugofalowym celem #mimmitkoodaa jest pomoc w zapewnieniu przysz\u0142ym pokoleniom r\u00f3wnych mo\u017cliwo\u015bci studiowania i rozwijania si\u0119 w dziedzinie IT, zw\u0142aszcza w bran\u017cy oprogramowania. W przysz\u0142o\u015bci ka\u017cda firma b\u0119dzie firm\u0105 programistyczn\u0105 i b\u0119dzie ros\u0142a potrzeba u\u017cywania, dostosowywania, kupowania i rozwijania oprogramowania.<\/p>\n<p>&nbsp;<\/p>\n<p>W grudniu 2019 r. EKES przyzna\u0142 Nagrod\u0119 dla Spo\u0142ecze\u0144stwa Obywatelskiego, kt\u00f3ra nagradza inicjatywy maj\u0105ce na celu podnoszenie \u015bwiadomo\u015bci na temat r\u00f3wno\u015bci p\u0142ci w UE i walk\u0119 o ni\u0105. Program Mimmit Koodaa zosta\u0142 nagrodzony za walk\u0119 ze stereotypem, \u017ce tworzenie oprogramowania jest przeznaczone wy\u0142\u0105cznie dla m\u0119\u017cczyzn. Liderka programu Milja K\u00f6psi zosta\u0142a nominowana do nagrody \u201eNordic Women in Tech Award 2020\u201d do nagrody Lider R\u00f3\u017cnorodno\u015bci.<\/p>\n<p>&nbsp;<\/p>\n<p>Mimmit Koodaa ma ponad 6000 kobiet, ponad 50 firm, ponad 2000 oferowanych miejsc warsztatowych, liczne warsztaty, wyzwania, \u0107wiczenia itp.<\/p>\n<p>&nbsp;<\/p>\n<p><a href=\"https:\/\/mimmitkoodaa.ohjelmistoebusiness.fi\" target=\"_blank\" rel=\"noopener noreferrer\"><span style=\"font-weight: 400;\">https:\/\/mimmitkoodaa.ohjelmistoebusiness.fi<\/span><\/a><\/p>\n\t<\/div><!-- .panel__content -->\r\n\r\n<\/div><!-- .panel -->\r\n<div id=\"amoteam-panel-1979350107-113\" class=\"amoteam-panel mfp-hide amoteam-panel-align-right amoteam-panel-pf-image \"\r\n     data-align=\"right\" data-format=\"image\">\r\n\r\n\t<div class=\"amoteam-panel__header\">\r\n\r\n\t\t\r\n\r\n\t\t<button type=\"button\" class=\"amoteam-btn amoteam-btn-rc-square amoteam-btn-panel-close\" data-dismiss=\"modal\" aria-label=\"Close Panel\"><i aria-hidden=\"true\" class=\"amoteam-icon-close\"><\/i><\/button>\r\n\r\n\t\t\t\t\t\t<div class=\"amoteam-panel__img-wrap\">\r\n\t\t\t\t\t\t<img class=\"amoteam-panel__img\" src=\"https:\/\/becomewomancoder.eu\/wp-content\/plugins\/amo-team-showcase\/public\/img\/image-placeholder.png\" data-src=\"https:\/\/becomewomancoder.eu\/wp-content\/uploads\/2020\/12\/AcrossLimits-04.png\" alt=\"AcrossLimits Ltd.\">\r\n\t\t\t\t\t<\/div><!-- .panel__img-wrap -->\r\n\r\n\t\t\r\n\t\t<div class=\"amoteam-panel__heading\">\r\n\t\t\t<h3 class=\"amoteam-panel__title amoteam-panel__heading-item\">AcrossLimits Ltd.<\/h3>\r\n\t\t\t\t\t<\/div>\r\n\r\n\t<\/div><!-- .panel__header -->\r\n\r\n\t<div class=\"amoteam-panel__content\">\r\n\t\t<p>AcrossLimits to malta\u0144skie M\u015aP z d\u0142ug\u0105 histori\u0105 sukces\u00f3w zar\u00f3wno na scenie krajowej, jak i europejskiej, z udzia\u0142em w ponad 60 projektach finansowanych przez UE w ci\u0105gu 19 lat istnienia. Przez lata zbudowali\u015bmy szeroki zakres umiej\u0119tno\u015bci w ramach edukacji , Zdrowie, przedsi\u0119biorczo\u015b\u0107, platformy cyfrowe i upowszechnianie.<\/p>\n<p>&nbsp;<\/p>\n<p>B\u0119d\u0105c firm\u0105 ICT, jeste\u015bmy bardzo zainteresowani e-learningiem i brali\u015bmy udzia\u0142 w r\u00f3\u017cnych projektach UE i szkoleniach, kt\u00f3re obejmowa\u0142y lub by\u0142y oparte na e-learningu. Stworzyli\u015bmy kilka takich platform dla r\u00f3\u017cnych odbiorc\u00f3w, od nauczycieli po student\u00f3w, biznesmen\u00f3w, profesjonalist\u00f3w, artyst\u00f3w, osoby w niekorzystnej sytuacji i nie tylko.<\/p>\n<p>&nbsp;<\/p>\n<p>Korzystaj\u0105c z naszych silnych sieci, zar\u00f3wno na szczeblu krajowym, jak i mi\u0119dzynarodowym, pe\u0142nili\u015bmy rol\u0119 Lider\u00f3w ds. Rozpowszechniania w r\u00f3\u017cnych projektach finansowanych ze \u015brodk\u00f3w UE, w ramach kt\u00f3rych nasze zadania obejmowa\u0142y proste tworzenie witryn internetowych, a tak\u017ce organizacj\u0119 mi\u0119dzynarodowych konferencji i sympozj\u00f3w.<\/p>\n<p><a href=\"https:\/\/www.acrosslimits.com\/\" target=\"_blank\" rel=\"noopener noreferrer\"><b>https:\/\/www.acrosslimits.com\/<\/b><\/a><\/p>\n\t<\/div><!-- .panel__content -->\r\n\r\n<\/div><!-- .panel -->\r\n<div id=\"amoteam-panel-1979350107-110\" class=\"amoteam-panel mfp-hide amoteam-panel-align-right amoteam-panel-pf-image \"\r\n     data-align=\"right\" data-format=\"image\">\r\n\r\n\t<div class=\"amoteam-panel__header\">\r\n\r\n\t\t\r\n\r\n\t\t<button type=\"button\" class=\"amoteam-btn amoteam-btn-rc-square amoteam-btn-panel-close\" data-dismiss=\"modal\" aria-label=\"Close Panel\"><i aria-hidden=\"true\" class=\"amoteam-icon-close\"><\/i><\/button>\r\n\r\n\t\t\t\t\t\t<div class=\"amoteam-panel__img-wrap\">\r\n\t\t\t\t\t\t<img class=\"amoteam-panel__img\" src=\"https:\/\/becomewomancoder.eu\/wp-content\/plugins\/amo-team-showcase\/public\/img\/image-placeholder.png\" data-src=\"https:\/\/becomewomancoder.eu\/wp-content\/uploads\/2020\/12\/Logo-CJCONSEIL-01.png\" alt=\"CJ CONSEIL\">\r\n\t\t\t\t\t<\/div><!-- .panel__img-wrap -->\r\n\r\n\t\t\r\n\t\t<div class=\"amoteam-panel__heading\">\r\n\t\t\t<h3 class=\"amoteam-panel__title amoteam-panel__heading-item\">CJ CONSEIL<\/h3>\r\n\t\t\t\t\t<\/div>\r\n\r\n\t<\/div><!-- .panel__header -->\r\n\r\n\t<div class=\"amoteam-panel__content\">\r\n\t\t<p>CJ Conseil to francuska agencja za\u0142o\u017cona przez Charline Jambert, specjalist\u0119 w zarz\u0105dzaniu zmian\u0105 i kwestiach r\u00f3wno\u015bci p\u0142ci.<\/p>\n<p>&nbsp;<\/p>\n<p>Inicjujemy i rozwijamy zakrojone na szerok\u0105 skal\u0119 projekty europejskie koncentruj\u0105ce si\u0119 na du\u017cych tematach spo\u0142ecznych: r\u00f3wnowadze p\u0142ci w zawodach, zatrudnianiu m\u0142odzie\u017cy, podnoszeniu kwalifikacji i stanowisk kobiet, promocji przedsi\u0119biorczo\u015bci m\u0142odzie\u017cy itp.<\/p>\n<p>&nbsp;<\/p>\n<p>Naszym g\u0142\u00f3wnym celem jest znalezienie nowego podej\u015bcia i innowacyjnych \u015brodk\u00f3w cyfrowych do podnoszenia \u015bwiadomo\u015bci i szkolenia (powa\u017cne gry, filmy edukacyjne, dynamiczne warsztaty itp.)<\/p>\n\t<\/div><!-- .panel__content -->\r\n\r\n<\/div><!-- .panel -->\r\n<div id=\"amoteam-panel-1979350107-107\" class=\"amoteam-panel mfp-hide amoteam-panel-align-right amoteam-panel-pf-image \"\r\n     data-align=\"right\" data-format=\"image\">\r\n\r\n\t<div class=\"amoteam-panel__header\">\r\n\r\n\t\t\r\n\r\n\t\t<button type=\"button\" class=\"amoteam-btn amoteam-btn-rc-square amoteam-btn-panel-close\" data-dismiss=\"modal\" aria-label=\"Close Panel\"><i aria-hidden=\"true\" class=\"amoteam-icon-close\"><\/i><\/button>\r\n\r\n\t\t\t\t\t\t<div class=\"amoteam-panel__img-wrap\">\r\n\t\t\t\t\t\t<img class=\"amoteam-panel__img\" src=\"https:\/\/becomewomancoder.eu\/wp-content\/plugins\/amo-team-showcase\/public\/img\/image-placeholder.png\" data-src=\"https:\/\/becomewomancoder.eu\/wp-content\/uploads\/2020\/12\/Logo-HDGD-CMJN.png\" alt=\"Hauts de Garonne D\u00e9veloppement\">\r\n\t\t\t\t\t<\/div><!-- .panel__img-wrap -->\r\n\r\n\t\t\r\n\t\t<div class=\"amoteam-panel__heading\">\r\n\t\t\t<h3 class=\"amoteam-panel__title amoteam-panel__heading-item\">Hauts de Garonne D\u00e9veloppement<\/h3>\r\n\t\t\t\t\t<\/div>\r\n\r\n\t<\/div><!-- .panel__header -->\r\n\r\n\t<div class=\"amoteam-panel__content\">\r\n\t\t<p>Od 2003 roku, w ramach swojej misji wspierania firm w rozwijaniu biznesu, agencja informuje i mobilizuje r\u00f3wnie\u017c firmy przeciwko dyskryminacji w zatrudnianiu i szkoleniach, a tak\u017ce promuje r\u00f3wno\u015b\u0107 p\u0142ci w zawodach. Od 2013 roku agencja prowadzi coroczn\u0105 akcj\u0119\u201e odkrywanie handlu i promowanie r\u00f3\u017cnorodno\u015bci p\u0142ci w przedsi\u0119biorstwach \u201dfinansowane przez EFS, kt\u00f3ry wspiera firmy rozwijaj\u0105ce r\u00f3\u017cnorodno\u015b\u0107 p\u0142ci.<\/p>\n<p>&nbsp;<\/p>\n<p>Ponadto w 2017 r. Agencja jako wsp\u00f3\u0142inicjator sfinalizowa\u0142a projekt programu Erasmus + pod nazw\u0105 \u201eR\u00f3\u017cnorodno\u015b\u0107 p\u0142ci sprzyja zatrudnieniu\u201d (<a href=\"https:\/\/mixitedesmetiers.wixsite.com\/accueil\/\" target=\"_blank\" rel=\"noopener noreferrer\">mixitedesmetiers.wixsite.com<\/a>), tworz\u0105c narz\u0119dzia pomagaj\u0105ce przekona\u0107 bezrobotne kobiety do przekwalifikowania si\u0119 do obiecuj\u0105cych zawod\u00f3w wykonywanych g\u0142\u00f3wnie przez m\u0119\u017cczyzn. Od 3 lat, skupiaj\u0105c si\u0119 na jednym z tych obiecuj\u0105cych zawod\u00f3w, jakim jest programowanie, agencja organizuje programowe sesje inicjacyjne, otwarte tylko dla bezrobotnych kobiet bez wcze\u015bniejszego do\u015bwiadczenia.<\/p>\n<p>&nbsp;<\/p>\n<p><a href=\"http:\/\/www.hdgdev.com\" target=\"_blank\" rel=\"noopener noreferrer\"><span style=\"font-weight: 400;\">www.hdgdev.com<\/span><\/a><\/p>\n\t<\/div><!-- .panel__content -->\r\n\r\n<\/div><!-- .panel -->\r\n<div id=\"amoteam-panel-1979350107-169\" class=\"amoteam-panel mfp-hide amoteam-panel-align-right amoteam-panel-pf-image \"\r\n     data-align=\"right\" data-format=\"image\">\r\n\r\n\t<div class=\"amoteam-panel__header\">\r\n\r\n\t\t\r\n\r\n\t\t<button type=\"button\" class=\"amoteam-btn amoteam-btn-rc-square amoteam-btn-panel-close\" data-dismiss=\"modal\" aria-label=\"Close Panel\"><i aria-hidden=\"true\" class=\"amoteam-icon-close\"><\/i><\/button>\r\n\r\n\t\t\t\t\t\t<div class=\"amoteam-panel__img-wrap\">\r\n\t\t\t\t\t\t<img class=\"amoteam-panel__img\" src=\"https:\/\/becomewomancoder.eu\/wp-content\/plugins\/amo-team-showcase\/public\/img\/image-placeholder.png\" data-src=\"https:\/\/becomewomancoder.eu\/wp-content\/uploads\/2021\/01\/GGC_logo_white_lightgrey_background-640x640.png\" alt=\"Geek Girls Carrots\">\r\n\t\t\t\t\t<\/div><!-- .panel__img-wrap -->\r\n\r\n\t\t\r\n\t\t<div class=\"amoteam-panel__heading\">\r\n\t\t\t<h3 class=\"amoteam-panel__title amoteam-panel__heading-item\">Geek Girls Carrots<\/h3>\r\n\t\t\t\t\t<\/div>\r\n\r\n\t<\/div><!-- .panel__header -->\r\n\r\n\t<div class=\"amoteam-panel__content\">\r\n\t\t<p>Geek Girls Carrots to globalna organizacja wspieraj\u0105ca kobiety pracuj\u0105ce w IT &#8211; od juniorek po ekspertki. W ramach swoich program\u00f3w edukacyjnych inspiruje, \u0142\u0105czy kobiety, aby uczy\u0142y si\u0119 od siebie nawzajem, dzieli\u0142y si\u0119 wiedz\u0105. Pracuje nad przezwyci\u0119\u017caniem stereotyp\u00f3w oraz wprowadzaniem wi\u0119kszej r\u00f3\u017cnorodno\u015bci do \u015bwiata technologii.<\/p>\n<p>Sie\u0107 skupia administratorki, analityczki, architektki aplikacji, programistki, graficzki, mened\u017cerki IT, specjalistki od medi\u00f3w spo\u0142eczno\u015bciowych, architektki system\u00f3w, kierowniczki projekt\u00f3w, kobiety z pomys\u0142ami na startupy, studentki informatyki i wiele innych.<\/p>\n<p>Geek Girls Carrots zosta\u0142y za\u0142o\u017cone w Polsce w 2011 roku i sta\u0142y si\u0119 jednym z wiod\u0105cych partner\u00f3w r\u00f3\u017cnorodnych organizacji prywatnych i publicznych w Polsce w sektorach technologii i innowacji.<\/p>\n<p><a href=\"http:\/\/www.gocarrots.org\" target=\"_blank\" rel=\"noopener noreferrer\"><span style=\"font-weight: 400;\">www.gocarrots.org<\/span><\/a><\/p>\n\t<\/div><!-- .panel__content -->\r\n\r\n<\/div><!-- .panel --><\/div><!-- .panels -->\n","protected":false},"excerpt":{"rendered":"","protected":false},"author":1,"featured_media":0,"parent":0,"menu_order":0,"comment_status":"closed","ping_status":"closed","template":"","meta":{"_mi_skip_tracking":false},"_links":{"self":[{"href":"https:\/\/becomewomancoder.eu\/pl\/wp-json\/wp\/v2\/pages\/101"}],"collection":[{"href":"https:\/\/becomewomancoder.eu\/pl\/wp-json\/wp\/v2\/pages"}],"about":[{"href":"https:\/\/becomewomancoder.eu\/pl\/wp-json\/wp\/v2\/types\/page"}],"author":[{"embeddable":true,"href":"https:\/\/becomewomancoder.eu\/pl\/wp-json\/wp\/v2\/users\/1"}],"replies":[{"embeddable":true,"href":"https:\/\/becomewomancoder.eu\/pl\/wp-json\/wp\/v2\/comments?post=101"}],"version-history":[{"count":8,"href":"https:\/\/becomewomancoder.eu\/pl\/wp-json\/wp\/v2\/pages\/101\/revisions"}],"predecessor-version":[{"id":330,"href":"https:\/\/becomewomancoder.eu\/pl\/wp-json\/wp\/v2\/pages\/101\/revisions\/330"}],"wp:attachment":[{"href":"https:\/\/becomewomancoder.eu\/pl\/wp-json\/wp\/v2\/media?parent=101"}],"curies":[{"name":"wp","href":"https:\/\/api.w.org\/{rel}","templated":true}]}}