{"id":2,"date":"2020-11-11T19:03:50","date_gmt":"2020-11-11T19:03:50","guid":{"rendered":"http:\/\/becomewomancoder.eu\/?page_id=2"},"modified":"2022-09-23T09:53:48","modified_gmt":"2022-09-23T09:53:48","slug":"about-the-project","status":"publish","type":"page","link":"https:\/\/becomewomancoder.eu\/pl\/about-the-project\/","title":{"rendered":"O Projekcie"},"content":{"rendered":"<p>Programowanie to zaw\u00f3d, do kt\u00f3rego mo\u017cna wej\u015b\u0107 bez wy\u017cszego wykszta\u0142cenia kierunkowego &#8211; wystarcz\u0105 kursy i zaanga\u017cowanie. Praca na tym rynku jest zwykle lepiej p\u0142atna ni\u017c zawody poza gospodark\u0105 cyfrow\u0105, w kt\u00f3ych pracuje wiele kobiet (sprzeda\u017c, opieka, praca biurowa, catering, sprz\u0105tanie,\u2026).<\/p>\r\n<p>&nbsp;<\/p>\r\n<p>Obecnie tylko 60% kobiet w Europie jest zatrudnionych, w przeciwie\u0144stwie do 76% m\u0119\u017cczyzn. Bezrobotne kobiety o niskich kwalifikacjach i kobiety wykonuj\u0105ce prac\u0119 o niepewnym charakterze zwykle wybieraj\u0105 prac\u0119 w sferze domowej. Struktury wspieraj\u0105ce zatrudnienie s\u0105 wa\u017cne, aby pom\u00f3c kobietom w poszerzaniu ich horyzont\u00f3w zawodowych, aby mog\u0142y konkurowa\u0107 w bran\u017cy o lepszych perspektywach rozwoju.<\/p>\r\n<p>&nbsp;<\/p>\r\n<p>Programowanie jest jednym z zawod\u00f3w, w kt\u00f3rym dominuj\u0105 m\u0119\u017cczy\u017ani. Tylko 16% europejskich specjalist\u00f3w ICT i 6% programist\u00f3w w skali ca\u0142ego \u015bwiata to kobiety. W raporcie Komisji Europejskiej \u201eKobiety aktywne w sektorze ICT\u201d stwierdza si\u0119, \u017ce zaanga\u017cowanie wi\u0119kszej liczby kobiet w gospodark\u0119 cyfrow\u0105 mog\u0142oby spowodowa\u0107 wzrost PKB w gospodarce UE o 9 mld euro rocznie.<\/p>\r\n<p>&nbsp;<\/p>\r\n<p><b><img loading=\"lazy\" class=\"wp-image-184  alignleft\" src=\"http:\/\/becomewomancoder.eu\/wp-content\/uploads\/2021\/01\/picture3.png\" alt=\"\" width=\"455\" height=\"303\" srcset=\"https:\/\/becomewomancoder.eu\/wp-content\/uploads\/2021\/01\/picture3.png 1330w, https:\/\/becomewomancoder.eu\/wp-content\/uploads\/2021\/01\/picture3-300x200.png 300w, https:\/\/becomewomancoder.eu\/wp-content\/uploads\/2021\/01\/picture3-1024x682.png 1024w, https:\/\/becomewomancoder.eu\/wp-content\/uploads\/2021\/01\/picture3-768x512.png 768w\" sizes=\"(max-width: 455px) 100vw, 455px\" \/>Co robimy, \u017ceby to zmieni\u0107?<br \/><\/b><\/p>\r\n<p>Naszym celem jest zwi\u0119kszanie \u015bwiadomo\u015bci i tworzenie narz\u0119dzi szkoleniowych w celu zwalczania stereotyp\u00f3w i zach\u0119cania wi\u0119kszej liczby kobiet do zostania programistkami. Opieraj\u0105c si\u0119 na naszych do\u015bwiadczeniach, zdecydowali\u015bmy si\u0119 zaj\u0105\u0107 tym problemem, kieruj\u0105c nasze dzia\u0142ania g\u0142\u00f3wnie do specjalist\u00f3w zajmuj\u0105cych si\u0119 wsparciem zatrudnienia, kt\u00f3rzy s\u0105 pierwszym punktem kontaktu dla kobiet pr\u00f3buj\u0105cych znale\u017a\u0107 nowe zatrudnienie. Dlatego nasz projekt wzmacnia specyficzne kompetencje specjalist\u00f3w zajmuj\u0105cych si\u0119 przekwalifikowaniem kobiet w zawodach zwi\u0105zanych z programowaniem.<\/p>\r\n<p>&nbsp;<\/p>\r\n<p>&nbsp;<\/p>\r\n<p>&nbsp;<\/p>\r\n<p>Dlatego zbudowali\u015bmy strategiczne partnerstwo wsp\u00f3\u0142pracy na rzecz innowacji w ramach programu Erasmus +, finansowanego przy wsparciu Komisji Europejskiej. Pi\u0119\u0107 organizacji z Finlandii, Francji, Malty i Polski po\u0142\u0105czy\u0142o si\u0142y, aby stworzy\u0107 bezp\u0142atn\u0105 platform\u0119 szkoleniow\u0105 dla specjalist\u00f3w zajmuj\u0105cych si\u0119 wsparciem zatrudnienia, kt\u00f3r\u0105 Pa\u0144stwu tutaj przedstawiamy.<\/p>\r\n<p><strong>Wybrane narz\u0119dzia<\/strong><\/p>\r\n<p>&nbsp;<\/p>\r\n<p>Ta bezp\u0142atna platforma oferuje specjalistom ds. wsparcia zatrudnienia nast\u0119puj\u0105ce narz\u0119dzia:<\/p>\r\n<ul>\r\n<li style=\"font-weight: 400;\" aria-level=\"1\"><span style=\"font-weight: 400;\">Referencje przekwalifikowanych kobiet, aby mo\u017cna by\u0142o z pierwszej r\u0119ki dowiedzie\u0107 si\u0119, co motywuje kobiety do podj\u0119cia decyzji o zawodzie programistki. <\/span><\/li>\r\n<li style=\"font-weight: 400;\" aria-level=\"1\"><span style=\"font-weight: 400;\">Animacja edukacyjna, kt\u00f3ra omawia stereotypy dotycz\u0105ce zawod\u00f3w programistycznych i oferuje wsparcie. <\/span><\/li>\r\n<li style=\"font-weight: 400;\" aria-level=\"1\"><span style=\"font-weight: 400;\">Zestaw mini-nagra\u0144 wideo, kt\u00f3re pokazuj\u0105 zaw\u00f3d programisty w innym \u015bwietle, z perspektywy kobiet, kt\u00f3re przed zostaniem programistkami by\u0142y nisko wykwalifikowane lub bezrobotne. <\/span><\/li>\r\n<li style=\"font-weight: 400;\" aria-level=\"1\"><span style=\"font-weight: 400;\">Modu\u0142 e-learningowy skierowany do specjalist\u00f3w ds. zatrudnienia, aby pom\u00f3c im we wprowadzaniu kobiet do zawodu programistki oraz zapewni\u0107 im przydatne narz\u0119dzia codziennego u\u017cytku.\u00a0<\/span><\/li>\r\n<li style=\"font-weight: 400;\" aria-level=\"1\"><span style=\"font-weight: 400;\">Gra, kt\u00f3ra przedstawia r\u00f3\u017cne scenariusze pracy dla kobiet w celu nauczenia si\u0119 dobrych praktyk podczas ich przekwalifikowania. <\/span><\/li>\r\n<li style=\"font-weight: 400;\" aria-level=\"1\">Zestaw narz\u0119dzi, kt\u00f3ry zwi\u0119ksza znaczenie i uznanie tych szczeg\u00f3lnych kompetencji dla specjalist\u00f3w ds. Integracji.<\/li>\r\n<\/ul>\r\n<p><b><img loading=\"lazy\" class=\"wp-image-185  alignleft\" src=\"http:\/\/becomewomancoder.eu\/wp-content\/uploads\/2021\/01\/picture4.png\" alt=\"\" width=\"364\" height=\"245\" srcset=\"https:\/\/becomewomancoder.eu\/wp-content\/uploads\/2021\/01\/picture4.png 1322w, https:\/\/becomewomancoder.eu\/wp-content\/uploads\/2021\/01\/picture4-300x202.png 300w, https:\/\/becomewomancoder.eu\/wp-content\/uploads\/2021\/01\/picture4-1024x688.png 1024w, https:\/\/becomewomancoder.eu\/wp-content\/uploads\/2021\/01\/picture4-768x516.png 768w\" sizes=\"(max-width: 364px) 100vw, 364px\" \/><\/b><\/p>\r\n<p>&nbsp;<\/p>\r\n<p><strong>Na podstawie strategii Europa 2020<\/strong><\/p>\r\n<p>Nasz projekt jest zgodny ze strategi\u0105 Europa 2020 i agend\u0105 cyfrow\u0105. Opr\u00f3cz oferowania wsparcia odbiorcom docelowym, projekt ten b\u0119dzie sprzyja\u0142 integracji p\u0142ci, ograniczeniu niedopasowania umiej\u0119tno\u015bci i niedobor\u00f3w pracownik\u00f3w w sektorze cyfrowym oraz poprawie r\u00f3\u017cnorodno\u015bci p\u0142ci w zawodzie programisty. Ponadto b\u0119dzie wspiera\u0107 cyfrowe firmy i o\u015brodki szkoleniowe, kt\u00f3re chc\u0105 przyci\u0105gn\u0105\u0107 kobiety w swojej dziedzinie. <strong>Becoming a Woman Coder<\/strong> promuje innowacje spo\u0142eczne poprzez feminizacj\u0119 \u201em\u0119skich\u201d zawod\u00f3w i d\u0105\u017cy do podniesienia umiej\u0119tno\u015bci kobiet o niskich kwalifikacjach.<\/p>\r\n<p>&nbsp;<\/p>\r\n<p>&nbsp;<\/p>\r\n<a href=\"https:\/\/becomewomancoder.eu\/wp-content\/uploads\/2021\/07\/BWC-IO1-Polish.pdf\" class=\"pdfemb-viewer\" style=\"\" data-width=\"max\" data-height=\"max\"  data-toolbar=\"bottom\" data-toolbar-fixed=\"off\">BWC-IO1-Polish<br\/><\/a>\r\n<p><a class=\"myButton\" style=\"margin-top: 15px;\" href=\"http:\/\/becomewomancoder.eu\/wp-content\/uploads\/2021\/07\/BWC-IO1-Polish.pdf\" target=\"_blank\" rel=\"noopener noreferrer\">Download<\/a><\/p>","protected":false},"excerpt":{"rendered":"<p>Programowanie to zaw\u00f3d, do kt\u00f3rego mo\u017cna wej\u015b\u0107 bez wy\u017cszego wykszta\u0142cenia kierunkowego &#8211; wystarcz\u0105 kursy i zaanga\u017cowanie. Praca na tym rynku jest zwykle lepiej p\u0142atna ni\u017c zawody poza gospodark\u0105 cyfrow\u0105, w kt\u00f3ych pracuje wiele kobiet (sprzeda\u017c, opieka, praca biurowa, catering, sprz\u0105tanie,\u2026). &nbsp; Obecnie tylko 60% kobiet w Europie jest zatrudnionych, w przeciwie\u0144stwie do 76% m\u0119\u017cczyzn. Bezrobotne &hellip;<\/p>\n<p class=\"read-more\"> <a class=\"\" href=\"https:\/\/becomewomancoder.eu\/pl\/about-the-project\/\"> <span class=\"screen-reader-text\">O Projekcie<\/span>Read More &raquo;<\/a><\/p>\n","protected":false},"author":1,"featured_media":0,"parent":0,"menu_order":0,"comment_status":"closed","ping_status":"open","template":"","meta":{"_mi_skip_tracking":false},"_links":{"self":[{"href":"https:\/\/becomewomancoder.eu\/pl\/wp-json\/wp\/v2\/pages\/2"}],"collection":[{"href":"https:\/\/becomewomancoder.eu\/pl\/wp-json\/wp\/v2\/pages"}],"about":[{"href":"https:\/\/becomewomancoder.eu\/pl\/wp-json\/wp\/v2\/types\/page"}],"author":[{"embeddable":true,"href":"https:\/\/becomewomancoder.eu\/pl\/wp-json\/wp\/v2\/users\/1"}],"replies":[{"embeddable":true,"href":"https:\/\/becomewomancoder.eu\/pl\/wp-json\/wp\/v2\/comments?post=2"}],"version-history":[{"count":36,"href":"https:\/\/becomewomancoder.eu\/pl\/wp-json\/wp\/v2\/pages\/2\/revisions"}],"predecessor-version":[{"id":648,"href":"https:\/\/becomewomancoder.eu\/pl\/wp-json\/wp\/v2\/pages\/2\/revisions\/648"}],"wp:attachment":[{"href":"https:\/\/becomewomancoder.eu\/pl\/wp-json\/wp\/v2\/media?parent=2"}],"curies":[{"name":"wp","href":"https:\/\/api.w.org\/{rel}","templated":true}]}}