{"id":487,"date":"2022-09-02T10:29:34","date_gmt":"2022-09-02T10:29:34","guid":{"rendered":"http:\/\/becomewomancoder.eu\/?page_id=487"},"modified":"2022-10-14T14:35:10","modified_gmt":"2022-10-14T14:35:10","slug":"training-professionals","status":"publish","type":"page","link":"https:\/\/becomewomancoder.eu\/pl\/training-professionals\/","title":{"rendered":"(English) Training Professionals"},"content":{"rendered":"<p class=\"qtranxs-available-languages-message qtranxs-available-languages-message-pl\">Przepraszamy, ten wpis jest dost\u0119pny tylko w j\u0119zyku <a href=\"https:\/\/becomewomancoder.eu\/en\/wp-json\/wp\/v2\/pages\/487\" class=\"qtranxs-available-language-link qtranxs-available-language-link-en\" title=\"English\">ameryka\u0144ski angielski<\/a>, <a href=\"https:\/\/becomewomancoder.eu\/fr\/wp-json\/wp\/v2\/pages\/487\" class=\"qtranxs-available-language-link qtranxs-available-language-link-fr\" title=\"Fran\u00e7ais\">francuski<\/a> i <a href=\"https:\/\/becomewomancoder.eu\/fi\/wp-json\/wp\/v2\/pages\/487\" class=\"qtranxs-available-language-link qtranxs-available-language-link-fi\" title=\"suomi\">fi\u0144ski<\/a>.<\/p>","protected":false},"excerpt":{"rendered":"<p>Przepraszamy, ten wpis jest dost\u0119pny tylko w j\u0119zyku ameryka\u0144ski angielski, francuski i fi\u0144ski.<\/p>\n","protected":false},"author":1,"featured_media":0,"parent":0,"menu_order":0,"comment_status":"closed","ping_status":"closed","template":"","meta":{"_mi_skip_tracking":false},"_links":{"self":[{"href":"https:\/\/becomewomancoder.eu\/pl\/wp-json\/wp\/v2\/pages\/487"}],"collection":[{"href":"https:\/\/becomewomancoder.eu\/pl\/wp-json\/wp\/v2\/pages"}],"about":[{"href":"https:\/\/becomewomancoder.eu\/pl\/wp-json\/wp\/v2\/types\/page"}],"author":[{"embeddable":true,"href":"https:\/\/becomewomancoder.eu\/pl\/wp-json\/wp\/v2\/users\/1"}],"replies":[{"embeddable":true,"href":"https:\/\/becomewomancoder.eu\/pl\/wp-json\/wp\/v2\/comments?post=487"}],"version-history":[{"count":10,"href":"https:\/\/becomewomancoder.eu\/pl\/wp-json\/wp\/v2\/pages\/487\/revisions"}],"predecessor-version":[{"id":829,"href":"https:\/\/becomewomancoder.eu\/pl\/wp-json\/wp\/v2\/pages\/487\/revisions\/829"}],"wp:attachment":[{"href":"https:\/\/becomewomancoder.eu\/pl\/wp-json\/wp\/v2\/media?parent=487"}],"curies":[{"name":"wp","href":"https:\/\/api.w.org\/{rel}","templated":true}]}}