{"id":494,"date":"2022-09-12T10:03:01","date_gmt":"2022-09-12T10:03:01","guid":{"rendered":"http:\/\/becomewomancoder.eu\/?page_id=494"},"modified":"2022-10-25T14:17:01","modified_gmt":"2022-10-25T14:17:01","slug":"resources","status":"publish","type":"page","link":"https:\/\/becomewomancoder.eu\/pl\/resources\/","title":{"rendered":"Zasoby"},"content":{"rendered":"<p><\/p>\n<style>\n@media only screen and (max-width: 600px)\n{\niframe.ead-iframe {\n    min-height: 245px !important;\n}\niframe{\n   height: 100% !important;\n   width: 100% !important;\n}\n}\n.site-content #primary {\n    width: 100%;\n}\n<\/style>\n<p><center><br \/>\n<div class=\"ead-preview\"><div class=\"ead-document\" style=\"position: relative;\"><div class=\"ead-iframe-wrapper\"><iframe src=\"\/\/docs.google.com\/viewer?url=http%3A%2F%2Fbecomewomancoder.eu%2Fwp-content%2Fuploads%2F2022%2F10%2FBWC-IO5-Convincing-part-PO.pdf&amp;embedded=true&amp;hl=en\" title=\"Embedded Document\" class=\"ead-iframe\" style=\"width: 100%;height: 80%;border: none;min-height: 500px;visibility: hidden;\"><\/iframe><\/div>\t\t\t<div class=\"ead-document-loading\" style=\"width:100%;height:100%;position:absolute;left:0;top:0;z-index:10;\">\n\t\t\t\t<div class=\"ead-loading-wrap\">\n\t\t\t\t\t<div class=\"ead-loading-main\">\n\t\t\t\t\t\t<div class=\"ead-loading\">\n\t\t\t\t\t\t\t<img src=\"https:\/\/becomewomancoder.eu\/wp-content\/plugins\/embed-any-document\/images\/loading.svg\" width=\"55\" height=\"55\" alt=\"Loader\">\n\t\t\t\t\t\t\t<span>Loading...<\/span>\n\t\t\t\t\t\t<\/div>\n\t\t\t\t\t<\/div>\n\t\t\t\t\t<div class=\"ead-loading-foot\">\n\t\t\t\t\t\t<div class=\"ead-loading-foot-title\">\n\t\t\t\t\t\t\t<img src=\"https:\/\/becomewomancoder.eu\/wp-content\/plugins\/embed-any-document\/images\/EAD-logo.svg\" alt=\"EAD Logo\" width=\"36\" height=\"23\"\/>\n\t\t\t\t\t\t\t<span>Taking too long?<\/span>\n\t\t\t\t\t\t<\/div>\n\t\t\t\t\t\t<p>\n\t\t\t\t\t\t\t<div class=\"ead-document-btn ead-reload-btn\" role=\"button\">\n\t\t\t\t\t\t\t\t<img src=\"https:\/\/becomewomancoder.eu\/wp-content\/plugins\/embed-any-document\/images\/reload.svg\" alt=\"Reload\" width=\"12\" height=\"12\"\/> Reload document\t\t\t\t\t\t\t<\/div>\n\t\t\t\t\t\t\t<span>|<\/span>\n\t\t\t\t\t\t\t<a href=\"http:\/\/becomewomancoder.eu\/wp-content\/uploads\/2022\/10\/BWC-IO5-Convincing-part-PO.pdf\" class=\"ead-document-btn\" target=\"_blank\">\n\t\t\t\t\t\t\t\t<img src=\"https:\/\/becomewomancoder.eu\/wp-content\/plugins\/embed-any-document\/images\/open.svg\" alt=\"Open\" width=\"12\" height=\"12\"\/> Open in new tab\t\t\t\t\t\t\t<\/a>\n\t\t\t\t\t<\/div>\n\t\t\t\t<\/div>\n\t\t\t<\/div>\n\t\t<\/div><\/div><br \/>\n<a class=\"badge-button\" href=\"\/wp-content\/uploads\/2022\/10\/BWC-IO5-Convincing-part-PO.pdf\" download='Coding-jobs'>Download in PDF<\/a><br \/>\n<\/center><br \/>\n<center><\/p>\n<h1><a target=\"_blank\" href=\"https:\/\/becomewomancoder.eu\/mini\/pl\/POLISH-digital-world\/story.html\" rel=\"noopener noreferrer\">Cyfrowy \u015bwiat<\/a><\/h1>\n<p><iframe loading=\"lazy\" src=\"https:\/\/becomewomancoder.eu\/mini\/pl\/POLISH-digital-world\/story.html\" width=\"100%\" height=\"664px\" ><\/iframe><\/p>\n<h1><a target=\"_blank\" href=\"https:\/\/becomewomancoder.eu\/mini\/pl\/POLISH-web-jobs\/story.html\" rel=\"noopener noreferrer\">Praca w sieci<\/a><\/h1>\n<p><iframe loading=\"lazy\" src=\"https:\/\/becomewomancoder.eu\/mini\/pl\/POLISH-web-jobs\/story.html\"  width=\"100%\" height=\"664px\" ><\/iframe><\/p>\n<h1><a target=\"_blank\" href=\"https:\/\/becomewomancoder.eu\/mini\/pl\/POLISH-coding-job-game\/story.html\" rel=\"noopener noreferrer\">Jaka jest ich praca w zakresie kodowania?<\/a><\/h1>\n<p><iframe loading=\"lazy\" src=\"https:\/\/becomewomancoder.eu\/mini\/pl\/POLISH-coding-job-game\/story.html\" width=\"100%\" height=\"664px\" ><\/iframe><\/p>\n<div class=\"spot-games\">\n<h1><a target=\"_blank\" href=\"https:\/\/p.interacty.me\/346b963d8503042a\/iframe.html\" rel=\"noopener noreferrer\">Znajd\u017a szczeg\u00f3\u0142y!<\/a><\/h1>\n<div class=\"interacty_padding\" style=\"position: relative; padding: 28% !important\">\n<div class=\"interacty_wrapper\" style=\"position: absolute; top: 0; left: 0; width: 100%; height: 100%;\">\n        <iframe style=\"border: none; width: 100%; height: 100%;\" src=\"https:\/\/p.interacty.me\/346b963d8503042a\/iframe.html\"><\/iframe>\n    <\/div>\n<\/div>\n<h1><a target=\"_blank\" href=\"https:\/\/p.interacty.me\/103cc352ea7ee715\/iframe.html\" rel=\"noopener noreferrer\">Znajd\u017a kod HTML!<\/a><\/h1>\n<div class=\"interacty_padding\" style=\"position: relative; padding: 77% 0 0 0px !important;\">\n<div class=\"interacty_wrapper\" style=\"position: absolute; top: 0; left: 0; width: 100%; height: 100%;\">\n        <iframe style=\"border: none; width: 100%; height: 100%;\" src=\"https:\/\/p.interacty.me\/103cc352ea7ee715\/iframe.html\"><\/iframe>\n    <\/div>\n<\/div>\n<h1><a target=\"_blank\" href=\"https:\/\/p.interacty.me\/2c854e6f8fee3f69\/iframe.html\" rel=\"noopener noreferrer\">Znajd\u017a CSS!<\/a><\/h1>\n<div class=\"interacty_padding\" style=\"position: relative; padding: 85% 0 0 0px !important;\">\n<div class=\"interacty_wrapper\" style=\"position: absolute; top: 0; left: 0; width: 100%; height: 100%;\">\n        <iframe style=\"border: none; width: 100%; height: 100%;\" src=\"https:\/\/p.interacty.me\/2c854e6f8fee3f69\/iframe.html\"><\/iframe>\n    <\/div>\n<\/div>\n<\/div>\n<h1><a target=\"_blank\" href=\"https:\/\/becomewomancoder.eu\/mini\/pl\/POLISH-brain-game\/story.html\" rel=\"noopener noreferrer\">Przekr\u0119\u0107 sw\u00f3j m\u00f3zg!<\/a><\/h1>\n<p><iframe loading=\"lazy\" src=\"https:\/\/becomewomancoder.eu\/mini\/pl\/POLISH-brain-game\/story.html\" width=\"100%\" height=\"664px\" ><\/iframe><\/p>\n<h1><a target=\"_blank\" href=\"https:\/\/becomewomancoder.eu\/mini\/pl\/POLISH-cross-game\/story.html\" rel=\"noopener noreferrer\">Picross<\/a><\/h1>\n<p><iframe loading=\"lazy\" src=\"https:\/\/becomewomancoder.eu\/mini\/pl\/POLISH-cross-game\/story.html\"  width=\"100%\" height=\"664px\" ><\/iframe><\/p>\n<h1><a target=\"_blank\" href=\"https:\/\/docs.google.com\/forms\/d\/17geVoCBbdfRUPLn5oU1WUs-BOnCNxu5-sxJipg52hOE\/prefill\" rel=\"noopener noreferrer\">Czy nadaj\u0119 si\u0119 do kodowania?<\/a><\/h1>\n<p><iframe loading=\"lazy\" src=\"https:\/\/docs.google.com\/forms\/d\/17geVoCBbdfRUPLn5oU1WUs-BOnCNxu5-sxJipg52hOE\/viewform?pli=1\" width=\"100%\" height=\"664px\" ><\/iframe><br \/>\n<\/center><br \/>\n<\/p>\n<h2>Kira, in\u017cynier danych, by\u0142y prawnik (Francja)<\/h2>\n<div onclick=\"this.nextElementSibling.style.display='block'; this.style.display='none'\">\n   <img src=\"http:\/\/becomewomancoder.eu\/wp-content\/uploads\/2021\/08\/Kira.png\" style=\"cursor:pointer\" \/>\n<\/div>\n<div style=\"display:none\">\n    <iframe loading=\"lazy\" src=\"https:\/\/drive.google.com\/file\/d\/19SqkSi5HVBtfbsGpj-XKQwhnC95D6R6M\/preview\" width=\"768px\" height=\"480\" name=\"iframe_video1\"><\/iframe>\n<\/div>\n<p><center><br \/>\n<a target=\"_blank\" class=\"badge-button\" href=\"https:\/\/drive.google.com\/file\/d\/19SqkSi5HVBtfbsGpj-XKQwhnC95D6R6M\/view\" rel=\"noopener noreferrer\">Link do filmu<\/a><br \/>\n<\/center><\/p>\n<h2>Maeva, projektantka UX, by\u0142a kwiaciarnia eventowa (Francja)<\/h2>\n<div onclick=\"this.nextElementSibling.style.display='block'; this.style.display='none'\">\n   <img src=\"http:\/\/becomewomancoder.eu\/wp-content\/uploads\/2021\/08\/Maeve-1.png\" style=\"cursor:pointer\" \/>\n<\/div>\n<div style=\"display:none\">\n    <iframe loading=\"lazy\" src=\"https:\/\/drive.google.com\/file\/d\/1XPkC2qlWK0ysweNuDtQJSDTET1Dde1He\/preview?\" width=\"768px\" height=\"480\" name=\"iframe_video1\"><\/iframe>\n<\/div>\n<p><center><br \/>\n<a target=\"_blank\" class=\"badge-button\" href=\"https:\/\/drive.google.com\/file\/d\/1XPkC2qlWK0ysweNuDtQJSDTET1Dde1He\/view\" rel=\"noopener noreferrer\">Link do filmu<\/a><br \/>\n<\/center><\/p>\n<h2>Vlada, Web Developer, by\u0142a opiekunka (Finlandia)<\/h2>\n<div onclick=\"this.nextElementSibling.style.display='block'; this.style.display='none'\">\n   <img src=\"http:\/\/becomewomancoder.eu\/wp-content\/uploads\/2021\/08\/Vlada.png\" style=\"cursor:pointer\" \/>\n<\/div>\n<div style=\"display:none\">\n    <iframe loading=\"lazy\" src=\"https:\/\/drive.google.com\/file\/d\/1PFZDos6XYJP0zCED12BxUdh10ucCREkA\/preview\" width=\"768px\" height=\"480\" name=\"iframe_video1\"><\/iframe>\n<\/div>\n<p><center><br \/>\n<a target=\"_blank\" class=\"badge-button\" href=\"https:\/\/drive.google.com\/file\/d\/1PFZDos6XYJP0zCED12BxUdh10ucCREkA\/view\" rel=\"noopener noreferrer\">Link do filmu<\/a><br \/>\n<\/center><\/p>\n<h2>Louisa, CRM, programista poczty e-mail i stron internetowych, ex-workforce planner (Malta)<\/h2>\n<div onclick=\"this.nextElementSibling.style.display='block'; this.style.display='none'\">\n   <img src=\"http:\/\/becomewomancoder.eu\/wp-content\/uploads\/2021\/08\/Louisa.png\" style=\"cursor:pointer\" \/>\n<\/div>\n<div style=\"display:none\">\n    <iframe loading=\"lazy\" src=\"https:\/\/drive.google.com\/file\/d\/1x8cFQDF_3_TmHhOO3SgcUqT8k6gYvTQR\/preview\" width=\"768px\" height=\"480\" name=\"iframe_video1\"><\/iframe>\n<\/div>\n<p><center><br \/>\n<a target=\"_blank\" class=\"badge-button\" href=\"https:\/\/drive.google.com\/file\/d\/1x8cFQDF_3_TmHhOO3SgcUqT8k6gYvTQR\/view\" rel=\"noopener noreferrer\">Link do filmu<\/a><br \/>\n<\/center><\/p>\n<h2>Aleksandra, In\u017cynier QA, by\u0142y t\u0142umacz (Polska)<\/h2>\n<div onclick=\"this.nextElementSibling.style.display='block'; this.style.display='none'\">\n   <img src=\"http:\/\/becomewomancoder.eu\/wp-content\/uploads\/2021\/08\/Aleksandra.png\" style=\"cursor:pointer\" \/>\n<\/div>\n<div style=\"display:none\">\n    <iframe loading=\"lazy\" src=\"https:\/\/drive.google.com\/file\/d\/1tH9UjQ-Fsyr3UFbeCzt3GtmykvAlcVKU\/preview\" width=\"768px\" height=\"480\" name=\"iframe_video1\"><\/iframe>\n<\/div>\n<p><center><br \/>\n<a target=\"_blank\" class=\"badge-button\" href=\"https:\/\/drive.google.com\/file\/d\/1tH9UjQ-Fsyr3UFbeCzt3GtmykvAlcVKU\/view\" rel=\"noopener noreferrer\">Link do filmu<\/a><br \/>\n<\/center><\/p>\n<h2>Obalanie mit\u00f3w<\/h2>\n<p><iframe loading=\"lazy\" src=\"https:\/\/drive.google.com\/file\/d\/1gZauXM2cDs10XZetcqnSH4ZgqmNh_ccr\/preview\" width=\"768px\" height=\"480\" name=\"iframe_video1\"><\/iframe><br \/>\n<center><br \/>\n<a target=\"_blank\" class=\"badge-button\" href=\"https:\/\/drive.google.com\/file\/d\/1gZauXM2cDs10XZetcqnSH4ZgqmNh_ccr\/view\" rel=\"noopener noreferrer\">Link do filmu<\/a><br \/>\n<\/center><br \/>\n<div class=\"ead-preview\"><div class=\"ead-document\" style=\"position: relative;\"><div class=\"ead-iframe-wrapper\"><iframe src=\"\/\/docs.google.com\/viewer?url=http%3A%2F%2Fbecomewomancoder.eu%2Fwp-content%2Fuploads%2F2022%2F10%2Fressources-polish-network.pdf&amp;embedded=true&amp;hl=en\" title=\"Embedded Document\" class=\"ead-iframe\" style=\"width: 100%;height: 80%;border: none;min-height: 500px;visibility: hidden;\"><\/iframe><\/div>\t\t\t<div class=\"ead-document-loading\" style=\"width:100%;height:100%;position:absolute;left:0;top:0;z-index:10;\">\n\t\t\t\t<div class=\"ead-loading-wrap\">\n\t\t\t\t\t<div class=\"ead-loading-main\">\n\t\t\t\t\t\t<div class=\"ead-loading\">\n\t\t\t\t\t\t\t<img src=\"https:\/\/becomewomancoder.eu\/wp-content\/plugins\/embed-any-document\/images\/loading.svg\" width=\"55\" height=\"55\" alt=\"Loader\">\n\t\t\t\t\t\t\t<span>Loading...<\/span>\n\t\t\t\t\t\t<\/div>\n\t\t\t\t\t<\/div>\n\t\t\t\t\t<div class=\"ead-loading-foot\">\n\t\t\t\t\t\t<div class=\"ead-loading-foot-title\">\n\t\t\t\t\t\t\t<img src=\"https:\/\/becomewomancoder.eu\/wp-content\/plugins\/embed-any-document\/images\/EAD-logo.svg\" alt=\"EAD Logo\" width=\"36\" height=\"23\"\/>\n\t\t\t\t\t\t\t<span>Taking too long?<\/span>\n\t\t\t\t\t\t<\/div>\n\t\t\t\t\t\t<p>\n\t\t\t\t\t\t\t<div class=\"ead-document-btn ead-reload-btn\" role=\"button\">\n\t\t\t\t\t\t\t\t<img src=\"https:\/\/becomewomancoder.eu\/wp-content\/plugins\/embed-any-document\/images\/reload.svg\" alt=\"Reload\" width=\"12\" height=\"12\"\/> Reload document\t\t\t\t\t\t\t<\/div>\n\t\t\t\t\t\t\t<span>|<\/span>\n\t\t\t\t\t\t\t<a href=\"http:\/\/becomewomancoder.eu\/wp-content\/uploads\/2022\/10\/ressources-polish-network.pdf\" class=\"ead-document-btn\" target=\"_blank\">\n\t\t\t\t\t\t\t\t<img src=\"https:\/\/becomewomancoder.eu\/wp-content\/plugins\/embed-any-document\/images\/open.svg\" alt=\"Open\" width=\"12\" height=\"12\"\/> Open in new tab\t\t\t\t\t\t\t<\/a>\n\t\t\t\t\t<\/div>\n\t\t\t\t<\/div>\n\t\t\t<\/div>\n\t\t<\/div><\/div><br \/>\n<center><br \/>\n<a class=\"badge-button\" href=\"\/wp-content\/uploads\/2022\/10\/ressources-polish-network.pdf\" download='Network'>Download in PDF<\/a><br \/>\n<\/center><br \/>\n<br \/>\n<div class=\"ead-preview\"><div class=\"ead-document\" style=\"position: relative;\"><div class=\"ead-iframe-wrapper\"><iframe src=\"\/\/docs.google.com\/viewer?url=http%3A%2F%2Fbecomewomancoder.eu%2Fwp-content%2Fuploads%2F2022%2F10%2Fressources-polish-mentor.pdf&amp;embedded=true&amp;hl=en\" title=\"Embedded Document\" class=\"ead-iframe\" style=\"width: 100%;height: 80%;border: none;min-height: 500px;visibility: hidden;\"><\/iframe><\/div>\t\t\t<div class=\"ead-document-loading\" style=\"width:100%;height:100%;position:absolute;left:0;top:0;z-index:10;\">\n\t\t\t\t<div class=\"ead-loading-wrap\">\n\t\t\t\t\t<div class=\"ead-loading-main\">\n\t\t\t\t\t\t<div class=\"ead-loading\">\n\t\t\t\t\t\t\t<img src=\"https:\/\/becomewomancoder.eu\/wp-content\/plugins\/embed-any-document\/images\/loading.svg\" width=\"55\" height=\"55\" alt=\"Loader\">\n\t\t\t\t\t\t\t<span>Loading...<\/span>\n\t\t\t\t\t\t<\/div>\n\t\t\t\t\t<\/div>\n\t\t\t\t\t<div class=\"ead-loading-foot\">\n\t\t\t\t\t\t<div class=\"ead-loading-foot-title\">\n\t\t\t\t\t\t\t<img src=\"https:\/\/becomewomancoder.eu\/wp-content\/plugins\/embed-any-document\/images\/EAD-logo.svg\" alt=\"EAD Logo\" width=\"36\" height=\"23\"\/>\n\t\t\t\t\t\t\t<span>Taking too long?<\/span>\n\t\t\t\t\t\t<\/div>\n\t\t\t\t\t\t<p>\n\t\t\t\t\t\t\t<div class=\"ead-document-btn ead-reload-btn\" role=\"button\">\n\t\t\t\t\t\t\t\t<img src=\"https:\/\/becomewomancoder.eu\/wp-content\/plugins\/embed-any-document\/images\/reload.svg\" alt=\"Reload\" width=\"12\" height=\"12\"\/> Reload document\t\t\t\t\t\t\t<\/div>\n\t\t\t\t\t\t\t<span>|<\/span>\n\t\t\t\t\t\t\t<a href=\"http:\/\/becomewomancoder.eu\/wp-content\/uploads\/2022\/10\/ressources-polish-mentor.pdf\" class=\"ead-document-btn\" target=\"_blank\">\n\t\t\t\t\t\t\t\t<img src=\"https:\/\/becomewomancoder.eu\/wp-content\/plugins\/embed-any-document\/images\/open.svg\" alt=\"Open\" width=\"12\" height=\"12\"\/> Open in new tab\t\t\t\t\t\t\t<\/a>\n\t\t\t\t\t<\/div>\n\t\t\t\t<\/div>\n\t\t\t<\/div>\n\t\t<\/div><\/div><br \/>\n<center><br \/>\n<a class=\"badge-button\" href=\"\/wp-content\/uploads\/2022\/10\/ressources-polish-mentor.pdf\" download='Mentors'>Download in PDF<\/a><br \/>\n<\/center><br \/>\n<br \/>\n<div class=\"ead-preview\"><div class=\"ead-document\" style=\"position: relative;\"><div class=\"ead-iframe-wrapper\"><iframe src=\"\/\/docs.google.com\/viewer?url=http%3A%2F%2Fbecomewomancoder.eu%2Fwp-content%2Fuploads%2F2022%2F10%2Fressources-polish-courses.pdf&amp;embedded=true&amp;hl=en\" title=\"Embedded Document\" class=\"ead-iframe\" style=\"width: 100%;height: 80%;border: none;min-height: 500px;visibility: hidden;\"><\/iframe><\/div>\t\t\t<div class=\"ead-document-loading\" style=\"width:100%;height:100%;position:absolute;left:0;top:0;z-index:10;\">\n\t\t\t\t<div class=\"ead-loading-wrap\">\n\t\t\t\t\t<div class=\"ead-loading-main\">\n\t\t\t\t\t\t<div class=\"ead-loading\">\n\t\t\t\t\t\t\t<img src=\"https:\/\/becomewomancoder.eu\/wp-content\/plugins\/embed-any-document\/images\/loading.svg\" width=\"55\" height=\"55\" alt=\"Loader\">\n\t\t\t\t\t\t\t<span>Loading...<\/span>\n\t\t\t\t\t\t<\/div>\n\t\t\t\t\t<\/div>\n\t\t\t\t\t<div class=\"ead-loading-foot\">\n\t\t\t\t\t\t<div class=\"ead-loading-foot-title\">\n\t\t\t\t\t\t\t<img src=\"https:\/\/becomewomancoder.eu\/wp-content\/plugins\/embed-any-document\/images\/EAD-logo.svg\" alt=\"EAD Logo\" width=\"36\" height=\"23\"\/>\n\t\t\t\t\t\t\t<span>Taking too long?<\/span>\n\t\t\t\t\t\t<\/div>\n\t\t\t\t\t\t<p>\n\t\t\t\t\t\t\t<div class=\"ead-document-btn ead-reload-btn\" role=\"button\">\n\t\t\t\t\t\t\t\t<img src=\"https:\/\/becomewomancoder.eu\/wp-content\/plugins\/embed-any-document\/images\/reload.svg\" alt=\"Reload\" width=\"12\" height=\"12\"\/> Reload document\t\t\t\t\t\t\t<\/div>\n\t\t\t\t\t\t\t<span>|<\/span>\n\t\t\t\t\t\t\t<a href=\"http:\/\/becomewomancoder.eu\/wp-content\/uploads\/2022\/10\/ressources-polish-courses.pdf\" class=\"ead-document-btn\" target=\"_blank\">\n\t\t\t\t\t\t\t\t<img src=\"https:\/\/becomewomancoder.eu\/wp-content\/plugins\/embed-any-document\/images\/open.svg\" alt=\"Open\" width=\"12\" height=\"12\"\/> Open in new tab\t\t\t\t\t\t\t<\/a>\n\t\t\t\t\t<\/div>\n\t\t\t\t<\/div>\n\t\t\t<\/div>\n\t\t<\/div><\/div><br \/>\n<center><br \/>\n<a class=\"badge-button\" href=\"\/wp-content\/uploads\/2022\/10\/ressources-polish-courses.pdf\" download='Courses'>Download in PDF<\/a><br \/>\n<\/center><br \/>\n<br \/>\n<div class=\"ead-preview\"><div class=\"ead-document\" style=\"position: relative;\"><div class=\"ead-iframe-wrapper\"><iframe src=\"\/\/docs.google.com\/viewer?url=http%3A%2F%2Fbecomewomancoder.eu%2Fwp-content%2Fuploads%2F2022%2F10%2Fressources-polish-coding-jobs.pdf&amp;embedded=true&amp;hl=en\" title=\"Embedded Document\" class=\"ead-iframe\" style=\"width: 100%;height: 80%;border: none;min-height: 500px;visibility: hidden;\"><\/iframe><\/div>\t\t\t<div class=\"ead-document-loading\" style=\"width:100%;height:100%;position:absolute;left:0;top:0;z-index:10;\">\n\t\t\t\t<div class=\"ead-loading-wrap\">\n\t\t\t\t\t<div class=\"ead-loading-main\">\n\t\t\t\t\t\t<div class=\"ead-loading\">\n\t\t\t\t\t\t\t<img src=\"https:\/\/becomewomancoder.eu\/wp-content\/plugins\/embed-any-document\/images\/loading.svg\" width=\"55\" height=\"55\" alt=\"Loader\">\n\t\t\t\t\t\t\t<span>Loading...<\/span>\n\t\t\t\t\t\t<\/div>\n\t\t\t\t\t<\/div>\n\t\t\t\t\t<div class=\"ead-loading-foot\">\n\t\t\t\t\t\t<div class=\"ead-loading-foot-title\">\n\t\t\t\t\t\t\t<img src=\"https:\/\/becomewomancoder.eu\/wp-content\/plugins\/embed-any-document\/images\/EAD-logo.svg\" alt=\"EAD Logo\" width=\"36\" height=\"23\"\/>\n\t\t\t\t\t\t\t<span>Taking too long?<\/span>\n\t\t\t\t\t\t<\/div>\n\t\t\t\t\t\t<p>\n\t\t\t\t\t\t\t<div class=\"ead-document-btn ead-reload-btn\" role=\"button\">\n\t\t\t\t\t\t\t\t<img src=\"https:\/\/becomewomancoder.eu\/wp-content\/plugins\/embed-any-document\/images\/reload.svg\" alt=\"Reload\" width=\"12\" height=\"12\"\/> Reload document\t\t\t\t\t\t\t<\/div>\n\t\t\t\t\t\t\t<span>|<\/span>\n\t\t\t\t\t\t\t<a href=\"http:\/\/becomewomancoder.eu\/wp-content\/uploads\/2022\/10\/ressources-polish-coding-jobs.pdf\" class=\"ead-document-btn\" target=\"_blank\">\n\t\t\t\t\t\t\t\t<img src=\"https:\/\/becomewomancoder.eu\/wp-content\/plugins\/embed-any-document\/images\/open.svg\" alt=\"Open\" width=\"12\" height=\"12\"\/> Open in new tab\t\t\t\t\t\t\t<\/a>\n\t\t\t\t\t<\/div>\n\t\t\t\t<\/div>\n\t\t\t<\/div>\n\t\t<\/div><\/div><br \/>\n<center><br \/>\n<a class=\"badge-button\" href=\"\/wp-content\/uploads\/2022\/10\/ressources-polish-coding-jobs.pdf\" download='Coding-jobs'>Download in PDF<\/a><br \/>\n<\/center><br \/>\n<center><br \/>\n<a class=\"badge-button\" href=\"\/wp-content\/uploads\/2022\/10\/ressources-polish-last.pptx\" download='Resources'>Download in PPTX<\/a><br \/>\n<\/center><br \/>\n<div class=\"ead-preview\"><div class=\"ead-document\" style=\"position: relative;\"><div class=\"ead-iframe-wrapper\"><iframe src=\"\/\/docs.google.com\/viewer?url=http%3A%2F%2Fbecomewomancoder.eu%2Fwp-content%2Fuploads%2F2021%2F08%2FEQF-LAYOUT-PO.pdf&amp;embedded=true&amp;hl=en\" title=\"Embedded Document\" class=\"ead-iframe\" style=\"width: 100%;height: 80%;border: none;min-height: 500px;visibility: hidden;\"><\/iframe><\/div>\t\t\t<div class=\"ead-document-loading\" style=\"width:100%;height:100%;position:absolute;left:0;top:0;z-index:10;\">\n\t\t\t\t<div class=\"ead-loading-wrap\">\n\t\t\t\t\t<div class=\"ead-loading-main\">\n\t\t\t\t\t\t<div class=\"ead-loading\">\n\t\t\t\t\t\t\t<img src=\"https:\/\/becomewomancoder.eu\/wp-content\/plugins\/embed-any-document\/images\/loading.svg\" width=\"55\" height=\"55\" alt=\"Loader\">\n\t\t\t\t\t\t\t<span>Loading...<\/span>\n\t\t\t\t\t\t<\/div>\n\t\t\t\t\t<\/div>\n\t\t\t\t\t<div class=\"ead-loading-foot\">\n\t\t\t\t\t\t<div class=\"ead-loading-foot-title\">\n\t\t\t\t\t\t\t<img src=\"https:\/\/becomewomancoder.eu\/wp-content\/plugins\/embed-any-document\/images\/EAD-logo.svg\" alt=\"EAD Logo\" width=\"36\" height=\"23\"\/>\n\t\t\t\t\t\t\t<span>Taking too long?<\/span>\n\t\t\t\t\t\t<\/div>\n\t\t\t\t\t\t<p>\n\t\t\t\t\t\t\t<div class=\"ead-document-btn ead-reload-btn\" role=\"button\">\n\t\t\t\t\t\t\t\t<img src=\"https:\/\/becomewomancoder.eu\/wp-content\/plugins\/embed-any-document\/images\/reload.svg\" alt=\"Reload\" width=\"12\" height=\"12\"\/> Reload document\t\t\t\t\t\t\t<\/div>\n\t\t\t\t\t\t\t<span>|<\/span>\n\t\t\t\t\t\t\t<a href=\"http:\/\/becomewomancoder.eu\/wp-content\/uploads\/2021\/08\/EQF-LAYOUT-PO.pdf\" class=\"ead-document-btn\" target=\"_blank\">\n\t\t\t\t\t\t\t\t<img src=\"https:\/\/becomewomancoder.eu\/wp-content\/plugins\/embed-any-document\/images\/open.svg\" alt=\"Open\" width=\"12\" height=\"12\"\/> Open in new tab\t\t\t\t\t\t\t<\/a>\n\t\t\t\t\t<\/div>\n\t\t\t\t<\/div>\n\t\t\t<\/div>\n\t\t<\/div><\/div><br \/>\n<center><br \/>\n<a class=\"badge-button\" href=\"\/wp-content\/uploads\/2022\/10\/EQF-LAYOUT-PO.pdf\" download='Courses'>Download in PDF<\/a><br \/>\n<\/center><br \/>\n<div class=\"ead-preview\"><div class=\"ead-document\" style=\"position: relative;\"><div class=\"ead-iframe-wrapper\"><iframe src=\"\/\/docs.google.com\/viewer?url=http%3A%2F%2Fbecomewomancoder.eu%2Fwp-content%2Fuploads%2F2022%2F10%2FLetter-of-Intent-POL-FV.docx&amp;embedded=true&amp;hl=en\" title=\"Embedded Document\" class=\"ead-iframe\" style=\"width: 100%;height: 80%;border: none;min-height: 500px;visibility: hidden;\"><\/iframe><\/div>\t\t\t<div class=\"ead-document-loading\" style=\"width:100%;height:100%;position:absolute;left:0;top:0;z-index:10;\">\n\t\t\t\t<div class=\"ead-loading-wrap\">\n\t\t\t\t\t<div class=\"ead-loading-main\">\n\t\t\t\t\t\t<div class=\"ead-loading\">\n\t\t\t\t\t\t\t<img src=\"https:\/\/becomewomancoder.eu\/wp-content\/plugins\/embed-any-document\/images\/loading.svg\" width=\"55\" height=\"55\" alt=\"Loader\">\n\t\t\t\t\t\t\t<span>Loading...<\/span>\n\t\t\t\t\t\t<\/div>\n\t\t\t\t\t<\/div>\n\t\t\t\t\t<div class=\"ead-loading-foot\">\n\t\t\t\t\t\t<div class=\"ead-loading-foot-title\">\n\t\t\t\t\t\t\t<img src=\"https:\/\/becomewomancoder.eu\/wp-content\/plugins\/embed-any-document\/images\/EAD-logo.svg\" alt=\"EAD Logo\" width=\"36\" height=\"23\"\/>\n\t\t\t\t\t\t\t<span>Taking too long?<\/span>\n\t\t\t\t\t\t<\/div>\n\t\t\t\t\t\t<p>\n\t\t\t\t\t\t\t<div class=\"ead-document-btn ead-reload-btn\" role=\"button\">\n\t\t\t\t\t\t\t\t<img src=\"https:\/\/becomewomancoder.eu\/wp-content\/plugins\/embed-any-document\/images\/reload.svg\" alt=\"Reload\" width=\"12\" height=\"12\"\/> Reload document\t\t\t\t\t\t\t<\/div>\n\t\t\t\t\t\t\t<span>|<\/span>\n\t\t\t\t\t\t\t<a href=\"https:\/\/docs.google.com\/viewer?url=http%3A%2F%2Fbecomewomancoder.eu%2Fwp-content%2Fuploads%2F2022%2F10%2FLetter-of-Intent-POL-FV.docx&#038;hl=en\" class=\"ead-document-btn\" target=\"_blank\">\n\t\t\t\t\t\t\t\t<img src=\"https:\/\/becomewomancoder.eu\/wp-content\/plugins\/embed-any-document\/images\/open.svg\" alt=\"Open\" width=\"12\" height=\"12\"\/> Open in new tab\t\t\t\t\t\t\t<\/a>\n\t\t\t\t\t<\/div>\n\t\t\t\t<\/div>\n\t\t\t<\/div>\n\t\t<\/div><\/div><br \/>\n<center><br \/>\n<a class=\"badge-button\" href=\"\/wp-content\/uploads\/2022\/10\/Letter-of-Intent-POL-FV.docx\">Download in DOCX<\/a><br \/>\n<\/center><\/p>\n<p style=\"margin-bottom: 25px;\"><a href=\"https:\/\/becomewomancoder.eu\/wp-content\/uploads\/2022\/10\/IO7-guide-PO.pdf\" class=\"pdfemb-viewer\" style=\"\" data-width=\"max\" data-height=\"max\"  data-toolbar=\"bottom\" data-toolbar-fixed=\"off\">IO7-guide-PO<br\/><\/a><\/p>\n<p><a class=\"badge-button\" href=\"\/wp-content\/uploads\/2022\/10\/IO7-guide-PO.pdf\">Download in PDF<\/a><br \/>\n<\/center><\/p>","protected":false},"excerpt":{"rendered":"<p>Download in PDF Cyfrowy \u015bwiat Praca w sieci Jaka jest ich praca w zakresie kodowania? Znajd\u017a szczeg\u00f3\u0142y! Znajd\u017a kod HTML! Znajd\u017a CSS! Przekr\u0119\u0107 sw\u00f3j m\u00f3zg! Picross Czy nadaj\u0119 si\u0119 do kodowania? Kira, in\u017cynier danych, by\u0142y prawnik (Francja) Link do filmu Maeva, projektantka UX, by\u0142a kwiaciarnia eventowa (Francja) Link do filmu Vlada, Web Developer, by\u0142a opiekunka &hellip;<\/p>\n<p class=\"read-more\"> <a class=\"\" href=\"https:\/\/becomewomancoder.eu\/pl\/resources\/\"> <span class=\"screen-reader-text\">Zasoby<\/span>Read More &raquo;<\/a><\/p>\n","protected":false},"author":1,"featured_media":0,"parent":0,"menu_order":0,"comment_status":"closed","ping_status":"closed","template":"","meta":{"_mi_skip_tracking":false},"_links":{"self":[{"href":"https:\/\/becomewomancoder.eu\/pl\/wp-json\/wp\/v2\/pages\/494"}],"collection":[{"href":"https:\/\/becomewomancoder.eu\/pl\/wp-json\/wp\/v2\/pages"}],"about":[{"href":"https:\/\/becomewomancoder.eu\/pl\/wp-json\/wp\/v2\/types\/page"}],"author":[{"embeddable":true,"href":"https:\/\/becomewomancoder.eu\/pl\/wp-json\/wp\/v2\/users\/1"}],"replies":[{"embeddable":true,"href":"https:\/\/becomewomancoder.eu\/pl\/wp-json\/wp\/v2\/comments?post=494"}],"version-history":[{"count":99,"href":"https:\/\/becomewomancoder.eu\/pl\/wp-json\/wp\/v2\/pages\/494\/revisions"}],"predecessor-version":[{"id":854,"href":"https:\/\/becomewomancoder.eu\/pl\/wp-json\/wp\/v2\/pages\/494\/revisions\/854"}],"wp:attachment":[{"href":"https:\/\/becomewomancoder.eu\/pl\/wp-json\/wp\/v2\/media?parent=494"}],"curies":[{"name":"wp","href":"https:\/\/api.w.org\/{rel}","templated":true}]}}