{"id":539,"date":"2022-09-13T07:16:48","date_gmt":"2022-09-13T07:16:48","guid":{"rendered":"http:\/\/becomewomancoder.eu\/?page_id=539"},"modified":"2022-10-25T13:20:15","modified_gmt":"2022-10-25T13:20:15","slug":"start-your-training","status":"publish","type":"page","link":"https:\/\/becomewomancoder.eu\/pl\/start-your-training\/","title":{"rendered":"Rozpocznij szkolenie"},"content":{"rendered":"<p><\/p>\n<style>\nh2{\ncolor: #9151b1;\n}\n@media only screen and (max-width:600px){\n.test-logo{\nmax-width: 45% !important;\n}\n.hexagons{\nmax-width: 30% !important;\n}\n.buttons {\n    display: block !important;\n}\n}\n.text-container {\n    text-align: center;\n    font-weight: 500;\n    font-size: 21px;\n}\n.button-container {\n    text-align: center;\n    border: 8px solid #ff5052;\n    margin: 15px;\n}\nb{\n    color: #4F1A6A;\n    font-weight: 700;\n}\n.entry-content p{\n    font-family: system-ui !important;\n    font-size: 100%;\n    font-style: inherit;\n    font-weight: inherit;\n    padding: 0px !important;\n    vertical-align: baseline;\n    box-sizing: border-box;\n    margin-bottom: 10px;\n    line-height: 2.0;\n    color: black;\n}\nh1.entry-title {\n    display: none;\n}\nfooter.entry-footer {\n    display: none;\n}\n.page.boxed #content.site-content article, .page.contentbox #content.site-content article {\n    padding: 0;\n}\n.caldera-grid .col-sm-12 {\n    padding: 30px;\n}\n.imgs-header {\n    display: flex;\n    justify-content: space-between;\n}\n.test-logo{\n    max-width: 20%;\n    height: 20%;\n}\n.site-content #primary {\n    width: 100%;\n}\n.question-category {\n    background-color: #633b9f;\n    color: #ff7879;\n    padding: 2px;\n}\nfooter.entry-footer {\n    display: none;\n}\n.radio {\n    color: #f4b05a;\n}\n.page.boxed #content.site-content article, .page.contentbox #content.site-content article {\n    padding: 0;\n}\n.caldera-grid .col-sm-12 {\n    padding: 30px;\n}\n.imgs-header {\n    display: flex;\n    justify-content: space-between;\n}\n.test-logo{\n    max-width: 20%;\n    height: 20%;\n}\nh1.entry-title {\n    display: none;\n}\n.checkbox {\n    color: #f6b05a;\n}\ni {\n    font-size: 15px !important;\n    line-height: 50px !important;\n    color: #f4b05a;\n}\n.control-label {\n    color: #633b9f;\n    line-height: 40px !important;\n    font-size: 19px !important;\n    font-style: italic;\n}\n.site-content #primary {\n    width: 100%;\n}\nb{\n    color: #4F1A6A\n}\n.interacty_padding {\n    padding: 80.5% 0 0 0px !important;\n}\nh3.total-line {\n    display: none;\n}\ndiv > h1 > b {\n    color: #ff5052;\n}\n.control-label {\n    color: #633b9f;\n}\n.caldera-grid label {\n    font-weight: 700;\n    font-size: 16px;\n    line-height: 30px;\n}\n.entry-content p {\n    margin-bottom: 10px;\n    line-height: 2.0;\n    color: black;\n}\n.buttons{\n    display: flex;\n    justify-content: space-evenly;\n}\n<\/style>\n<div class=\"imgs-header\">\n<img loading=\"lazy\" src=\"http:\/\/becomewomancoder.eu\/wp-content\/uploads\/2020\/11\/logo.png\" alt=\"\" style=\"padding: 1%;\" width=\"4717\" height=\"1999\" class=\"test-logo\"\/><br \/>\n<img loading=\"lazy\" src=\"http:\/\/becomewomancoder.eu\/wp-content\/uploads\/2021\/08\/Immagine-2022-08-29-103903.jpg\" alt=\"\" style=\"max-width: 13%;\" width=\"4717\" height=\"1999\" class=\"hexagons\"\/>\n<\/div>\n<div class=\"entry-content\" style=\"padding: 25px !important;\" >\n<h2>Aby rozpocz\u0105\u0107 szkolenie dostosowane do Twoich potrzeb, wybierz sw\u00f3j profil poni\u017cej :<\/h2>\n<div class=\"buttons\">\n<a href=\"https:\/\/becomewomancoder.eu\/training\/\"><\/p>\n<div class=\"text-container\">\ndoradca zawodowy<\/p>\n<div class=\"button-container\">\n<img loading=\"lazy\" src=\"http:\/\/becomewomancoder.eu\/wp-content\/uploads\/2022\/09\/kobu-agency-7okkFhxrxNw-unsplash.jpg\" alt=\"\" width=\"2500\" height=\"1666\" class=\"alignnone size-full wp-image-615\" srcset=\"https:\/\/becomewomancoder.eu\/wp-content\/uploads\/2022\/09\/kobu-agency-7okkFhxrxNw-unsplash.jpg 2500w, https:\/\/becomewomancoder.eu\/wp-content\/uploads\/2022\/09\/kobu-agency-7okkFhxrxNw-unsplash-300x200.jpg 300w, https:\/\/becomewomancoder.eu\/wp-content\/uploads\/2022\/09\/kobu-agency-7okkFhxrxNw-unsplash-1024x682.jpg 1024w, https:\/\/becomewomancoder.eu\/wp-content\/uploads\/2022\/09\/kobu-agency-7okkFhxrxNw-unsplash-768x512.jpg 768w, https:\/\/becomewomancoder.eu\/wp-content\/uploads\/2022\/09\/kobu-agency-7okkFhxrxNw-unsplash-1536x1024.jpg 1536w, https:\/\/becomewomancoder.eu\/wp-content\/uploads\/2022\/09\/kobu-agency-7okkFhxrxNw-unsplash-2048x1365.jpg 2048w\" sizes=\"(max-width: 2500px) 100vw, 2500px\" \/>\n<\/div>\n<p><\/a>\n<\/div>\n<p><a href=\"https:\/\/becomewomancoder.eu\/women-test\/\"><\/p>\n<div class=\"text-container\">\nkobieta<\/p>\n<div class=\"button-container\">\n<img loading=\"lazy\" width=\"2500\" height=\"1666\" src=\"http:\/\/becomewomancoder.eu\/wp-content\/uploads\/2022\/09\/linkedin-sales-solutions-IjkIOe-2fF4-unsplash.jpg\" class=\"alignnone size-full wp-image-565\" srcset=\"https:\/\/becomewomancoder.eu\/wp-content\/uploads\/2022\/09\/linkedin-sales-solutions-IjkIOe-2fF4-unsplash.jpg 2500w, https:\/\/becomewomancoder.eu\/wp-content\/uploads\/2022\/09\/linkedin-sales-solutions-IjkIOe-2fF4-unsplash-300x200.jpg 300w, https:\/\/becomewomancoder.eu\/wp-content\/uploads\/2022\/09\/linkedin-sales-solutions-IjkIOe-2fF4-unsplash-1024x682.jpg 1024w, https:\/\/becomewomancoder.eu\/wp-content\/uploads\/2022\/09\/linkedin-sales-solutions-IjkIOe-2fF4-unsplash-768x512.jpg 768w, https:\/\/becomewomancoder.eu\/wp-content\/uploads\/2022\/09\/linkedin-sales-solutions-IjkIOe-2fF4-unsplash-1536x1024.jpg 1536w, https:\/\/becomewomancoder.eu\/wp-content\/uploads\/2022\/09\/linkedin-sales-solutions-IjkIOe-2fF4-unsplash-2048x1365.jpg 2048w\" sizes=\"(max-width: 2500px) 100vw, 2500px\" \/>\n<\/div>\n<p><\/a>\n<\/div>\n<p><a href=\"https:\/\/becomewomancoder.eu\/training-professionals\/\"><\/p>\n<div class=\"text-container\">\nSzkolenie zawodowe<\/p>\n<div class=\"button-container\">\n<img src=\"http:\/\/becomewomancoder.eu\/wp-content\/uploads\/2022\/09\/christina-wocintechchat-com-Q80LYxv_Tbs-unsplash-1.jpg\" class=\"alignnone size-full wp-image-579\" \/><\/div>\n<p><\/a><\/div>\n<\/div>\n<h1> <\/h1>\n<h2>Sk\u0105d takie przekwalifikowanie ?<\/h2>\n<h3>KORZY\u015aCI DLA KOBIET!<\/h3>\n<ul>\n<li>Wy\u017csze wynagrodzenie to pewna emerytura<\/li>\n<li>Dobre warunki zatrudnienia<\/li>\n<li>Jobs that make sense<\/li>\n<li>Praca zespo\u0142owa<\/li>\n<li>Szybkie i dost\u0119pne przekwalifikowanie<\/li>\n<li>Rekruterzy szukaj\u0105 kobiet<\/li>\n<li>Lepsze mo\u017cliwo\u015bci rozwoju zawodowego<\/li>\n<\/ul>\n<h3>KORZY\u015aCI SPO\u0141ECZNE<\/h3>\n<ul>\n<li>Bardziej widoczne kobiety w sektorze IT<\/li>\n<li>Narz\u0119dzia cyfrowe tworzone tak\u017ce przez kobiety<\/li>\n<li>Wi\u0119ksza sprawiedliwo\u015b\u0107 spo\u0142eczna<\/li>\n<li>R\u00f3wne mo\u017cliwo\u015bci dla wszystkich<\/li>\n<\/ul>\n<\/div>\n<div class=\"imgs-footer\">\n<img loading=\"lazy\" src=\"http:\/\/becomewomancoder.eu\/wp-content\/uploads\/2021\/08\/Immagine-2022-08-29-103903-1.jpg\" alt=\"\" style=\"max-width: 13%;\" width=\"4717\" height=\"1999\" class=\"hexagons\"\/>\n<\/div>\n<p><\/p>","protected":false},"excerpt":{"rendered":"<p>Aby rozpocz\u0105\u0107 szkolenie dostosowane do Twoich potrzeb, wybierz sw\u00f3j profil poni\u017cej : doradca zawodowy kobieta Szkolenie zawodowe Sk\u0105d takie przekwalifikowanie ? KORZY\u015aCI DLA KOBIET! Wy\u017csze wynagrodzenie to pewna emerytura Dobre warunki zatrudnienia Jobs that make sense Praca zespo\u0142owa Szybkie i dost\u0119pne przekwalifikowanie Rekruterzy szukaj\u0105 kobiet Lepsze mo\u017cliwo\u015bci rozwoju zawodowego KORZY\u015aCI SPO\u0141ECZNE Bardziej widoczne kobiety w &hellip;<\/p>\n<p class=\"read-more\"> <a class=\"\" href=\"https:\/\/becomewomancoder.eu\/pl\/start-your-training\/\"> <span class=\"screen-reader-text\">Rozpocznij szkolenie<\/span>Read More &raquo;<\/a><\/p>\n","protected":false},"author":1,"featured_media":0,"parent":0,"menu_order":0,"comment_status":"closed","ping_status":"closed","template":"","meta":{"_mi_skip_tracking":false},"_links":{"self":[{"href":"https:\/\/becomewomancoder.eu\/pl\/wp-json\/wp\/v2\/pages\/539"}],"collection":[{"href":"https:\/\/becomewomancoder.eu\/pl\/wp-json\/wp\/v2\/pages"}],"about":[{"href":"https:\/\/becomewomancoder.eu\/pl\/wp-json\/wp\/v2\/types\/page"}],"author":[{"embeddable":true,"href":"https:\/\/becomewomancoder.eu\/pl\/wp-json\/wp\/v2\/users\/1"}],"replies":[{"embeddable":true,"href":"https:\/\/becomewomancoder.eu\/pl\/wp-json\/wp\/v2\/comments?post=539"}],"version-history":[{"count":75,"href":"https:\/\/becomewomancoder.eu\/pl\/wp-json\/wp\/v2\/pages\/539\/revisions"}],"predecessor-version":[{"id":833,"href":"https:\/\/becomewomancoder.eu\/pl\/wp-json\/wp\/v2\/pages\/539\/revisions\/833"}],"wp:attachment":[{"href":"https:\/\/becomewomancoder.eu\/pl\/wp-json\/wp\/v2\/media?parent=539"}],"curies":[{"name":"wp","href":"https:\/\/api.w.org\/{rel}","templated":true}]}}