{"id":677,"date":"2022-09-27T09:18:47","date_gmt":"2022-09-27T09:18:47","guid":{"rendered":"http:\/\/becomewomancoder.eu\/?page_id=677"},"modified":"2022-11-28T15:00:02","modified_gmt":"2022-11-28T15:00:02","slug":"our-supporters","status":"publish","type":"page","link":"https:\/\/becomewomancoder.eu\/pl\/our-supporters\/","title":{"rendered":"Nasi sympatycy"},"content":{"rendered":"<p><\/p>\n<style>\n.logos {\n    width: 100%;\n    display: flex;\n    flex-wrap: wrap;\n    flex-direction: row;\n    justify-content: center;\n    margin-bottom: 80px;\n}\n.alignnone {\n    width: 215px;\n    padding: 15px;\n}\n.thankyou-title{\n    margin-top: -95px;\n    margin-bottom: 80px !important;\n    -webkit-text-size-adjust: 100%;\n    --wp-admin-theme-color: #007cba;\n    --wp-admin-theme-color-darker-10: #006ba1;\n    --wp-admin-theme-color-darker-20: #005a87;\n    -webkit-font-smoothing: antialiased;\n    text-rendering: optimizeLegibility;\n    visibility: visible;\n    font-family: system-ui !important;\n    border: 0;\n    font-style: inherit;\n    outline: 0;\n    vertical-align: baseline;\n    padding: 0;\n    font-weight: 500;\n    letter-spacing: 1px;\n    line-height: 1.2;\n    box-sizing: border-box;\n    color: #4F1A6A;\n    font-size: 2em;\n}\nb{\n    color: #4F1A6A;\n    font-weight: 700;\n}\n.entry-content p{\n    font-family: system-ui !important;\n    font-size: 100%;\n    font-style: inherit;\n    font-weight: inherit;\n    padding: 0px !important;\n    vertical-align: baseline;\n    box-sizing: border-box;\n    margin-bottom: 10px;\n    line-height: 2.0;\n    color: black;\n}\nh1.entry-title {\n    display: none;\n}\nfooter.entry-footer {\n    display: none;\n}\n.page.boxed #content.site-content article, .page.contentbox #content.site-content article {\n    padding: 0;\n}\n.caldera-grid .col-sm-12 {\n    padding: 30px;\n}\n.imgs-header {\n    display: flex;\n    justify-content: space-between;\n}\n.test-logo{\n    max-width: 20%;\n    height: 20%;\n}\n.site-content #primary {\n    width: 100%;\n}\n<\/style>\n<div class=\"imgs-header\"><img loading=\"lazy\" class=\"test-logo\" style=\"padding: 1%;\" src=\"http:\/\/becomewomancoder.eu\/wp-content\/uploads\/2020\/11\/logo.png\" alt=\"\" width=\"4717\" height=\"1999\" \/><br \/>\n<img loading=\"lazy\" style=\"max-width: 13%;\" src=\"http:\/\/becomewomancoder.eu\/wp-content\/uploads\/2021\/08\/Immagine-2022-08-29-103903.jpg\" alt=\"\" width=\"4717\" height=\"1999\" \/><\/div>\n<p><center><\/p>\n<h1 class=\"thankyou-title\">Nasi sympatycy<\/h1>\n<p><\/center><\/p>\n<div class=\"logos\">\n<!-- Input down here the logos --><br \/>\n<img loading=\"lazy\" src=\"http:\/\/becomewomancoder.eu\/wp-content\/uploads\/2020\/12\/mimmit_koodaa_pallo_turkoosi.png\" alt=\"\" width=\"500\" height=\"500\" class=\"alignnone size-full wp-image-119\" srcset=\"https:\/\/becomewomancoder.eu\/wp-content\/uploads\/2020\/12\/mimmit_koodaa_pallo_turkoosi.png 500w, https:\/\/becomewomancoder.eu\/wp-content\/uploads\/2020\/12\/mimmit_koodaa_pallo_turkoosi-300x300.png 300w, https:\/\/becomewomancoder.eu\/wp-content\/uploads\/2020\/12\/mimmit_koodaa_pallo_turkoosi-150x150.png 150w\" sizes=\"(max-width: 500px) 100vw, 500px\" \/><\/p>\n<p><img loading=\"lazy\" src=\"http:\/\/becomewomancoder.eu\/wp-content\/uploads\/2020\/12\/Logo-CJCONSEIL-01.png\" alt=\"\" width=\"500\" height=\"500\" class=\"alignnone size-full wp-image-121\" srcset=\"https:\/\/becomewomancoder.eu\/wp-content\/uploads\/2020\/12\/Logo-CJCONSEIL-01.png 500w, https:\/\/becomewomancoder.eu\/wp-content\/uploads\/2020\/12\/Logo-CJCONSEIL-01-300x300.png 300w, https:\/\/becomewomancoder.eu\/wp-content\/uploads\/2020\/12\/Logo-CJCONSEIL-01-150x150.png 150w\" sizes=\"(max-width: 500px) 100vw, 500px\" \/><\/p>\n<p><img loading=\"lazy\" src=\"http:\/\/becomewomancoder.eu\/wp-content\/uploads\/2020\/12\/Logo-HDGD-CMJN.png\" alt=\"\" width=\"500\" height=\"500\" class=\"alignnone size-full wp-image-123\" srcset=\"https:\/\/becomewomancoder.eu\/wp-content\/uploads\/2020\/12\/Logo-HDGD-CMJN.png 500w, https:\/\/becomewomancoder.eu\/wp-content\/uploads\/2020\/12\/Logo-HDGD-CMJN-300x300.png 300w, https:\/\/becomewomancoder.eu\/wp-content\/uploads\/2020\/12\/Logo-HDGD-CMJN-150x150.png 150w\" sizes=\"(max-width: 500px) 100vw, 500px\" \/><\/p>\n<p><img loading=\"lazy\" src=\"http:\/\/becomewomancoder.eu\/wp-content\/uploads\/2021\/01\/GGC_logo_white_lightgrey_background.png\" alt=\"\" width=\"800\" height=\"800\" class=\"alignnone size-full wp-image-170\" srcset=\"https:\/\/becomewomancoder.eu\/wp-content\/uploads\/2021\/01\/GGC_logo_white_lightgrey_background.png 800w, https:\/\/becomewomancoder.eu\/wp-content\/uploads\/2021\/01\/GGC_logo_white_lightgrey_background-300x300.png 300w, https:\/\/becomewomancoder.eu\/wp-content\/uploads\/2021\/01\/GGC_logo_white_lightgrey_background-150x150.png 150w, https:\/\/becomewomancoder.eu\/wp-content\/uploads\/2021\/01\/GGC_logo_white_lightgrey_background-768x768.png 768w, https:\/\/becomewomancoder.eu\/wp-content\/uploads\/2021\/01\/GGC_logo_white_lightgrey_background-640x640.png 640w\" sizes=\"(max-width: 800px) 100vw, 800px\" \/><\/p>\n<p><img loading=\"lazy\" src=\"http:\/\/becomewomancoder.eu\/wp-content\/uploads\/2022\/10\/Mihivai-FR.png\" alt=\"\" width=\"172\" height=\"163\" class=\"alignnone size-full wp-image-791\" \/><\/p>\n<p><img loading=\"lazy\" src=\"http:\/\/becomewomancoder.eu\/wp-content\/uploads\/2022\/11\/Wild-Code-School.png\" alt=\"\" width=\"500\" height=\"500\" class=\"alignnone size-full wp-image-860\" \/><\/p>\n<p><img loading=\"lazy\" src=\"http:\/\/becomewomancoder.eu\/wp-content\/uploads\/2022\/11\/CIDFF.png\" alt=\"\" width=\"500\" height=\"500\" class=\"alignnone size-full wp-image-861\" \/><br \/>\n<!-- Input up here the logos -->\n<\/div>\n<div class=\"imgs-footer\" style=\"display: flex\">\n<img loading=\"lazy\" style=\"max-width: 13%;\" src=\"http:\/\/becomewomancoder.eu\/wp-content\/uploads\/2021\/08\/Immagine-2022-08-29-103903-1.jpg\" alt=\"\" width=\"4717\" height=\"1999\" \/><\/p>\n<div class=\"entry-content\" style=\"text-align: center; padding: 25px !important; margin-top: 25px; width: 75%; font-size: 20px;\">\n<p>Je\u015bli r\u00f3wnie\u017c chcesz nas wesprze\u0107, to tutaj: <a href=\"https:\/\/becomewomancoder.eu\/letter-of-intent\/\">https:\/\/becomewomancoder.eu\/letter-of-intent\/<\/a><\/p>\n<\/div>\n<\/div>\n<p><\/p>","protected":false},"excerpt":{"rendered":"<p>Nasi sympatycy Je\u015bli r\u00f3wnie\u017c chcesz nas wesprze\u0107, to tutaj: https:\/\/becomewomancoder.eu\/letter-of-intent\/<\/p>\n","protected":false},"author":1,"featured_media":0,"parent":0,"menu_order":0,"comment_status":"closed","ping_status":"closed","template":"","meta":{"_mi_skip_tracking":false},"_links":{"self":[{"href":"https:\/\/becomewomancoder.eu\/pl\/wp-json\/wp\/v2\/pages\/677"}],"collection":[{"href":"https:\/\/becomewomancoder.eu\/pl\/wp-json\/wp\/v2\/pages"}],"about":[{"href":"https:\/\/becomewomancoder.eu\/pl\/wp-json\/wp\/v2\/types\/page"}],"author":[{"embeddable":true,"href":"https:\/\/becomewomancoder.eu\/pl\/wp-json\/wp\/v2\/users\/1"}],"replies":[{"embeddable":true,"href":"https:\/\/becomewomancoder.eu\/pl\/wp-json\/wp\/v2\/comments?post=677"}],"version-history":[{"count":34,"href":"https:\/\/becomewomancoder.eu\/pl\/wp-json\/wp\/v2\/pages\/677\/revisions"}],"predecessor-version":[{"id":862,"href":"https:\/\/becomewomancoder.eu\/pl\/wp-json\/wp\/v2\/pages\/677\/revisions\/862"}],"wp:attachment":[{"href":"https:\/\/becomewomancoder.eu\/pl\/wp-json\/wp\/v2\/media?parent=677"}],"curies":[{"name":"wp","href":"https:\/\/api.w.org\/{rel}","templated":true}]}}